{"id":53733,"date":"2019-08-02T12:46:29","date_gmt":"2019-08-02T09:46:29","guid":{"rendered":"https:\/\/rodoaed.ee\/toode\/kehto-tai-suuri-seinahylly-50x9x309cm\/"},"modified":"2026-04-13T11:10:52","modified_gmt":"2026-04-13T08:10:52","slug":"kehto-tai-suuri-seinahylly-50x9x309cm","status":"publish","type":"product","link":"https:\/\/rodoaed.ee\/fi\/tuote\/kehto-tai-suuri-seinahylly-50x9x309cm\/","title":{"rendered":"Kehto tai suuri sein\u00e4hylly 50x9x309cm"},"content":{"rendered":"<h2>Kasvihuoneen sis\u00e4\u00e4nrakennettu sein\u00e4hylly ja kasvualusta, jonka mitat ovat 50x309cm ja reunan korkeus 9cm.<\/h2>\n<p>Pohjan leveys sein\u00e4st\u00e4 on 50 cm ja reunan korkeus 9 cm. Se on enemm\u00e4nkin istutusastia kuin hylly. Jalusta tilataan kasvihuoneen pituuden mukaan ja se sijoitetaan joko koko sein\u00e4n pituudelle tai esimerkiksi koko p\u00e4\u00e4tysein\u00e4n leveydelle.  <\/p>\n<h2>RAL maalattu<\/h2>\n<p>Kasvihuonehylly on oletusarvoisesti matta-alumiinia, mutta se voidaan my\u00f6s tilata pulverimaalattuna RAL-v\u00e4reiss\u00e4 (9010, 8019, 5010, 7016, 6005, 3005, 6009 ja 3011). Kysy hinta kokosi mukaan. <\/p>\n<p><a href=\"https:\/\/rodoaed.ee\/fi\/\">kotisivu<\/a> <a href=\"https:\/\/rodoaed.ee\/tootekategooria\/kasvuhooned-ja-talveaiad\/\">k\u00e4ynnist\u00e4<\/a> <a href=\"https:\/\/rodoaed.ee\/fi\/tootekategooria\/euro-serren-kasvihuoneet\/\">Euro-Serre<\/a><\/p>\n<p>&nbsp;<\/p>\n","protected":false},"excerpt":{"rendered":"<p>Kasvihuoneen sis\u00e4\u00e4nrakennettu sein\u00e4hylly ja kasvualusta, jonka mitat ovat 50x309cm ja reunan korkeus 9cm. Pohjan leveys sein\u00e4st\u00e4 on 50 cm ja reunan korkeus 9 cm. Se on enemm\u00e4nkin istutusastia kuin hylly. Jalusta tilataan kasvihuoneen pituuden mukaan ja se sijoitetaan joko koko sein\u00e4n pituudelle tai esimerkiksi koko p\u00e4\u00e4tysein\u00e4n leveydelle. RAL maalattu Kasvihuonehylly on oletusarvoisesti matta-alumiinia, mutta se voidaan my\u00f6s tilata pulverimaalattuna RAL-v\u00e4reiss\u00e4 (9010, 8019, 5010, 7016, 6005,&#8230;<\/p>\n","protected":false},"featured_media":18800,"template":"","meta":{"_acf_changed":false},"product_brand":[],"product_cat":[1907,2272],"product_tag":[],"class_list":{"0":"post-53733","1":"product","2":"type-product","3":"status-publish","4":"has-post-thumbnail","6":"product_cat-euro-serren-kasvihuoneet","7":"product_cat-euro-serre-kasvihuonetarvikkeet","8":"pa_variatsioon-kehto-tai-suuri-seinahylly-50x9x309cm","10":"first","11":"instock","12":"taxable","13":"shipping-taxable","14":"purchasable","15":"product-type-simple"},"acf":[],"yoast_head":"<!-- This site is optimized with the Yoast SEO Premium plugin v27.3 (Yoast SEO v27.3) - https:\/\/yoast.com\/product\/yoast-seo-premium-wordpress\/ -->\n<title>Kehto tai suuri sein\u00e4hylly 50x9x309cm - Rodoaed<\/title>\n<meta name=\"robots\" content=\"index, follow, max-snippet:-1, max-image-preview:large, max-video-preview:-1\" \/>\n<link rel=\"canonical\" href=\"https:\/\/rodoaed.ee\/fi\/toode\/kehto-tai-suuri-seinahylly-50x9x309cm\/\" \/>\n<meta property=\"og:locale\" content=\"fi_FI\" \/>\n<meta property=\"og:type\" content=\"article\" \/>\n<meta property=\"og:title\" content=\"Kehto tai suuri sein\u00e4hylly 50x9x309cm\" \/>\n<meta property=\"og:description\" content=\"Kasvihuoneen sis\u00e4\u00e4nrakennettu sein\u00e4hylly ja kasvualusta, jonka mitat ovat 50x309cm ja reunan korkeus 9cm. Pohjan leveys sein\u00e4st\u00e4 on 50 cm ja reunan\" \/>\n<meta property=\"og:url\" content=\"https:\/\/rodoaed.ee\/fi\/toode\/kehto-tai-suuri-seinahylly-50x9x309cm\/\" \/>\n<meta property=\"og:site_name\" content=\"Rodoaed\" \/>\n<meta property=\"article:publisher\" content=\"https:\/\/www.facebook.com\/kasvuhooned\/\" \/>\n<meta property=\"article:modified_time\" content=\"2026-04-13T08:10:52+00:00\" \/>\n<meta property=\"og:image\" content=\"https:\/\/rodoaed.ee\/wp-content\/uploads\/2019\/07\/Serre_seina-riiul.jpg\" \/>\n\t<meta property=\"og:image:width\" content=\"552\" \/>\n\t<meta property=\"og:image:height\" content=\"414\" \/>\n\t<meta property=\"og:image:type\" content=\"image\/jpeg\" \/>\n<meta name=\"twitter:card\" content=\"summary_large_image\" \/>\n<script type=\"application\/ld+json\" class=\"yoast-schema-graph\">{\"@context\":\"https:\\\/\\\/schema.org\",\"@graph\":[{\"@type\":\"WebPage\",\"@id\":\"https:\\\/\\\/rodoaed.ee\\\/fi\\\/toode\\\/kehto-tai-suuri-seinahylly-50x9x309cm\\\/\",\"url\":\"https:\\\/\\\/rodoaed.ee\\\/fi\\\/toode\\\/kehto-tai-suuri-seinahylly-50x9x309cm\\\/\",\"name\":\"Kehto tai suuri sein\u00e4hylly 50x9x309cm - Rodoaed\",\"isPartOf\":{\"@id\":\"https:\\\/\\\/rodoaed.ee\\\/#website\"},\"primaryImageOfPage\":{\"@id\":\"https:\\\/\\\/rodoaed.ee\\\/fi\\\/toode\\\/kehto-tai-suuri-seinahylly-50x9x309cm\\\/#primaryimage\"},\"image\":{\"@id\":\"https:\\\/\\\/rodoaed.ee\\\/fi\\\/toode\\\/kehto-tai-suuri-seinahylly-50x9x309cm\\\/#primaryimage\"},\"thumbnailUrl\":\"https:\\\/\\\/rodoaed.ee\\\/wp-content\\\/uploads\\\/2019\\\/07\\\/Serre_seina-riiul.jpg\",\"datePublished\":\"2019-08-02T09:46:29+00:00\",\"dateModified\":\"2026-04-13T08:10:52+00:00\",\"breadcrumb\":{\"@id\":\"https:\\\/\\\/rodoaed.ee\\\/fi\\\/toode\\\/kehto-tai-suuri-seinahylly-50x9x309cm\\\/#breadcrumb\"},\"inLanguage\":\"fi\",\"potentialAction\":[{\"@type\":\"ReadAction\",\"target\":[\"https:\\\/\\\/rodoaed.ee\\\/fi\\\/toode\\\/kehto-tai-suuri-seinahylly-50x9x309cm\\\/\"]}]},{\"@type\":\"ImageObject\",\"inLanguage\":\"fi\",\"@id\":\"https:\\\/\\\/rodoaed.ee\\\/fi\\\/toode\\\/kehto-tai-suuri-seinahylly-50x9x309cm\\\/#primaryimage\",\"url\":\"https:\\\/\\\/rodoaed.ee\\\/wp-content\\\/uploads\\\/2019\\\/07\\\/Serre_seina-riiul.jpg\",\"contentUrl\":\"https:\\\/\\\/rodoaed.ee\\\/wp-content\\\/uploads\\\/2019\\\/07\\\/Serre_seina-riiul.jpg\",\"width\":552,\"height\":414},{\"@type\":\"BreadcrumbList\",\"@id\":\"https:\\\/\\\/rodoaed.ee\\\/fi\\\/toode\\\/kehto-tai-suuri-seinahylly-50x9x309cm\\\/#breadcrumb\",\"itemListElement\":[{\"@type\":\"ListItem\",\"position\":1,\"name\":\"Home\",\"item\":\"https:\\\/\\\/rodoaed.ee\\\/fi\\\/\"},{\"@type\":\"ListItem\",\"position\":2,\"name\":\"Osta osoitteessa\",\"item\":\"https:\\\/\\\/rodoaed.ee\\\/osta-osoitteessa\\\/\"},{\"@type\":\"ListItem\",\"position\":3,\"name\":\"Kehto tai suuri sein\u00e4hylly 50x9x309cm\"}]},{\"@type\":\"WebSite\",\"@id\":\"https:\\\/\\\/rodoaed.ee\\\/#website\",\"url\":\"https:\\\/\\\/rodoaed.ee\\\/\",\"name\":\"Rodoaed\",\"description\":\"\",\"publisher\":{\"@id\":\"https:\\\/\\\/rodoaed.ee\\\/#organization\"},\"potentialAction\":[{\"@type\":\"SearchAction\",\"target\":{\"@type\":\"EntryPoint\",\"urlTemplate\":\"https:\\\/\\\/rodoaed.ee\\\/?s={search_term_string}\"},\"query-input\":{\"@type\":\"PropertyValueSpecification\",\"valueRequired\":true,\"valueName\":\"search_term_string\"}}],\"inLanguage\":\"fi\"},{\"@type\":\"Organization\",\"@id\":\"https:\\\/\\\/rodoaed.ee\\\/#organization\",\"name\":\"Rodoaed\",\"url\":\"https:\\\/\\\/rodoaed.ee\\\/\",\"logo\":{\"@type\":\"ImageObject\",\"inLanguage\":\"fi\",\"@id\":\"https:\\\/\\\/rodoaed.ee\\\/#\\\/schema\\\/logo\\\/image\\\/\",\"url\":\"https:\\\/\\\/rodoaed.ee\\\/wp-content\\\/uploads\\\/2019\\\/11\\\/rodoaed-logo-ilma-taustata.jpg\",\"contentUrl\":\"https:\\\/\\\/rodoaed.ee\\\/wp-content\\\/uploads\\\/2019\\\/11\\\/rodoaed-logo-ilma-taustata.jpg\",\"width\":769,\"height\":268,\"caption\":\"Rodoaed\"},\"image\":{\"@id\":\"https:\\\/\\\/rodoaed.ee\\\/#\\\/schema\\\/logo\\\/image\\\/\"},\"sameAs\":[\"https:\\\/\\\/www.facebook.com\\\/kasvuhooned\\\/\",\"https:\\\/\\\/rodoaed.ee\"]}]}<\/script>\n<!-- \/ Yoast SEO Premium plugin. -->","yoast_head_json":{"title":"Kehto tai suuri sein\u00e4hylly 50x9x309cm - Rodoaed","robots":{"index":"index","follow":"follow","max-snippet":"max-snippet:-1","max-image-preview":"max-image-preview:large","max-video-preview":"max-video-preview:-1"},"canonical":"https:\/\/rodoaed.ee\/fi\/toode\/kehto-tai-suuri-seinahylly-50x9x309cm\/","og_locale":"fi_FI","og_type":"article","og_title":"Kehto tai suuri sein\u00e4hylly 50x9x309cm","og_description":"Kasvihuoneen sis\u00e4\u00e4nrakennettu sein\u00e4hylly ja kasvualusta, jonka mitat ovat 50x309cm ja reunan korkeus 9cm. Pohjan leveys sein\u00e4st\u00e4 on 50 cm ja reunan","og_url":"https:\/\/rodoaed.ee\/fi\/toode\/kehto-tai-suuri-seinahylly-50x9x309cm\/","og_site_name":"Rodoaed","article_publisher":"https:\/\/www.facebook.com\/kasvuhooned\/","article_modified_time":"2026-04-13T08:10:52+00:00","og_image":[{"width":552,"height":414,"url":"https:\/\/rodoaed.ee\/wp-content\/uploads\/2019\/07\/Serre_seina-riiul.jpg","type":"image\/jpeg"}],"twitter_card":"summary_large_image","schema":{"@context":"https:\/\/schema.org","@graph":[{"@type":"WebPage","@id":"https:\/\/rodoaed.ee\/fi\/toode\/kehto-tai-suuri-seinahylly-50x9x309cm\/","url":"https:\/\/rodoaed.ee\/fi\/toode\/kehto-tai-suuri-seinahylly-50x9x309cm\/","name":"Kehto tai suuri sein\u00e4hylly 50x9x309cm - Rodoaed","isPartOf":{"@id":"https:\/\/rodoaed.ee\/#website"},"primaryImageOfPage":{"@id":"https:\/\/rodoaed.ee\/fi\/toode\/kehto-tai-suuri-seinahylly-50x9x309cm\/#primaryimage"},"image":{"@id":"https:\/\/rodoaed.ee\/fi\/toode\/kehto-tai-suuri-seinahylly-50x9x309cm\/#primaryimage"},"thumbnailUrl":"https:\/\/rodoaed.ee\/wp-content\/uploads\/2019\/07\/Serre_seina-riiul.jpg","datePublished":"2019-08-02T09:46:29+00:00","dateModified":"2026-04-13T08:10:52+00:00","breadcrumb":{"@id":"https:\/\/rodoaed.ee\/fi\/toode\/kehto-tai-suuri-seinahylly-50x9x309cm\/#breadcrumb"},"inLanguage":"fi","potentialAction":[{"@type":"ReadAction","target":["https:\/\/rodoaed.ee\/fi\/toode\/kehto-tai-suuri-seinahylly-50x9x309cm\/"]}]},{"@type":"ImageObject","inLanguage":"fi","@id":"https:\/\/rodoaed.ee\/fi\/toode\/kehto-tai-suuri-seinahylly-50x9x309cm\/#primaryimage","url":"https:\/\/rodoaed.ee\/wp-content\/uploads\/2019\/07\/Serre_seina-riiul.jpg","contentUrl":"https:\/\/rodoaed.ee\/wp-content\/uploads\/2019\/07\/Serre_seina-riiul.jpg","width":552,"height":414},{"@type":"BreadcrumbList","@id":"https:\/\/rodoaed.ee\/fi\/toode\/kehto-tai-suuri-seinahylly-50x9x309cm\/#breadcrumb","itemListElement":[{"@type":"ListItem","position":1,"name":"Home","item":"https:\/\/rodoaed.ee\/fi\/"},{"@type":"ListItem","position":2,"name":"Osta osoitteessa","item":"https:\/\/rodoaed.ee\/osta-osoitteessa\/"},{"@type":"ListItem","position":3,"name":"Kehto tai suuri sein\u00e4hylly 50x9x309cm"}]},{"@type":"WebSite","@id":"https:\/\/rodoaed.ee\/#website","url":"https:\/\/rodoaed.ee\/","name":"Rodoaed","description":"","publisher":{"@id":"https:\/\/rodoaed.ee\/#organization"},"potentialAction":[{"@type":"SearchAction","target":{"@type":"EntryPoint","urlTemplate":"https:\/\/rodoaed.ee\/?s={search_term_string}"},"query-input":{"@type":"PropertyValueSpecification","valueRequired":true,"valueName":"search_term_string"}}],"inLanguage":"fi"},{"@type":"Organization","@id":"https:\/\/rodoaed.ee\/#organization","name":"Rodoaed","url":"https:\/\/rodoaed.ee\/","logo":{"@type":"ImageObject","inLanguage":"fi","@id":"https:\/\/rodoaed.ee\/#\/schema\/logo\/image\/","url":"https:\/\/rodoaed.ee\/wp-content\/uploads\/2019\/11\/rodoaed-logo-ilma-taustata.jpg","contentUrl":"https:\/\/rodoaed.ee\/wp-content\/uploads\/2019\/11\/rodoaed-logo-ilma-taustata.jpg","width":769,"height":268,"caption":"Rodoaed"},"image":{"@id":"https:\/\/rodoaed.ee\/#\/schema\/logo\/image\/"},"sameAs":["https:\/\/www.facebook.com\/kasvuhooned\/","https:\/\/rodoaed.ee"]}]}},"_links":{"self":[{"href":"https:\/\/rodoaed.ee\/fi\/wp-json\/wp\/v2\/product\/53733","targetHints":{"allow":["GET"]}}],"collection":[{"href":"https:\/\/rodoaed.ee\/fi\/wp-json\/wp\/v2\/product"}],"about":[{"href":"https:\/\/rodoaed.ee\/fi\/wp-json\/wp\/v2\/types\/product"}],"wp:featuredmedia":[{"embeddable":true,"href":"https:\/\/rodoaed.ee\/fi\/wp-json\/wp\/v2\/media\/18800"}],"wp:attachment":[{"href":"https:\/\/rodoaed.ee\/fi\/wp-json\/wp\/v2\/media?parent=53733"}],"wp:term":[{"taxonomy":"product_brand","embeddable":true,"href":"https:\/\/rodoaed.ee\/fi\/wp-json\/wp\/v2\/product_brand?post=53733"},{"taxonomy":"product_cat","embeddable":true,"href":"https:\/\/rodoaed.ee\/fi\/wp-json\/wp\/v2\/product_cat?post=53733"},{"taxonomy":"product_tag","embeddable":true,"href":"https:\/\/rodoaed.ee\/fi\/wp-json\/wp\/v2\/product_tag?post=53733"}],"curies":[{"name":"wp","href":"https:\/\/api.w.org\/{rel}","templated":true}]}}