{"id":53736,"date":"2019-08-02T12:46:29","date_gmt":"2019-08-02T09:46:29","guid":{"rendered":"https:\/\/rodoaed.ee\/toode\/helppo-kasvien-kastelu-keraamisella-anturilla-ja-letkulla-3-kpl\/"},"modified":"2026-04-13T11:10:57","modified_gmt":"2026-04-13T08:10:57","slug":"helppo-kasvien-kastelu-keraamisella-anturilla-ja-letkulla-3-kpl","status":"publish","type":"product","link":"https:\/\/rodoaed.ee\/fi\/tuote\/helppo-kasvien-kastelu-keraamisella-anturilla-ja-letkulla-3-kpl\/","title":{"rendered":"Helppo kasvien kastelu &#8211; keraamisella anturilla ja letkulla, 3 kpl"},"content":{"rendered":"<h2>Vapauta itsesi velvoitteista ja kasvit janosta!<\/h2>\n<p><strong>Kuka kastelee kasvit, kun olet lomalla?<\/strong><\/p>\n<div>\n<h2>Yksinkertainen j\u00e4rjestelm\u00e4 kasvien lyhytaikaiseen kasteluun sis\u00e4tiloissa, parvekkeella tai terassilla.<\/h2>\n<p>Se toimii it\u00e4valtalaisen patentoidun hienokeraamisen teknologian pohjalta, joka p\u00e4\u00e4st\u00e4\u00e4 kosteuden hallitusti l\u00e4pi. Kukkaruukkuun kytketty keraaminen anturi imee vett\u00e4 sivuun asetetusta s\u00e4ili\u00f6st\u00e4. Astia voi olla mik\u00e4 tahansa purkki tai astia. Valitse astian koko maun ja tarpeen mukaan.   <\/p>\n<p>Samankaltainen kasteluj\u00e4rjestelm\u00e4, jossa on keraamiset kartiot, joihin vesipullo asetetaan. T\u00e4ss\u00e4 tapauksessa pullon sijasta on kasteluletku, jossa on metallisuutin, joka ty\u00f6nnet\u00e4\u00e4n vesis\u00e4ili\u00f6\u00f6n. T\u00e4m\u00e4 j\u00e4rjestelm\u00e4 on viel\u00e4kin k\u00e4tev\u00e4mpi, koska voit aina lis\u00e4t\u00e4 vett\u00e4 avoimeen s\u00e4ili\u00f6\u00f6n irrottamatta kartiota maaper\u00e4st\u00e4. Sen etuna on my\u00f6s se, ett\u00e4 voit lis\u00e4t\u00e4 s\u00e4ili\u00f6n rajattomalla kapasiteetilla riippuen siit\u00e4, kuinka kauan aiot olla poissa tai kuinka kauan haluat olla vapaa kasteluongelmista.   <\/p>\n<p>Jos aiot l\u00e4hte\u00e4 lomalle tai vain v\u00e4ltt\u00e4\u00e4 kastelua, voit karkeasti laskea, ett\u00e4 0,2 litraa riitt\u00e4\u00e4 keskivertokasville noin 24 tunniksi ja 2 litraa vett\u00e4 astiassa riitt\u00e4\u00e4 noin 10 p\u00e4iv\u00e4ksi riippuen kasvin vedentarpeesta.<\/p>\n<p><strong>Eritt\u00e4in helppo asentaa ja eritt\u00e4in k\u00e4tev\u00e4 k\u00e4ytt\u00e4\u00e4. Eritt\u00e4in luotettava. <\/strong><\/p>\n<p>&nbsp;<\/p>\n<p>Toimitetaan 3 keraamisen anturin ja kasteluletkun kanssa.<\/p>\n<p><a href=\"https:\/\/rodoaed.ee\/fi\/\">kotisivu<\/a> <a href=\"https:\/\/rodoaed.ee\/tootekategooria\/kasvuhooned-ja-talveaiad\/\">k\u00e4ynnist\u00e4<\/a> <a href=\"https:\/\/rodoaed.ee\/fi\/tootekategooria\/kasvihuoneen-tarvikkeet\/\">tarvikkeet<\/a> <a href=\"https:\/\/rodoaed.ee\/fi\/tootekategooria\/kasvihuoneen-tarvikkeet\/kasvihuoneen-kastelu\/\">kastelu<\/a> <a href=\"https:\/\/rodoaed.ee\/?post_type=product&#038;p=22828\">suuri Blumat<\/a><\/p>\n<p>&nbsp;<\/p>\n<\/div>\n<p>&nbsp;<\/p>\n<p>&nbsp;<\/p>\n","protected":false},"excerpt":{"rendered":"<p>Vapauta itsesi velvoitteista ja kasvit janosta! Kuka kastelee kasvit, kun olet lomalla? Yksinkertainen j\u00e4rjestelm\u00e4 kasvien lyhytaikaiseen kasteluun sis\u00e4tiloissa, parvekkeella tai terassilla. Se toimii it\u00e4valtalaisen patentoidun hienokeraamisen teknologian pohjalta, joka p\u00e4\u00e4st\u00e4\u00e4 kosteuden hallitusti l\u00e4pi. Kukkaruukkuun kytketty keraaminen anturi imee vett\u00e4 sivuun asetetusta s\u00e4ili\u00f6st\u00e4. Astia voi olla mik\u00e4 tahansa purkki tai astia. Valitse astian koko maun ja tarpeen mukaan. Samankaltainen kasteluj\u00e4rjestelm\u00e4, jossa on keraamiset kartiot, joihin vesipullo&#8230;<\/p>\n","protected":false},"featured_media":48034,"template":"","meta":{"_acf_changed":false},"product_brand":[],"product_cat":[1866,1984,1987,1869,1833,1743],"product_tag":[],"class_list":{"0":"post-53736","1":"product","2":"type-product","3":"status-publish","4":"has-post-thumbnail","6":"product_cat-huonekasvien-ja-ikkunalaatikoiden-kastelu","7":"product_cat-kastijarjestelmat","8":"product_cat-kasvihuoneen-kastelu","9":"product_cat-kasvihuoneen-tarvikkeet","10":"product_cat-lahjat-naisille","11":"product_cat-lisalahjat-lahjat","12":"product_shipping_class-toimitus-1-3-tyopaivan-kuluessa","13":"pa_variatsioon-helppo-kasvien-kastelu-keraamisella-anturilla-ja-letkulla-3-kpl","15":"first","16":"instock","17":"taxable","18":"shipping-taxable","19":"purchasable","20":"product-type-simple"},"acf":[],"yoast_head":"<!-- This site is optimized with the Yoast SEO Premium plugin v27.3 (Yoast SEO v27.3) - https:\/\/yoast.com\/product\/yoast-seo-premium-wordpress\/ -->\n<title>Helppo kasvien kastelu - keraamisella anturilla ja letkulla, 3 kpl - Rodoaed<\/title>\n<meta name=\"robots\" content=\"index, follow, max-snippet:-1, max-image-preview:large, max-video-preview:-1\" \/>\n<link rel=\"canonical\" href=\"https:\/\/rodoaed.ee\/fi\/toode\/helppo-kasvien-kastelu-keraamisella-anturilla-ja-letkulla-3-kpl\/\" \/>\n<meta property=\"og:locale\" content=\"fi_FI\" \/>\n<meta property=\"og:type\" content=\"article\" \/>\n<meta property=\"og:title\" content=\"Helppo kasvien kastelu - keraamisella anturilla ja letkulla, 3 kpl\" \/>\n<meta property=\"og:description\" content=\"Vapauta itsesi velvoitteista ja kasvit janosta! Kuka kastelee kasvit, kun olet lomalla? Yksinkertainen j\u00e4rjestelm\u00e4 kasvien lyhytaikaiseen kasteluun\" \/>\n<meta property=\"og:url\" content=\"https:\/\/rodoaed.ee\/fi\/toode\/helppo-kasvien-kastelu-keraamisella-anturilla-ja-letkulla-3-kpl\/\" \/>\n<meta property=\"og:site_name\" content=\"Rodoaed\" \/>\n<meta property=\"article:publisher\" content=\"https:\/\/www.facebook.com\/kasvuhooned\/\" \/>\n<meta property=\"article:modified_time\" content=\"2026-04-13T08:10:57+00:00\" \/>\n<meta property=\"og:image\" content=\"https:\/\/rodoaed.ee\/wp-content\/uploads\/2019\/08\/toataime-kastja-voolikuga_10308_5.jpg\" \/>\n\t<meta property=\"og:image:width\" content=\"1003\" \/>\n\t<meta property=\"og:image:height\" content=\"1003\" \/>\n\t<meta property=\"og:image:type\" content=\"image\/jpeg\" \/>\n<meta name=\"twitter:card\" content=\"summary_large_image\" \/>\n<meta name=\"twitter:label1\" content=\"Arvioitu lukuaika\" \/>\n\t<meta name=\"twitter:data1\" content=\"1 minuutti\" \/>\n<script type=\"application\/ld+json\" class=\"yoast-schema-graph\">{\"@context\":\"https:\\\/\\\/schema.org\",\"@graph\":[{\"@type\":\"WebPage\",\"@id\":\"https:\\\/\\\/rodoaed.ee\\\/fi\\\/toode\\\/helppo-kasvien-kastelu-keraamisella-anturilla-ja-letkulla-3-kpl\\\/\",\"url\":\"https:\\\/\\\/rodoaed.ee\\\/fi\\\/toode\\\/helppo-kasvien-kastelu-keraamisella-anturilla-ja-letkulla-3-kpl\\\/\",\"name\":\"Helppo kasvien kastelu - keraamisella anturilla ja letkulla, 3 kpl - Rodoaed\",\"isPartOf\":{\"@id\":\"https:\\\/\\\/rodoaed.ee\\\/#website\"},\"primaryImageOfPage\":{\"@id\":\"https:\\\/\\\/rodoaed.ee\\\/fi\\\/toode\\\/helppo-kasvien-kastelu-keraamisella-anturilla-ja-letkulla-3-kpl\\\/#primaryimage\"},\"image\":{\"@id\":\"https:\\\/\\\/rodoaed.ee\\\/fi\\\/toode\\\/helppo-kasvien-kastelu-keraamisella-anturilla-ja-letkulla-3-kpl\\\/#primaryimage\"},\"thumbnailUrl\":\"https:\\\/\\\/rodoaed.ee\\\/wp-content\\\/uploads\\\/2019\\\/08\\\/toataime-kastja-voolikuga_10308_5.jpg\",\"datePublished\":\"2019-08-02T09:46:29+00:00\",\"dateModified\":\"2026-04-13T08:10:57+00:00\",\"breadcrumb\":{\"@id\":\"https:\\\/\\\/rodoaed.ee\\\/fi\\\/toode\\\/helppo-kasvien-kastelu-keraamisella-anturilla-ja-letkulla-3-kpl\\\/#breadcrumb\"},\"inLanguage\":\"fi\",\"potentialAction\":[{\"@type\":\"ReadAction\",\"target\":[\"https:\\\/\\\/rodoaed.ee\\\/fi\\\/toode\\\/helppo-kasvien-kastelu-keraamisella-anturilla-ja-letkulla-3-kpl\\\/\"]}]},{\"@type\":\"ImageObject\",\"inLanguage\":\"fi\",\"@id\":\"https:\\\/\\\/rodoaed.ee\\\/fi\\\/toode\\\/helppo-kasvien-kastelu-keraamisella-anturilla-ja-letkulla-3-kpl\\\/#primaryimage\",\"url\":\"https:\\\/\\\/rodoaed.ee\\\/wp-content\\\/uploads\\\/2019\\\/08\\\/toataime-kastja-voolikuga_10308_5.jpg\",\"contentUrl\":\"https:\\\/\\\/rodoaed.ee\\\/wp-content\\\/uploads\\\/2019\\\/08\\\/toataime-kastja-voolikuga_10308_5.jpg\",\"width\":1003,\"height\":1003},{\"@type\":\"BreadcrumbList\",\"@id\":\"https:\\\/\\\/rodoaed.ee\\\/fi\\\/toode\\\/helppo-kasvien-kastelu-keraamisella-anturilla-ja-letkulla-3-kpl\\\/#breadcrumb\",\"itemListElement\":[{\"@type\":\"ListItem\",\"position\":1,\"name\":\"Home\",\"item\":\"https:\\\/\\\/rodoaed.ee\\\/fi\\\/\"},{\"@type\":\"ListItem\",\"position\":2,\"name\":\"Osta osoitteessa\",\"item\":\"https:\\\/\\\/rodoaed.ee\\\/osta-osoitteessa\\\/\"},{\"@type\":\"ListItem\",\"position\":3,\"name\":\"Helppo kasvien kastelu &#8211; keraamisella anturilla ja letkulla, 3 kpl\"}]},{\"@type\":\"WebSite\",\"@id\":\"https:\\\/\\\/rodoaed.ee\\\/#website\",\"url\":\"https:\\\/\\\/rodoaed.ee\\\/\",\"name\":\"Rodoaed\",\"description\":\"\",\"publisher\":{\"@id\":\"https:\\\/\\\/rodoaed.ee\\\/#organization\"},\"potentialAction\":[{\"@type\":\"SearchAction\",\"target\":{\"@type\":\"EntryPoint\",\"urlTemplate\":\"https:\\\/\\\/rodoaed.ee\\\/?s={search_term_string}\"},\"query-input\":{\"@type\":\"PropertyValueSpecification\",\"valueRequired\":true,\"valueName\":\"search_term_string\"}}],\"inLanguage\":\"fi\"},{\"@type\":\"Organization\",\"@id\":\"https:\\\/\\\/rodoaed.ee\\\/#organization\",\"name\":\"Rodoaed\",\"url\":\"https:\\\/\\\/rodoaed.ee\\\/\",\"logo\":{\"@type\":\"ImageObject\",\"inLanguage\":\"fi\",\"@id\":\"https:\\\/\\\/rodoaed.ee\\\/#\\\/schema\\\/logo\\\/image\\\/\",\"url\":\"https:\\\/\\\/rodoaed.ee\\\/wp-content\\\/uploads\\\/2019\\\/11\\\/rodoaed-logo-ilma-taustata.jpg\",\"contentUrl\":\"https:\\\/\\\/rodoaed.ee\\\/wp-content\\\/uploads\\\/2019\\\/11\\\/rodoaed-logo-ilma-taustata.jpg\",\"width\":769,\"height\":268,\"caption\":\"Rodoaed\"},\"image\":{\"@id\":\"https:\\\/\\\/rodoaed.ee\\\/#\\\/schema\\\/logo\\\/image\\\/\"},\"sameAs\":[\"https:\\\/\\\/www.facebook.com\\\/kasvuhooned\\\/\",\"https:\\\/\\\/rodoaed.ee\"]}]}<\/script>\n<!-- \/ Yoast SEO Premium plugin. -->","yoast_head_json":{"title":"Helppo kasvien kastelu - keraamisella anturilla ja letkulla, 3 kpl - Rodoaed","robots":{"index":"index","follow":"follow","max-snippet":"max-snippet:-1","max-image-preview":"max-image-preview:large","max-video-preview":"max-video-preview:-1"},"canonical":"https:\/\/rodoaed.ee\/fi\/toode\/helppo-kasvien-kastelu-keraamisella-anturilla-ja-letkulla-3-kpl\/","og_locale":"fi_FI","og_type":"article","og_title":"Helppo kasvien kastelu - keraamisella anturilla ja letkulla, 3 kpl","og_description":"Vapauta itsesi velvoitteista ja kasvit janosta! Kuka kastelee kasvit, kun olet lomalla? Yksinkertainen j\u00e4rjestelm\u00e4 kasvien lyhytaikaiseen kasteluun","og_url":"https:\/\/rodoaed.ee\/fi\/toode\/helppo-kasvien-kastelu-keraamisella-anturilla-ja-letkulla-3-kpl\/","og_site_name":"Rodoaed","article_publisher":"https:\/\/www.facebook.com\/kasvuhooned\/","article_modified_time":"2026-04-13T08:10:57+00:00","og_image":[{"width":1003,"height":1003,"url":"https:\/\/rodoaed.ee\/wp-content\/uploads\/2019\/08\/toataime-kastja-voolikuga_10308_5.jpg","type":"image\/jpeg"}],"twitter_card":"summary_large_image","twitter_misc":{"Arvioitu lukuaika":"1 minuutti"},"schema":{"@context":"https:\/\/schema.org","@graph":[{"@type":"WebPage","@id":"https:\/\/rodoaed.ee\/fi\/toode\/helppo-kasvien-kastelu-keraamisella-anturilla-ja-letkulla-3-kpl\/","url":"https:\/\/rodoaed.ee\/fi\/toode\/helppo-kasvien-kastelu-keraamisella-anturilla-ja-letkulla-3-kpl\/","name":"Helppo kasvien kastelu - keraamisella anturilla ja letkulla, 3 kpl - Rodoaed","isPartOf":{"@id":"https:\/\/rodoaed.ee\/#website"},"primaryImageOfPage":{"@id":"https:\/\/rodoaed.ee\/fi\/toode\/helppo-kasvien-kastelu-keraamisella-anturilla-ja-letkulla-3-kpl\/#primaryimage"},"image":{"@id":"https:\/\/rodoaed.ee\/fi\/toode\/helppo-kasvien-kastelu-keraamisella-anturilla-ja-letkulla-3-kpl\/#primaryimage"},"thumbnailUrl":"https:\/\/rodoaed.ee\/wp-content\/uploads\/2019\/08\/toataime-kastja-voolikuga_10308_5.jpg","datePublished":"2019-08-02T09:46:29+00:00","dateModified":"2026-04-13T08:10:57+00:00","breadcrumb":{"@id":"https:\/\/rodoaed.ee\/fi\/toode\/helppo-kasvien-kastelu-keraamisella-anturilla-ja-letkulla-3-kpl\/#breadcrumb"},"inLanguage":"fi","potentialAction":[{"@type":"ReadAction","target":["https:\/\/rodoaed.ee\/fi\/toode\/helppo-kasvien-kastelu-keraamisella-anturilla-ja-letkulla-3-kpl\/"]}]},{"@type":"ImageObject","inLanguage":"fi","@id":"https:\/\/rodoaed.ee\/fi\/toode\/helppo-kasvien-kastelu-keraamisella-anturilla-ja-letkulla-3-kpl\/#primaryimage","url":"https:\/\/rodoaed.ee\/wp-content\/uploads\/2019\/08\/toataime-kastja-voolikuga_10308_5.jpg","contentUrl":"https:\/\/rodoaed.ee\/wp-content\/uploads\/2019\/08\/toataime-kastja-voolikuga_10308_5.jpg","width":1003,"height":1003},{"@type":"BreadcrumbList","@id":"https:\/\/rodoaed.ee\/fi\/toode\/helppo-kasvien-kastelu-keraamisella-anturilla-ja-letkulla-3-kpl\/#breadcrumb","itemListElement":[{"@type":"ListItem","position":1,"name":"Home","item":"https:\/\/rodoaed.ee\/fi\/"},{"@type":"ListItem","position":2,"name":"Osta osoitteessa","item":"https:\/\/rodoaed.ee\/osta-osoitteessa\/"},{"@type":"ListItem","position":3,"name":"Helppo kasvien kastelu &#8211; keraamisella anturilla ja letkulla, 3 kpl"}]},{"@type":"WebSite","@id":"https:\/\/rodoaed.ee\/#website","url":"https:\/\/rodoaed.ee\/","name":"Rodoaed","description":"","publisher":{"@id":"https:\/\/rodoaed.ee\/#organization"},"potentialAction":[{"@type":"SearchAction","target":{"@type":"EntryPoint","urlTemplate":"https:\/\/rodoaed.ee\/?s={search_term_string}"},"query-input":{"@type":"PropertyValueSpecification","valueRequired":true,"valueName":"search_term_string"}}],"inLanguage":"fi"},{"@type":"Organization","@id":"https:\/\/rodoaed.ee\/#organization","name":"Rodoaed","url":"https:\/\/rodoaed.ee\/","logo":{"@type":"ImageObject","inLanguage":"fi","@id":"https:\/\/rodoaed.ee\/#\/schema\/logo\/image\/","url":"https:\/\/rodoaed.ee\/wp-content\/uploads\/2019\/11\/rodoaed-logo-ilma-taustata.jpg","contentUrl":"https:\/\/rodoaed.ee\/wp-content\/uploads\/2019\/11\/rodoaed-logo-ilma-taustata.jpg","width":769,"height":268,"caption":"Rodoaed"},"image":{"@id":"https:\/\/rodoaed.ee\/#\/schema\/logo\/image\/"},"sameAs":["https:\/\/www.facebook.com\/kasvuhooned\/","https:\/\/rodoaed.ee"]}]}},"_links":{"self":[{"href":"https:\/\/rodoaed.ee\/fi\/wp-json\/wp\/v2\/product\/53736","targetHints":{"allow":["GET"]}}],"collection":[{"href":"https:\/\/rodoaed.ee\/fi\/wp-json\/wp\/v2\/product"}],"about":[{"href":"https:\/\/rodoaed.ee\/fi\/wp-json\/wp\/v2\/types\/product"}],"wp:featuredmedia":[{"embeddable":true,"href":"https:\/\/rodoaed.ee\/fi\/wp-json\/wp\/v2\/media\/48034"}],"wp:attachment":[{"href":"https:\/\/rodoaed.ee\/fi\/wp-json\/wp\/v2\/media?parent=53736"}],"wp:term":[{"taxonomy":"product_brand","embeddable":true,"href":"https:\/\/rodoaed.ee\/fi\/wp-json\/wp\/v2\/product_brand?post=53736"},{"taxonomy":"product_cat","embeddable":true,"href":"https:\/\/rodoaed.ee\/fi\/wp-json\/wp\/v2\/product_cat?post=53736"},{"taxonomy":"product_tag","embeddable":true,"href":"https:\/\/rodoaed.ee\/fi\/wp-json\/wp\/v2\/product_tag?post=53736"}],"curies":[{"name":"wp","href":"https:\/\/api.w.org\/{rel}","templated":true}]}}