{"id":53738,"date":"2019-08-02T12:46:29","date_gmt":"2019-08-02T09:46:29","guid":{"rendered":"https:\/\/rodoaed.ee\/toode\/helppo-kasvien-kastelu-keraamisella-anturilla-ja-vesipullon-liitannalla\/"},"modified":"2026-04-13T11:10:58","modified_gmt":"2026-04-13T08:10:58","slug":"helppo-kasvien-kastelu-keraamisella-anturilla-ja-vesipullon-liitannalla","status":"publish","type":"product","link":"https:\/\/rodoaed.ee\/fi\/tuote\/helppo-kasvien-kastelu-keraamisella-anturilla-ja-vesipullon-liitannalla\/","title":{"rendered":"Helppo kasvien kastelu &#8211; keraamisella anturilla ja vesipullon liit\u00e4nn\u00e4ll\u00e4."},"content":{"rendered":"<h2><span style=\"color: #008000;\">Vapauta itsesi velvoitteista ja kukat janosta!<\/span><\/h2>\n<p><span style=\"color: #008000;\"><strong>Kuka kastelee kasvit, kun olet lomalla?<\/strong><\/span><\/p>\n<h2>Yksinkertainen j\u00e4rjestelm\u00e4 lyhytaikaiseen kukkien kasteluun sis\u00e4tiloissa, parvekkeella tai terassilla.<\/h2>\n<p>Paras ratkaisu huonekasvien lyhytaikaiseen kasteluun, kukkaruukkuihin terassilla ja parvekelaatikossa sek\u00e4 kukka-altaaseen. Erityisesti kes\u00e4ll\u00e4, kun sinun on l\u00e4hdett\u00e4v\u00e4 pois muutamaksi p\u00e4iv\u00e4ksi &#8211; laita ruukku kasviastiaan tai parvekelaatikkoon ja voit l\u00e4hte\u00e4 pois ilman huolta. Kasvit kastellaan.  <\/p>\n<p>K\u00e4yt\u00e4nn\u00f6ss\u00e4 kaikki kaupallisesti saatavilla olevat muovipullot sopivat. T\u00e4yt\u00e4 vesipullo vain sinulle sopivan kokoiseksi, kiinnit\u00e4 se kartioon ja ty\u00f6nn\u00e4 keraaminen kartiok\u00e4rki kukkaruukun edess\u00e4 olevaan multaan. Keraaminen kartio takaa kasvien tasaisen kastelun niin kauan kuin pullo on t\u00e4ynn\u00e4.  <\/p>\n<p>Jos aiot l\u00e4hte\u00e4 lomalle tai vain v\u00e4ltt\u00e4\u00e4 kastelua, voit karkeasti laskea, ett\u00e4 0,2 litran pullo riitt\u00e4\u00e4 keskivertokasville noin 24 tunniksi. Jos tarvitset pidemp\u00e4\u00e4n, laita 2 litran pullo, joka riitt\u00e4\u00e4 noin 10 p\u00e4iv\u00e4ksi kasvin vedentarpeesta riippuen. <\/p>\n<p><strong>Eritt\u00e4in helppo asentaa ja eritt\u00e4in k\u00e4tev\u00e4 k\u00e4ytt\u00e4\u00e4. Eritt\u00e4in luotettava. <\/strong><\/p>\n<p>Mukana 1 keraaminen kartio vesipullon liitt\u00e4mist\u00e4 varten.<\/p>\n<p>&nbsp;<\/p>\n<p><a href=\"https:\/\/rodoaed.ee\/fi\/\">kotisivu<\/a> <a href=\"https:\/\/rodoaed.ee\/tootekategooria\/kasvuhooned-ja-talveaiad\/\">k\u00e4ynnist\u00e4<\/a> <a href=\"https:\/\/rodoaed.ee\/fi\/tootekategooria\/kasvihuoneen-tarvikkeet\/\">tarvikkeet<\/a> <a href=\"https:\/\/rodoaed.ee\/fi\/tootekategooria\/kasvihuoneen-tarvikkeet\/kasvihuoneen-kastelu\/\">kastelu<\/a> <a href=\"https:\/\/rodoaed.ee\/?post_type=product&#038;p=22828\">suuri Blumat<\/a><\/p>\n<p>&nbsp;<\/p>\n","protected":false},"excerpt":{"rendered":"<p>Vapauta itsesi velvoitteista ja kukat janosta! Kuka kastelee kasvit, kun olet lomalla? Yksinkertainen j\u00e4rjestelm\u00e4 lyhytaikaiseen kukkien kasteluun sis\u00e4tiloissa, parvekkeella tai terassilla. Paras ratkaisu huonekasvien lyhytaikaiseen kasteluun, kukkaruukkuihin terassilla ja parvekelaatikossa sek\u00e4 kukka-altaaseen. Erityisesti kes\u00e4ll\u00e4, kun sinun on l\u00e4hdett\u00e4v\u00e4 pois muutamaksi p\u00e4iv\u00e4ksi &#8211; laita ruukku kasviastiaan tai parvekelaatikkoon ja voit l\u00e4hte\u00e4 pois ilman huolta. Kasvit kastellaan. K\u00e4yt\u00e4nn\u00f6ss\u00e4 kaikki kaupallisesti saatavilla olevat muovipullot sopivat. T\u00e4yt\u00e4 vesipullo vain&#8230;<\/p>\n","protected":false},"featured_media":32199,"template":"","meta":{"_acf_changed":false},"product_brand":[],"product_cat":[1866,1984,1987,1869],"product_tag":[],"class_list":{"0":"post-53738","1":"product","2":"type-product","3":"status-publish","4":"has-post-thumbnail","6":"product_cat-huonekasvien-ja-ikkunalaatikoiden-kastelu","7":"product_cat-kastijarjestelmat","8":"product_cat-kasvihuoneen-kastelu","9":"product_cat-kasvihuoneen-tarvikkeet","10":"product_shipping_class-toimitus-1-3-tyopaivan-kuluessa","11":"pa_variatsioon-helppo-huonekasvien-kastelu-keraamisella-anturilla-ja-pulloliitannalla-varustettuna","13":"first","14":"instock","15":"taxable","16":"shipping-taxable","17":"purchasable","18":"product-type-simple"},"acf":[],"yoast_head":"<!-- This site is optimized with the Yoast SEO Premium plugin v27.3 (Yoast SEO v27.3) - https:\/\/yoast.com\/product\/yoast-seo-premium-wordpress\/ -->\n<title>Helppo kasvien kastelu - keraamisella anturilla ja vesipullon liit\u00e4nn\u00e4ll\u00e4. - Rodoaed<\/title>\n<meta name=\"robots\" content=\"index, follow, max-snippet:-1, max-image-preview:large, max-video-preview:-1\" \/>\n<link rel=\"canonical\" href=\"https:\/\/rodoaed.ee\/fi\/toode\/helppo-kasvien-kastelu-keraamisella-anturilla-ja-vesipullon-liitannalla\/\" \/>\n<meta property=\"og:locale\" content=\"fi_FI\" \/>\n<meta property=\"og:type\" content=\"article\" \/>\n<meta property=\"og:title\" content=\"Helppo kasvien kastelu - keraamisella anturilla ja vesipullon liit\u00e4nn\u00e4ll\u00e4.\" \/>\n<meta property=\"og:description\" content=\"Vapauta itsesi velvoitteista ja kukat janosta! Kuka kastelee kasvit, kun olet lomalla? Yksinkertainen j\u00e4rjestelm\u00e4 lyhytaikaiseen kukkien kasteluun\" \/>\n<meta property=\"og:url\" content=\"https:\/\/rodoaed.ee\/fi\/toode\/helppo-kasvien-kastelu-keraamisella-anturilla-ja-vesipullon-liitannalla\/\" \/>\n<meta property=\"og:site_name\" content=\"Rodoaed\" \/>\n<meta property=\"article:publisher\" content=\"https:\/\/www.facebook.com\/kasvuhooned\/\" \/>\n<meta property=\"article:modified_time\" content=\"2026-04-13T08:10:58+00:00\" \/>\n<meta property=\"og:image\" content=\"https:\/\/rodoaed.ee\/wp-content\/uploads\/2019\/08\/toataimede-kastja-pudeliga_20307_easy_1er_1.jpg\" \/>\n\t<meta property=\"og:image:width\" content=\"800\" \/>\n\t<meta property=\"og:image:height\" content=\"800\" \/>\n\t<meta property=\"og:image:type\" content=\"image\/jpeg\" \/>\n<meta name=\"twitter:card\" content=\"summary_large_image\" \/>\n<meta name=\"twitter:label1\" content=\"Arvioitu lukuaika\" \/>\n\t<meta name=\"twitter:data1\" content=\"1 minuutti\" \/>\n<script type=\"application\/ld+json\" class=\"yoast-schema-graph\">{\"@context\":\"https:\\\/\\\/schema.org\",\"@graph\":[{\"@type\":\"WebPage\",\"@id\":\"https:\\\/\\\/rodoaed.ee\\\/fi\\\/toode\\\/helppo-kasvien-kastelu-keraamisella-anturilla-ja-vesipullon-liitannalla\\\/\",\"url\":\"https:\\\/\\\/rodoaed.ee\\\/fi\\\/toode\\\/helppo-kasvien-kastelu-keraamisella-anturilla-ja-vesipullon-liitannalla\\\/\",\"name\":\"Helppo kasvien kastelu - keraamisella anturilla ja vesipullon liit\u00e4nn\u00e4ll\u00e4. - Rodoaed\",\"isPartOf\":{\"@id\":\"https:\\\/\\\/rodoaed.ee\\\/#website\"},\"primaryImageOfPage\":{\"@id\":\"https:\\\/\\\/rodoaed.ee\\\/fi\\\/toode\\\/helppo-kasvien-kastelu-keraamisella-anturilla-ja-vesipullon-liitannalla\\\/#primaryimage\"},\"image\":{\"@id\":\"https:\\\/\\\/rodoaed.ee\\\/fi\\\/toode\\\/helppo-kasvien-kastelu-keraamisella-anturilla-ja-vesipullon-liitannalla\\\/#primaryimage\"},\"thumbnailUrl\":\"https:\\\/\\\/rodoaed.ee\\\/wp-content\\\/uploads\\\/2019\\\/08\\\/toataimede-kastja-pudeliga_20307_easy_1er_1.jpg\",\"datePublished\":\"2019-08-02T09:46:29+00:00\",\"dateModified\":\"2026-04-13T08:10:58+00:00\",\"breadcrumb\":{\"@id\":\"https:\\\/\\\/rodoaed.ee\\\/fi\\\/toode\\\/helppo-kasvien-kastelu-keraamisella-anturilla-ja-vesipullon-liitannalla\\\/#breadcrumb\"},\"inLanguage\":\"fi\",\"potentialAction\":[{\"@type\":\"ReadAction\",\"target\":[\"https:\\\/\\\/rodoaed.ee\\\/fi\\\/toode\\\/helppo-kasvien-kastelu-keraamisella-anturilla-ja-vesipullon-liitannalla\\\/\"]}]},{\"@type\":\"ImageObject\",\"inLanguage\":\"fi\",\"@id\":\"https:\\\/\\\/rodoaed.ee\\\/fi\\\/toode\\\/helppo-kasvien-kastelu-keraamisella-anturilla-ja-vesipullon-liitannalla\\\/#primaryimage\",\"url\":\"https:\\\/\\\/rodoaed.ee\\\/wp-content\\\/uploads\\\/2019\\\/08\\\/toataimede-kastja-pudeliga_20307_easy_1er_1.jpg\",\"contentUrl\":\"https:\\\/\\\/rodoaed.ee\\\/wp-content\\\/uploads\\\/2019\\\/08\\\/toataimede-kastja-pudeliga_20307_easy_1er_1.jpg\",\"width\":800,\"height\":800},{\"@type\":\"BreadcrumbList\",\"@id\":\"https:\\\/\\\/rodoaed.ee\\\/fi\\\/toode\\\/helppo-kasvien-kastelu-keraamisella-anturilla-ja-vesipullon-liitannalla\\\/#breadcrumb\",\"itemListElement\":[{\"@type\":\"ListItem\",\"position\":1,\"name\":\"Home\",\"item\":\"https:\\\/\\\/rodoaed.ee\\\/fi\\\/\"},{\"@type\":\"ListItem\",\"position\":2,\"name\":\"Osta osoitteessa\",\"item\":\"https:\\\/\\\/rodoaed.ee\\\/osta-osoitteessa\\\/\"},{\"@type\":\"ListItem\",\"position\":3,\"name\":\"Helppo kasvien kastelu &#8211; keraamisella anturilla ja vesipullon liit\u00e4nn\u00e4ll\u00e4.\"}]},{\"@type\":\"WebSite\",\"@id\":\"https:\\\/\\\/rodoaed.ee\\\/#website\",\"url\":\"https:\\\/\\\/rodoaed.ee\\\/\",\"name\":\"Rodoaed\",\"description\":\"\",\"publisher\":{\"@id\":\"https:\\\/\\\/rodoaed.ee\\\/#organization\"},\"potentialAction\":[{\"@type\":\"SearchAction\",\"target\":{\"@type\":\"EntryPoint\",\"urlTemplate\":\"https:\\\/\\\/rodoaed.ee\\\/?s={search_term_string}\"},\"query-input\":{\"@type\":\"PropertyValueSpecification\",\"valueRequired\":true,\"valueName\":\"search_term_string\"}}],\"inLanguage\":\"fi\"},{\"@type\":\"Organization\",\"@id\":\"https:\\\/\\\/rodoaed.ee\\\/#organization\",\"name\":\"Rodoaed\",\"url\":\"https:\\\/\\\/rodoaed.ee\\\/\",\"logo\":{\"@type\":\"ImageObject\",\"inLanguage\":\"fi\",\"@id\":\"https:\\\/\\\/rodoaed.ee\\\/#\\\/schema\\\/logo\\\/image\\\/\",\"url\":\"https:\\\/\\\/rodoaed.ee\\\/wp-content\\\/uploads\\\/2019\\\/11\\\/rodoaed-logo-ilma-taustata.jpg\",\"contentUrl\":\"https:\\\/\\\/rodoaed.ee\\\/wp-content\\\/uploads\\\/2019\\\/11\\\/rodoaed-logo-ilma-taustata.jpg\",\"width\":769,\"height\":268,\"caption\":\"Rodoaed\"},\"image\":{\"@id\":\"https:\\\/\\\/rodoaed.ee\\\/#\\\/schema\\\/logo\\\/image\\\/\"},\"sameAs\":[\"https:\\\/\\\/www.facebook.com\\\/kasvuhooned\\\/\",\"https:\\\/\\\/rodoaed.ee\"]}]}<\/script>\n<!-- \/ Yoast SEO Premium plugin. -->","yoast_head_json":{"title":"Helppo kasvien kastelu - keraamisella anturilla ja vesipullon liit\u00e4nn\u00e4ll\u00e4. - Rodoaed","robots":{"index":"index","follow":"follow","max-snippet":"max-snippet:-1","max-image-preview":"max-image-preview:large","max-video-preview":"max-video-preview:-1"},"canonical":"https:\/\/rodoaed.ee\/fi\/toode\/helppo-kasvien-kastelu-keraamisella-anturilla-ja-vesipullon-liitannalla\/","og_locale":"fi_FI","og_type":"article","og_title":"Helppo kasvien kastelu - keraamisella anturilla ja vesipullon liit\u00e4nn\u00e4ll\u00e4.","og_description":"Vapauta itsesi velvoitteista ja kukat janosta! Kuka kastelee kasvit, kun olet lomalla? Yksinkertainen j\u00e4rjestelm\u00e4 lyhytaikaiseen kukkien kasteluun","og_url":"https:\/\/rodoaed.ee\/fi\/toode\/helppo-kasvien-kastelu-keraamisella-anturilla-ja-vesipullon-liitannalla\/","og_site_name":"Rodoaed","article_publisher":"https:\/\/www.facebook.com\/kasvuhooned\/","article_modified_time":"2026-04-13T08:10:58+00:00","og_image":[{"width":800,"height":800,"url":"https:\/\/rodoaed.ee\/wp-content\/uploads\/2019\/08\/toataimede-kastja-pudeliga_20307_easy_1er_1.jpg","type":"image\/jpeg"}],"twitter_card":"summary_large_image","twitter_misc":{"Arvioitu lukuaika":"1 minuutti"},"schema":{"@context":"https:\/\/schema.org","@graph":[{"@type":"WebPage","@id":"https:\/\/rodoaed.ee\/fi\/toode\/helppo-kasvien-kastelu-keraamisella-anturilla-ja-vesipullon-liitannalla\/","url":"https:\/\/rodoaed.ee\/fi\/toode\/helppo-kasvien-kastelu-keraamisella-anturilla-ja-vesipullon-liitannalla\/","name":"Helppo kasvien kastelu - keraamisella anturilla ja vesipullon liit\u00e4nn\u00e4ll\u00e4. - Rodoaed","isPartOf":{"@id":"https:\/\/rodoaed.ee\/#website"},"primaryImageOfPage":{"@id":"https:\/\/rodoaed.ee\/fi\/toode\/helppo-kasvien-kastelu-keraamisella-anturilla-ja-vesipullon-liitannalla\/#primaryimage"},"image":{"@id":"https:\/\/rodoaed.ee\/fi\/toode\/helppo-kasvien-kastelu-keraamisella-anturilla-ja-vesipullon-liitannalla\/#primaryimage"},"thumbnailUrl":"https:\/\/rodoaed.ee\/wp-content\/uploads\/2019\/08\/toataimede-kastja-pudeliga_20307_easy_1er_1.jpg","datePublished":"2019-08-02T09:46:29+00:00","dateModified":"2026-04-13T08:10:58+00:00","breadcrumb":{"@id":"https:\/\/rodoaed.ee\/fi\/toode\/helppo-kasvien-kastelu-keraamisella-anturilla-ja-vesipullon-liitannalla\/#breadcrumb"},"inLanguage":"fi","potentialAction":[{"@type":"ReadAction","target":["https:\/\/rodoaed.ee\/fi\/toode\/helppo-kasvien-kastelu-keraamisella-anturilla-ja-vesipullon-liitannalla\/"]}]},{"@type":"ImageObject","inLanguage":"fi","@id":"https:\/\/rodoaed.ee\/fi\/toode\/helppo-kasvien-kastelu-keraamisella-anturilla-ja-vesipullon-liitannalla\/#primaryimage","url":"https:\/\/rodoaed.ee\/wp-content\/uploads\/2019\/08\/toataimede-kastja-pudeliga_20307_easy_1er_1.jpg","contentUrl":"https:\/\/rodoaed.ee\/wp-content\/uploads\/2019\/08\/toataimede-kastja-pudeliga_20307_easy_1er_1.jpg","width":800,"height":800},{"@type":"BreadcrumbList","@id":"https:\/\/rodoaed.ee\/fi\/toode\/helppo-kasvien-kastelu-keraamisella-anturilla-ja-vesipullon-liitannalla\/#breadcrumb","itemListElement":[{"@type":"ListItem","position":1,"name":"Home","item":"https:\/\/rodoaed.ee\/fi\/"},{"@type":"ListItem","position":2,"name":"Osta osoitteessa","item":"https:\/\/rodoaed.ee\/osta-osoitteessa\/"},{"@type":"ListItem","position":3,"name":"Helppo kasvien kastelu &#8211; keraamisella anturilla ja vesipullon liit\u00e4nn\u00e4ll\u00e4."}]},{"@type":"WebSite","@id":"https:\/\/rodoaed.ee\/#website","url":"https:\/\/rodoaed.ee\/","name":"Rodoaed","description":"","publisher":{"@id":"https:\/\/rodoaed.ee\/#organization"},"potentialAction":[{"@type":"SearchAction","target":{"@type":"EntryPoint","urlTemplate":"https:\/\/rodoaed.ee\/?s={search_term_string}"},"query-input":{"@type":"PropertyValueSpecification","valueRequired":true,"valueName":"search_term_string"}}],"inLanguage":"fi"},{"@type":"Organization","@id":"https:\/\/rodoaed.ee\/#organization","name":"Rodoaed","url":"https:\/\/rodoaed.ee\/","logo":{"@type":"ImageObject","inLanguage":"fi","@id":"https:\/\/rodoaed.ee\/#\/schema\/logo\/image\/","url":"https:\/\/rodoaed.ee\/wp-content\/uploads\/2019\/11\/rodoaed-logo-ilma-taustata.jpg","contentUrl":"https:\/\/rodoaed.ee\/wp-content\/uploads\/2019\/11\/rodoaed-logo-ilma-taustata.jpg","width":769,"height":268,"caption":"Rodoaed"},"image":{"@id":"https:\/\/rodoaed.ee\/#\/schema\/logo\/image\/"},"sameAs":["https:\/\/www.facebook.com\/kasvuhooned\/","https:\/\/rodoaed.ee"]}]}},"_links":{"self":[{"href":"https:\/\/rodoaed.ee\/fi\/wp-json\/wp\/v2\/product\/53738","targetHints":{"allow":["GET"]}}],"collection":[{"href":"https:\/\/rodoaed.ee\/fi\/wp-json\/wp\/v2\/product"}],"about":[{"href":"https:\/\/rodoaed.ee\/fi\/wp-json\/wp\/v2\/types\/product"}],"wp:featuredmedia":[{"embeddable":true,"href":"https:\/\/rodoaed.ee\/fi\/wp-json\/wp\/v2\/media\/32199"}],"wp:attachment":[{"href":"https:\/\/rodoaed.ee\/fi\/wp-json\/wp\/v2\/media?parent=53738"}],"wp:term":[{"taxonomy":"product_brand","embeddable":true,"href":"https:\/\/rodoaed.ee\/fi\/wp-json\/wp\/v2\/product_brand?post=53738"},{"taxonomy":"product_cat","embeddable":true,"href":"https:\/\/rodoaed.ee\/fi\/wp-json\/wp\/v2\/product_cat?post=53738"},{"taxonomy":"product_tag","embeddable":true,"href":"https:\/\/rodoaed.ee\/fi\/wp-json\/wp\/v2\/product_tag?post=53738"}],"curies":[{"name":"wp","href":"https:\/\/api.w.org\/{rel}","templated":true}]}}