{"id":53745,"date":"2019-08-02T12:47:16","date_gmt":"2019-08-02T09:47:16","guid":{"rendered":"https:\/\/rodoaed.ee\/toode\/kastelun-letkuliitannat-3-suoraa-liitantaa\/"},"modified":"2026-04-13T11:11:06","modified_gmt":"2026-04-13T08:11:06","slug":"kastelun-letkuliitannat-3-suoraa-liitantaa","status":"publish","type":"product","link":"https:\/\/rodoaed.ee\/fi\/tuote\/kastelun-letkuliitannat-3-suoraa-liitantaa\/","title":{"rendered":"Kastelun letkuliit\u00e4nn\u00e4t &#8211; 3 suoraa liit\u00e4nt\u00e4\u00e4"},"content":{"rendered":"<p><strong>\u00d8 8 mm kasteluletkun liittimet &#8211; 8mm suora liitin 3kpl.<\/strong><\/p>\n<p>V\u00e4hemm\u00e4n tarpeen uutta j\u00e4rjestelm\u00e4\u00e4 perustettaessa, mutta hy\u00f6dyllinen ty\u00f6kalu my\u00f6hemp\u00e4\u00e4 p\u00e4ivityst\u00e4 varten.<\/p>\n<p>Kasteluletkun suoralla liittimell\u00e4 voit yhdist\u00e4\u00e4 eri kasteluletkun osat toisiinsa. Niist\u00e4 on hy\u00f6ty\u00e4 my\u00f6s rikkoutuneen letkun korjaamisessa. <\/p>\n<p><a href=\"https:\/\/rodoaed.ee\/fi\/\">kotisivu<\/a> <a href=\"https:\/\/rodoaed.ee\/tootekategooria\/kasvuhooned-ja-talveaiad\/\">k\u00e4ynnist\u00e4<\/a> <a href=\"https:\/\/rodoaed.ee\/fi\/tootekategooria\/kasvihuoneen-tarvikkeet\/\">tarvikkeet<\/a> <a href=\"https:\/\/rodoaed.ee\/fi\/tootekategooria\/kasvihuoneen-tarvikkeet\/kasvihuoneen-kastelu\/\">kastelu<\/a> <a href=\"https:\/\/rodoaed.ee\/?post_type=product&#038;p=22828\">suuri Blumat<\/a><\/p>\n<p>&nbsp;<\/p>\n","protected":false},"excerpt":{"rendered":"<p>\u00d8 8 mm kasteluletkun liittimet &#8211; 8mm suora liitin 3kpl. V\u00e4hemm\u00e4n tarpeen uutta j\u00e4rjestelm\u00e4\u00e4 perustettaessa, mutta hy\u00f6dyllinen ty\u00f6kalu my\u00f6hemp\u00e4\u00e4 p\u00e4ivityst\u00e4 varten. Kasteluletkun suoralla liittimell\u00e4 voit yhdist\u00e4\u00e4 eri kasteluletkun osat toisiinsa. Niist\u00e4 on hy\u00f6ty\u00e4 my\u00f6s rikkoutuneen letkun korjaamisessa. kotisivu k\u00e4ynnist\u00e4 tarvikkeet kastelu suuri Blumat &nbsp;<\/p>\n","protected":false},"featured_media":18709,"template":"","meta":{"_acf_changed":false},"product_brand":[],"product_cat":[1996,1984,1987,1869],"product_tag":[],"class_list":{"0":"post-53745","1":"product","2":"type-product","3":"status-publish","4":"has-post-thumbnail","6":"product_cat-blumat-liittimet-ja-adapterit","7":"product_cat-kastijarjestelmat","8":"product_cat-kasvihuoneen-kastelu","9":"product_cat-kasvihuoneen-tarvikkeet","10":"product_shipping_class-toimitus-1-3-tyopaivan-kuluessa","11":"pa_variatsioon-kastelun-letkuliitannat-3-suoraa-liitantaa","13":"first","14":"instock","15":"taxable","16":"shipping-taxable","17":"purchasable","18":"product-type-simple"},"acf":[],"yoast_head":"<!-- This site is optimized with the Yoast SEO Premium plugin v27.3 (Yoast SEO v27.3) - https:\/\/yoast.com\/product\/yoast-seo-premium-wordpress\/ -->\n<title>Kastelun letkuliit\u00e4nn\u00e4t - 3 suoraa liit\u00e4nt\u00e4\u00e4 - Rodoaed<\/title>\n<meta name=\"robots\" content=\"index, follow, max-snippet:-1, max-image-preview:large, max-video-preview:-1\" \/>\n<link rel=\"canonical\" href=\"https:\/\/rodoaed.ee\/fi\/toode\/kastelun-letkuliitannat-3-suoraa-liitantaa\/\" \/>\n<meta property=\"og:locale\" content=\"fi_FI\" \/>\n<meta property=\"og:type\" content=\"article\" \/>\n<meta property=\"og:title\" content=\"Kastelun letkuliit\u00e4nn\u00e4t - 3 suoraa liit\u00e4nt\u00e4\u00e4\" \/>\n<meta property=\"og:description\" content=\"\u00d8 8 mm kasteluletkun liittimet - 8mm suora liitin 3kpl. V\u00e4hemm\u00e4n tarpeen uutta j\u00e4rjestelm\u00e4\u00e4 perustettaessa, mutta hy\u00f6dyllinen ty\u00f6kalu my\u00f6hemp\u00e4\u00e4 p\u00e4ivityst\u00e4\" \/>\n<meta property=\"og:url\" content=\"https:\/\/rodoaed.ee\/fi\/toode\/kastelun-letkuliitannat-3-suoraa-liitantaa\/\" \/>\n<meta property=\"og:site_name\" content=\"Rodoaed\" \/>\n<meta property=\"article:publisher\" content=\"https:\/\/www.facebook.com\/kasvuhooned\/\" \/>\n<meta property=\"article:modified_time\" content=\"2026-04-13T08:11:06+00:00\" \/>\n<meta property=\"og:image\" content=\"https:\/\/rodoaed.ee\/wp-content\/uploads\/2019\/07\/8mm-sirged-\u00fchendused_32805.jpg\" \/>\n\t<meta property=\"og:image:width\" content=\"600\" \/>\n\t<meta property=\"og:image:height\" content=\"600\" \/>\n\t<meta property=\"og:image:type\" content=\"image\/jpeg\" \/>\n<meta name=\"twitter:card\" content=\"summary_large_image\" \/>\n<script type=\"application\/ld+json\" class=\"yoast-schema-graph\">{\"@context\":\"https:\\\/\\\/schema.org\",\"@graph\":[{\"@type\":\"WebPage\",\"@id\":\"https:\\\/\\\/rodoaed.ee\\\/fi\\\/toode\\\/kastelun-letkuliitannat-3-suoraa-liitantaa\\\/\",\"url\":\"https:\\\/\\\/rodoaed.ee\\\/fi\\\/toode\\\/kastelun-letkuliitannat-3-suoraa-liitantaa\\\/\",\"name\":\"Kastelun letkuliit\u00e4nn\u00e4t - 3 suoraa liit\u00e4nt\u00e4\u00e4 - Rodoaed\",\"isPartOf\":{\"@id\":\"https:\\\/\\\/rodoaed.ee\\\/#website\"},\"primaryImageOfPage\":{\"@id\":\"https:\\\/\\\/rodoaed.ee\\\/fi\\\/toode\\\/kastelun-letkuliitannat-3-suoraa-liitantaa\\\/#primaryimage\"},\"image\":{\"@id\":\"https:\\\/\\\/rodoaed.ee\\\/fi\\\/toode\\\/kastelun-letkuliitannat-3-suoraa-liitantaa\\\/#primaryimage\"},\"thumbnailUrl\":\"https:\\\/\\\/rodoaed.ee\\\/wp-content\\\/uploads\\\/2019\\\/07\\\/8mm-sirged-\u00fchendused_32805.jpg\",\"datePublished\":\"2019-08-02T09:47:16+00:00\",\"dateModified\":\"2026-04-13T08:11:06+00:00\",\"breadcrumb\":{\"@id\":\"https:\\\/\\\/rodoaed.ee\\\/fi\\\/toode\\\/kastelun-letkuliitannat-3-suoraa-liitantaa\\\/#breadcrumb\"},\"inLanguage\":\"fi\",\"potentialAction\":[{\"@type\":\"ReadAction\",\"target\":[\"https:\\\/\\\/rodoaed.ee\\\/fi\\\/toode\\\/kastelun-letkuliitannat-3-suoraa-liitantaa\\\/\"]}]},{\"@type\":\"ImageObject\",\"inLanguage\":\"fi\",\"@id\":\"https:\\\/\\\/rodoaed.ee\\\/fi\\\/toode\\\/kastelun-letkuliitannat-3-suoraa-liitantaa\\\/#primaryimage\",\"url\":\"https:\\\/\\\/rodoaed.ee\\\/wp-content\\\/uploads\\\/2019\\\/07\\\/8mm-sirged-\u00fchendused_32805.jpg\",\"contentUrl\":\"https:\\\/\\\/rodoaed.ee\\\/wp-content\\\/uploads\\\/2019\\\/07\\\/8mm-sirged-\u00fchendused_32805.jpg\",\"width\":600,\"height\":600},{\"@type\":\"BreadcrumbList\",\"@id\":\"https:\\\/\\\/rodoaed.ee\\\/fi\\\/toode\\\/kastelun-letkuliitannat-3-suoraa-liitantaa\\\/#breadcrumb\",\"itemListElement\":[{\"@type\":\"ListItem\",\"position\":1,\"name\":\"Home\",\"item\":\"https:\\\/\\\/rodoaed.ee\\\/fi\\\/\"},{\"@type\":\"ListItem\",\"position\":2,\"name\":\"Osta osoitteessa\",\"item\":\"https:\\\/\\\/rodoaed.ee\\\/osta-osoitteessa\\\/\"},{\"@type\":\"ListItem\",\"position\":3,\"name\":\"Kastelun letkuliit\u00e4nn\u00e4t &#8211; 3 suoraa liit\u00e4nt\u00e4\u00e4\"}]},{\"@type\":\"WebSite\",\"@id\":\"https:\\\/\\\/rodoaed.ee\\\/#website\",\"url\":\"https:\\\/\\\/rodoaed.ee\\\/\",\"name\":\"Rodoaed\",\"description\":\"\",\"publisher\":{\"@id\":\"https:\\\/\\\/rodoaed.ee\\\/#organization\"},\"potentialAction\":[{\"@type\":\"SearchAction\",\"target\":{\"@type\":\"EntryPoint\",\"urlTemplate\":\"https:\\\/\\\/rodoaed.ee\\\/?s={search_term_string}\"},\"query-input\":{\"@type\":\"PropertyValueSpecification\",\"valueRequired\":true,\"valueName\":\"search_term_string\"}}],\"inLanguage\":\"fi\"},{\"@type\":\"Organization\",\"@id\":\"https:\\\/\\\/rodoaed.ee\\\/#organization\",\"name\":\"Rodoaed\",\"url\":\"https:\\\/\\\/rodoaed.ee\\\/\",\"logo\":{\"@type\":\"ImageObject\",\"inLanguage\":\"fi\",\"@id\":\"https:\\\/\\\/rodoaed.ee\\\/#\\\/schema\\\/logo\\\/image\\\/\",\"url\":\"https:\\\/\\\/rodoaed.ee\\\/wp-content\\\/uploads\\\/2019\\\/11\\\/rodoaed-logo-ilma-taustata.jpg\",\"contentUrl\":\"https:\\\/\\\/rodoaed.ee\\\/wp-content\\\/uploads\\\/2019\\\/11\\\/rodoaed-logo-ilma-taustata.jpg\",\"width\":769,\"height\":268,\"caption\":\"Rodoaed\"},\"image\":{\"@id\":\"https:\\\/\\\/rodoaed.ee\\\/#\\\/schema\\\/logo\\\/image\\\/\"},\"sameAs\":[\"https:\\\/\\\/www.facebook.com\\\/kasvuhooned\\\/\",\"https:\\\/\\\/rodoaed.ee\"]}]}<\/script>\n<!-- \/ Yoast SEO Premium plugin. -->","yoast_head_json":{"title":"Kastelun letkuliit\u00e4nn\u00e4t - 3 suoraa liit\u00e4nt\u00e4\u00e4 - Rodoaed","robots":{"index":"index","follow":"follow","max-snippet":"max-snippet:-1","max-image-preview":"max-image-preview:large","max-video-preview":"max-video-preview:-1"},"canonical":"https:\/\/rodoaed.ee\/fi\/toode\/kastelun-letkuliitannat-3-suoraa-liitantaa\/","og_locale":"fi_FI","og_type":"article","og_title":"Kastelun letkuliit\u00e4nn\u00e4t - 3 suoraa liit\u00e4nt\u00e4\u00e4","og_description":"\u00d8 8 mm kasteluletkun liittimet - 8mm suora liitin 3kpl. V\u00e4hemm\u00e4n tarpeen uutta j\u00e4rjestelm\u00e4\u00e4 perustettaessa, mutta hy\u00f6dyllinen ty\u00f6kalu my\u00f6hemp\u00e4\u00e4 p\u00e4ivityst\u00e4","og_url":"https:\/\/rodoaed.ee\/fi\/toode\/kastelun-letkuliitannat-3-suoraa-liitantaa\/","og_site_name":"Rodoaed","article_publisher":"https:\/\/www.facebook.com\/kasvuhooned\/","article_modified_time":"2026-04-13T08:11:06+00:00","og_image":[{"width":600,"height":600,"url":"https:\/\/rodoaed.ee\/wp-content\/uploads\/2019\/07\/8mm-sirged-\u00fchendused_32805.jpg","type":"image\/jpeg"}],"twitter_card":"summary_large_image","schema":{"@context":"https:\/\/schema.org","@graph":[{"@type":"WebPage","@id":"https:\/\/rodoaed.ee\/fi\/toode\/kastelun-letkuliitannat-3-suoraa-liitantaa\/","url":"https:\/\/rodoaed.ee\/fi\/toode\/kastelun-letkuliitannat-3-suoraa-liitantaa\/","name":"Kastelun letkuliit\u00e4nn\u00e4t - 3 suoraa liit\u00e4nt\u00e4\u00e4 - Rodoaed","isPartOf":{"@id":"https:\/\/rodoaed.ee\/#website"},"primaryImageOfPage":{"@id":"https:\/\/rodoaed.ee\/fi\/toode\/kastelun-letkuliitannat-3-suoraa-liitantaa\/#primaryimage"},"image":{"@id":"https:\/\/rodoaed.ee\/fi\/toode\/kastelun-letkuliitannat-3-suoraa-liitantaa\/#primaryimage"},"thumbnailUrl":"https:\/\/rodoaed.ee\/wp-content\/uploads\/2019\/07\/8mm-sirged-\u00fchendused_32805.jpg","datePublished":"2019-08-02T09:47:16+00:00","dateModified":"2026-04-13T08:11:06+00:00","breadcrumb":{"@id":"https:\/\/rodoaed.ee\/fi\/toode\/kastelun-letkuliitannat-3-suoraa-liitantaa\/#breadcrumb"},"inLanguage":"fi","potentialAction":[{"@type":"ReadAction","target":["https:\/\/rodoaed.ee\/fi\/toode\/kastelun-letkuliitannat-3-suoraa-liitantaa\/"]}]},{"@type":"ImageObject","inLanguage":"fi","@id":"https:\/\/rodoaed.ee\/fi\/toode\/kastelun-letkuliitannat-3-suoraa-liitantaa\/#primaryimage","url":"https:\/\/rodoaed.ee\/wp-content\/uploads\/2019\/07\/8mm-sirged-\u00fchendused_32805.jpg","contentUrl":"https:\/\/rodoaed.ee\/wp-content\/uploads\/2019\/07\/8mm-sirged-\u00fchendused_32805.jpg","width":600,"height":600},{"@type":"BreadcrumbList","@id":"https:\/\/rodoaed.ee\/fi\/toode\/kastelun-letkuliitannat-3-suoraa-liitantaa\/#breadcrumb","itemListElement":[{"@type":"ListItem","position":1,"name":"Home","item":"https:\/\/rodoaed.ee\/fi\/"},{"@type":"ListItem","position":2,"name":"Osta osoitteessa","item":"https:\/\/rodoaed.ee\/osta-osoitteessa\/"},{"@type":"ListItem","position":3,"name":"Kastelun letkuliit\u00e4nn\u00e4t &#8211; 3 suoraa liit\u00e4nt\u00e4\u00e4"}]},{"@type":"WebSite","@id":"https:\/\/rodoaed.ee\/#website","url":"https:\/\/rodoaed.ee\/","name":"Rodoaed","description":"","publisher":{"@id":"https:\/\/rodoaed.ee\/#organization"},"potentialAction":[{"@type":"SearchAction","target":{"@type":"EntryPoint","urlTemplate":"https:\/\/rodoaed.ee\/?s={search_term_string}"},"query-input":{"@type":"PropertyValueSpecification","valueRequired":true,"valueName":"search_term_string"}}],"inLanguage":"fi"},{"@type":"Organization","@id":"https:\/\/rodoaed.ee\/#organization","name":"Rodoaed","url":"https:\/\/rodoaed.ee\/","logo":{"@type":"ImageObject","inLanguage":"fi","@id":"https:\/\/rodoaed.ee\/#\/schema\/logo\/image\/","url":"https:\/\/rodoaed.ee\/wp-content\/uploads\/2019\/11\/rodoaed-logo-ilma-taustata.jpg","contentUrl":"https:\/\/rodoaed.ee\/wp-content\/uploads\/2019\/11\/rodoaed-logo-ilma-taustata.jpg","width":769,"height":268,"caption":"Rodoaed"},"image":{"@id":"https:\/\/rodoaed.ee\/#\/schema\/logo\/image\/"},"sameAs":["https:\/\/www.facebook.com\/kasvuhooned\/","https:\/\/rodoaed.ee"]}]}},"_links":{"self":[{"href":"https:\/\/rodoaed.ee\/fi\/wp-json\/wp\/v2\/product\/53745","targetHints":{"allow":["GET"]}}],"collection":[{"href":"https:\/\/rodoaed.ee\/fi\/wp-json\/wp\/v2\/product"}],"about":[{"href":"https:\/\/rodoaed.ee\/fi\/wp-json\/wp\/v2\/types\/product"}],"wp:featuredmedia":[{"embeddable":true,"href":"https:\/\/rodoaed.ee\/fi\/wp-json\/wp\/v2\/media\/18709"}],"wp:attachment":[{"href":"https:\/\/rodoaed.ee\/fi\/wp-json\/wp\/v2\/media?parent=53745"}],"wp:term":[{"taxonomy":"product_brand","embeddable":true,"href":"https:\/\/rodoaed.ee\/fi\/wp-json\/wp\/v2\/product_brand?post=53745"},{"taxonomy":"product_cat","embeddable":true,"href":"https:\/\/rodoaed.ee\/fi\/wp-json\/wp\/v2\/product_cat?post=53745"},{"taxonomy":"product_tag","embeddable":true,"href":"https:\/\/rodoaed.ee\/fi\/wp-json\/wp\/v2\/product_tag?post=53745"}],"curies":[{"name":"wp","href":"https:\/\/api.w.org\/{rel}","templated":true}]}}