{"id":53746,"date":"2019-08-02T12:47:16","date_gmt":"2019-08-02T09:47:16","guid":{"rendered":"https:\/\/rodoaed.ee\/toode\/jumbo-minisauna-jossa-on-lampomatto-ja-termostaatti-130x60x50cm\/"},"modified":"2026-04-13T11:11:06","modified_gmt":"2026-04-13T08:11:06","slug":"jumbo-minisauna-jossa-on-lampomatto-ja-termostaatti-130x60x50cm","status":"publish","type":"product","link":"https:\/\/rodoaed.ee\/fi\/tuote\/jumbo-minisauna-jossa-on-lampomatto-ja-termostaatti-130x60x50cm\/","title":{"rendered":"Jumbo minisauna, jossa on l\u00e4mp\u00f6matto ja termostaatti 130x60x50cm."},"content":{"rendered":"<h3>Jumbo minikasvihuone on erinomainen tapa id\u00e4tt\u00e4\u00e4 siemeni\u00e4, kasvattaa kasveja ja talvehtia huonekasveja.<\/h3>\n<p>Jumbon minisaunassa on tarkasti s\u00e4\u00e4dett\u00e4v\u00e4 l\u00e4mp\u00f6tila-alue 0-40C, jota ohjataan kiuasmattojen omalla termostaatilla. L\u00e4mmityksest\u00e4 huolehtii <strong>150W:n repim\u00e4t\u00f6n alumiinip\u00e4\u00e4llysteinen s\u00e4hk\u00f6matto.<\/strong> <\/p>\n<h4>Jumbo on uusi malli minivenevajasta, jonka mitat ovat eritt\u00e4in suuret (pituus 130 cm ja leveys 60 cm).<\/h4>\n<p>Suuri koko antaa mahdollisuuden kasvattaa useampia kasveja kerrallaan ja suurempia kasveja ymp\u00e4ri vuoden. Kasvihuone on kehystetty tukevalla alumiinirakenteella, joka on helppo koota. Minikasvihuoneen <strong>50 cm:n korkeus<\/strong> mahdollistaa kalliiden ja eksoottisten huonekasvien talvehtimisen, joita olisi muuten melko vaikea pit\u00e4\u00e4 tervein\u00e4 kev\u00e4\u00e4seen asti.  <\/p>\n<p>Ammattik\u00e4ytt\u00f6\u00f6n tarkoitettu l\u00e4mmitysmatto on laminoitu molemmilta puolilta rep\u00e4isykest\u00e4v\u00e4ll\u00e4, vahvalla alumiinikerroksella, ja se takaa eritt\u00e4in tasaisen l\u00e4mp\u00f6tilan jakautumisen pinnalle. Tasainen l\u00e4mm\u00f6n jakautuminen on onnistuneen it\u00e4misprosessin perusta. Kasvin juurien alapuolelta tuleva l\u00e4mp\u00f6 kannustaa nuoria kasveja kasvattamaan vahvempia juuria ja latvoja paljon nopeammin kuin ilman alil\u00e4mmityst\u00e4.  <\/p>\n<p>Tuulettuva kansi pit\u00e4\u00e4 suurimman osan l\u00e4mm\u00f6st\u00e4 sis\u00e4ll\u00e4 ja v\u00e4hent\u00e4\u00e4 kondensaatiota, mik\u00e4 tarjoaa terveellisen ymp\u00e4rist\u00f6n kasveille.<\/p>\n<h2>T\u00e4rkeimm\u00e4t ominaisuudet<\/h2>\n<ul>\n<li>Jumbo minikasvihuoneen kokoamiseen ei tarvita ty\u00f6kaluja.<\/li>\n<li>l\u00e4mmitysmatto, jossa on l\u00e4mm\u00f6ns\u00e4\u00e4t\u00f6laite (0-40C) ja maaper\u00e4n l\u00e4mp\u00f6tila-anturi, sis\u00e4ltyy sarjaan.<\/li>\n<li>Korkea 0,5 metrin korkeus sopii my\u00f6s kuoleville huonekasveille.<\/li>\n<li>L\u00e4mmityspinta-ala on 1,2mx 0,5m.<\/li>\n<li>Vahva UV-kest\u00e4v\u00e4 pinnoite<\/li>\n<li>Voidaan k\u00e4ytt\u00e4\u00e4 ulkona<\/li>\n<li>Roiskevesitiivis sateenkest\u00e4v\u00e4, eli voi olla ulkona s\u00e4\u00e4ss\u00e4 kuin s\u00e4\u00e4ss\u00e4.<\/li>\n<li>Nopea &#8221;Push-fit&#8221;-kiinnitysj\u00e4rjestelm\u00e4<\/li>\n<li>Asennettuna vie v\u00e4h\u00e4n tilaa, jos se ei ole k\u00e4yt\u00f6ss\u00e4<\/li>\n<li>Tasainen l\u00e4mp\u00f6tilan jakautuminen kasvihuoneessa<\/li>\n<li>Vetoketjulla s\u00e4\u00e4dett\u00e4v\u00e4 tuuletus sivuilla<\/li>\n<\/ul>\n<h2>Mini Jumbo Tekniset tiedot<\/h2>\n<ul>\n<li>L\u00e4mmitysmaton teho on 150W<\/li>\n<li>Virta 230V ja 8,85A<\/li>\n<li>Vedenkest\u00e4vyys IPX2<\/li>\n<li>L\u00e4mmitysmaton termostaatin toiminta-alue 0- 40C<\/li>\n<li>Miniluolan mitat ovat 130x60x50 cm.<\/li>\n<\/ul>\n<div><a href=\"https:\/\/rodoaed.ee\/fi\/\">kotisivu<\/a> <a href=\"https:\/\/rodoaed.ee\/tootekategooria\/kasvuhooned-ja-talveaiad\/\">k\u00e4ynnist\u00e4<\/a> <a href=\"https:\/\/rodoaed.ee\/fi\/tootekategooria\/kasvihuoneen-tarvikkeet\/\">tarvikkeet<\/a> <a href=\"https:\/\/rodoaed.ee\/fi\/tootekategooria\/kasvihuoneen-tarvikkeet\/kasvihuoneen-lammitys\/\">l\u00e4mmitys<\/a> <a href=\"https:\/\/rodoaed.ee\/?post_type=product&#038;p=23174\">kasvihuone tuuletin Palma<\/a><\/div>\n<div><\/div>\n","protected":false},"excerpt":{"rendered":"<p>Jumbo minikasvihuone on erinomainen tapa id\u00e4tt\u00e4\u00e4 siemeni\u00e4, kasvattaa kasveja ja talvehtia huonekasveja. Jumbon minisaunassa on tarkasti s\u00e4\u00e4dett\u00e4v\u00e4 l\u00e4mp\u00f6tila-alue 0-40C, jota ohjataan kiuasmattojen omalla termostaatilla. L\u00e4mmityksest\u00e4 huolehtii 150W:n repim\u00e4t\u00f6n alumiinip\u00e4\u00e4llysteinen s\u00e4hk\u00f6matto. Jumbo on uusi malli minivenevajasta, jonka mitat ovat eritt\u00e4in suuret (pituus 130 cm ja leveys 60 cm). Suuri koko antaa mahdollisuuden kasvattaa useampia kasveja kerrallaan ja suurempia kasveja ymp\u00e4ri vuoden. Kasvihuone on kehystetty tukevalla alumiinirakenteella,&#8230;<\/p>\n","protected":false},"featured_media":26266,"template":"","meta":{"_acf_changed":false},"product_brand":[],"product_cat":[1811,1992,1869,1858],"product_tag":[],"class_list":{"0":"post-53746","1":"product","2":"type-product","3":"status-publish","4":"has-post-thumbnail","6":"product_cat-kasvien-kasvattaminen","7":"product_cat-kasvihuoneen-lammitys","8":"product_cat-kasvihuoneen-tarvikkeet","9":"product_cat-miniatyyritilat-ja-esikasvatus","10":"product_shipping_class-kuljetus-ainoastaan-kuriiripalvelun-valityksella","11":"pa_variatsioon-15-mini-jumbo-lammitysmatolla-ja-termostaatilla-varustettuna","13":"first","14":"outofstock","15":"sale","16":"taxable","17":"shipping-taxable","18":"purchasable","19":"product-type-simple"},"acf":[],"yoast_head":"<!-- This site is optimized with the Yoast SEO Premium plugin v27.3 (Yoast SEO v27.3) - https:\/\/yoast.com\/product\/yoast-seo-premium-wordpress\/ -->\n<title>Jumbo minisauna, jossa on l\u00e4mp\u00f6matto ja termostaatti 130x60x50cm. - Rodoaed<\/title>\n<meta name=\"description\" content=\"Jumbo minikasvihuone on erinomainen tapa id\u00e4tt\u00e4\u00e4 siemeni\u00e4, kasvattaa kasveja ja talvehtia huonekasveja. Minikasvihuone Jumbo.\" \/>\n<meta name=\"robots\" content=\"index, follow, max-snippet:-1, max-image-preview:large, max-video-preview:-1\" \/>\n<link rel=\"canonical\" href=\"https:\/\/rodoaed.ee\/fi\/toode\/jumbo-minisauna-jossa-on-lampomatto-ja-termostaatti-130x60x50cm\/\" \/>\n<meta property=\"og:locale\" content=\"fi_FI\" \/>\n<meta property=\"og:type\" content=\"article\" \/>\n<meta property=\"og:title\" content=\"Jumbo minisauna, jossa on l\u00e4mp\u00f6matto ja termostaatti 130x60x50cm.\" \/>\n<meta property=\"og:description\" content=\"Jumbo minikasvihuone on erinomainen tapa id\u00e4tt\u00e4\u00e4 siemeni\u00e4, kasvattaa kasveja ja talvehtia huonekasveja. Jumbon minisaunassa on tarkasti s\u00e4\u00e4dett\u00e4v\u00e4\" \/>\n<meta property=\"og:url\" content=\"https:\/\/rodoaed.ee\/fi\/toode\/jumbo-minisauna-jossa-on-lampomatto-ja-termostaatti-130x60x50cm\/\" \/>\n<meta property=\"og:site_name\" content=\"Rodoaed\" \/>\n<meta property=\"article:publisher\" content=\"https:\/\/www.facebook.com\/kasvuhooned\/\" \/>\n<meta property=\"article:modified_time\" content=\"2026-04-13T08:11:06+00:00\" \/>\n<meta property=\"og:image\" content=\"https:\/\/rodoaed.ee\/wp-content\/uploads\/2019\/08\/minikasvuhoone-Jumbo_02.jpg\" \/>\n\t<meta property=\"og:image:width\" content=\"700\" \/>\n\t<meta property=\"og:image:height\" content=\"700\" \/>\n\t<meta property=\"og:image:type\" content=\"image\/jpeg\" \/>\n<meta name=\"twitter:card\" content=\"summary_large_image\" \/>\n<meta name=\"twitter:label1\" content=\"Arvioitu lukuaika\" \/>\n\t<meta name=\"twitter:data1\" content=\"2 minuuttia\" \/>\n<script type=\"application\/ld+json\" class=\"yoast-schema-graph\">{\"@context\":\"https:\\\/\\\/schema.org\",\"@graph\":[{\"@type\":\"WebPage\",\"@id\":\"https:\\\/\\\/rodoaed.ee\\\/fi\\\/toode\\\/jumbo-minisauna-jossa-on-lampomatto-ja-termostaatti-130x60x50cm\\\/\",\"url\":\"https:\\\/\\\/rodoaed.ee\\\/fi\\\/toode\\\/jumbo-minisauna-jossa-on-lampomatto-ja-termostaatti-130x60x50cm\\\/\",\"name\":\"Jumbo minisauna, jossa on l\u00e4mp\u00f6matto ja termostaatti 130x60x50cm. - Rodoaed\",\"isPartOf\":{\"@id\":\"https:\\\/\\\/rodoaed.ee\\\/#website\"},\"primaryImageOfPage\":{\"@id\":\"https:\\\/\\\/rodoaed.ee\\\/fi\\\/toode\\\/jumbo-minisauna-jossa-on-lampomatto-ja-termostaatti-130x60x50cm\\\/#primaryimage\"},\"image\":{\"@id\":\"https:\\\/\\\/rodoaed.ee\\\/fi\\\/toode\\\/jumbo-minisauna-jossa-on-lampomatto-ja-termostaatti-130x60x50cm\\\/#primaryimage\"},\"thumbnailUrl\":\"https:\\\/\\\/rodoaed.ee\\\/wp-content\\\/uploads\\\/2019\\\/08\\\/minikasvuhoone-Jumbo_02.jpg\",\"datePublished\":\"2019-08-02T09:47:16+00:00\",\"dateModified\":\"2026-04-13T08:11:06+00:00\",\"description\":\"Jumbo minikasvihuone on erinomainen tapa id\u00e4tt\u00e4\u00e4 siemeni\u00e4, kasvattaa kasveja ja talvehtia huonekasveja. Minikasvihuone Jumbo.\",\"breadcrumb\":{\"@id\":\"https:\\\/\\\/rodoaed.ee\\\/fi\\\/toode\\\/jumbo-minisauna-jossa-on-lampomatto-ja-termostaatti-130x60x50cm\\\/#breadcrumb\"},\"inLanguage\":\"fi\",\"potentialAction\":[{\"@type\":\"ReadAction\",\"target\":[\"https:\\\/\\\/rodoaed.ee\\\/fi\\\/toode\\\/jumbo-minisauna-jossa-on-lampomatto-ja-termostaatti-130x60x50cm\\\/\"]}]},{\"@type\":\"ImageObject\",\"inLanguage\":\"fi\",\"@id\":\"https:\\\/\\\/rodoaed.ee\\\/fi\\\/toode\\\/jumbo-minisauna-jossa-on-lampomatto-ja-termostaatti-130x60x50cm\\\/#primaryimage\",\"url\":\"https:\\\/\\\/rodoaed.ee\\\/wp-content\\\/uploads\\\/2019\\\/08\\\/minikasvuhoone-Jumbo_02.jpg\",\"contentUrl\":\"https:\\\/\\\/rodoaed.ee\\\/wp-content\\\/uploads\\\/2019\\\/08\\\/minikasvuhoone-Jumbo_02.jpg\",\"width\":700,\"height\":700,\"caption\":\"Mini Jumbo\"},{\"@type\":\"BreadcrumbList\",\"@id\":\"https:\\\/\\\/rodoaed.ee\\\/fi\\\/toode\\\/jumbo-minisauna-jossa-on-lampomatto-ja-termostaatti-130x60x50cm\\\/#breadcrumb\",\"itemListElement\":[{\"@type\":\"ListItem\",\"position\":1,\"name\":\"Home\",\"item\":\"https:\\\/\\\/rodoaed.ee\\\/fi\\\/\"},{\"@type\":\"ListItem\",\"position\":2,\"name\":\"Osta osoitteessa\",\"item\":\"https:\\\/\\\/rodoaed.ee\\\/osta-osoitteessa\\\/\"},{\"@type\":\"ListItem\",\"position\":3,\"name\":\"Jumbo minisauna, jossa on l\u00e4mp\u00f6matto ja termostaatti 130x60x50cm.\"}]},{\"@type\":\"WebSite\",\"@id\":\"https:\\\/\\\/rodoaed.ee\\\/#website\",\"url\":\"https:\\\/\\\/rodoaed.ee\\\/\",\"name\":\"Rodoaed\",\"description\":\"\",\"publisher\":{\"@id\":\"https:\\\/\\\/rodoaed.ee\\\/#organization\"},\"potentialAction\":[{\"@type\":\"SearchAction\",\"target\":{\"@type\":\"EntryPoint\",\"urlTemplate\":\"https:\\\/\\\/rodoaed.ee\\\/?s={search_term_string}\"},\"query-input\":{\"@type\":\"PropertyValueSpecification\",\"valueRequired\":true,\"valueName\":\"search_term_string\"}}],\"inLanguage\":\"fi\"},{\"@type\":\"Organization\",\"@id\":\"https:\\\/\\\/rodoaed.ee\\\/#organization\",\"name\":\"Rodoaed\",\"url\":\"https:\\\/\\\/rodoaed.ee\\\/\",\"logo\":{\"@type\":\"ImageObject\",\"inLanguage\":\"fi\",\"@id\":\"https:\\\/\\\/rodoaed.ee\\\/#\\\/schema\\\/logo\\\/image\\\/\",\"url\":\"https:\\\/\\\/rodoaed.ee\\\/wp-content\\\/uploads\\\/2019\\\/11\\\/rodoaed-logo-ilma-taustata.jpg\",\"contentUrl\":\"https:\\\/\\\/rodoaed.ee\\\/wp-content\\\/uploads\\\/2019\\\/11\\\/rodoaed-logo-ilma-taustata.jpg\",\"width\":769,\"height\":268,\"caption\":\"Rodoaed\"},\"image\":{\"@id\":\"https:\\\/\\\/rodoaed.ee\\\/#\\\/schema\\\/logo\\\/image\\\/\"},\"sameAs\":[\"https:\\\/\\\/www.facebook.com\\\/kasvuhooned\\\/\",\"https:\\\/\\\/rodoaed.ee\"]}]}<\/script>\n<!-- \/ Yoast SEO Premium plugin. -->","yoast_head_json":{"title":"Jumbo minisauna, jossa on l\u00e4mp\u00f6matto ja termostaatti 130x60x50cm. - Rodoaed","description":"Jumbo minikasvihuone on erinomainen tapa id\u00e4tt\u00e4\u00e4 siemeni\u00e4, kasvattaa kasveja ja talvehtia huonekasveja. Minikasvihuone Jumbo.","robots":{"index":"index","follow":"follow","max-snippet":"max-snippet:-1","max-image-preview":"max-image-preview:large","max-video-preview":"max-video-preview:-1"},"canonical":"https:\/\/rodoaed.ee\/fi\/toode\/jumbo-minisauna-jossa-on-lampomatto-ja-termostaatti-130x60x50cm\/","og_locale":"fi_FI","og_type":"article","og_title":"Jumbo minisauna, jossa on l\u00e4mp\u00f6matto ja termostaatti 130x60x50cm.","og_description":"Jumbo minikasvihuone on erinomainen tapa id\u00e4tt\u00e4\u00e4 siemeni\u00e4, kasvattaa kasveja ja talvehtia huonekasveja. Jumbon minisaunassa on tarkasti s\u00e4\u00e4dett\u00e4v\u00e4","og_url":"https:\/\/rodoaed.ee\/fi\/toode\/jumbo-minisauna-jossa-on-lampomatto-ja-termostaatti-130x60x50cm\/","og_site_name":"Rodoaed","article_publisher":"https:\/\/www.facebook.com\/kasvuhooned\/","article_modified_time":"2026-04-13T08:11:06+00:00","og_image":[{"width":700,"height":700,"url":"https:\/\/rodoaed.ee\/wp-content\/uploads\/2019\/08\/minikasvuhoone-Jumbo_02.jpg","type":"image\/jpeg"}],"twitter_card":"summary_large_image","twitter_misc":{"Arvioitu lukuaika":"2 minuuttia"},"schema":{"@context":"https:\/\/schema.org","@graph":[{"@type":"WebPage","@id":"https:\/\/rodoaed.ee\/fi\/toode\/jumbo-minisauna-jossa-on-lampomatto-ja-termostaatti-130x60x50cm\/","url":"https:\/\/rodoaed.ee\/fi\/toode\/jumbo-minisauna-jossa-on-lampomatto-ja-termostaatti-130x60x50cm\/","name":"Jumbo minisauna, jossa on l\u00e4mp\u00f6matto ja termostaatti 130x60x50cm. - Rodoaed","isPartOf":{"@id":"https:\/\/rodoaed.ee\/#website"},"primaryImageOfPage":{"@id":"https:\/\/rodoaed.ee\/fi\/toode\/jumbo-minisauna-jossa-on-lampomatto-ja-termostaatti-130x60x50cm\/#primaryimage"},"image":{"@id":"https:\/\/rodoaed.ee\/fi\/toode\/jumbo-minisauna-jossa-on-lampomatto-ja-termostaatti-130x60x50cm\/#primaryimage"},"thumbnailUrl":"https:\/\/rodoaed.ee\/wp-content\/uploads\/2019\/08\/minikasvuhoone-Jumbo_02.jpg","datePublished":"2019-08-02T09:47:16+00:00","dateModified":"2026-04-13T08:11:06+00:00","description":"Jumbo minikasvihuone on erinomainen tapa id\u00e4tt\u00e4\u00e4 siemeni\u00e4, kasvattaa kasveja ja talvehtia huonekasveja. Minikasvihuone Jumbo.","breadcrumb":{"@id":"https:\/\/rodoaed.ee\/fi\/toode\/jumbo-minisauna-jossa-on-lampomatto-ja-termostaatti-130x60x50cm\/#breadcrumb"},"inLanguage":"fi","potentialAction":[{"@type":"ReadAction","target":["https:\/\/rodoaed.ee\/fi\/toode\/jumbo-minisauna-jossa-on-lampomatto-ja-termostaatti-130x60x50cm\/"]}]},{"@type":"ImageObject","inLanguage":"fi","@id":"https:\/\/rodoaed.ee\/fi\/toode\/jumbo-minisauna-jossa-on-lampomatto-ja-termostaatti-130x60x50cm\/#primaryimage","url":"https:\/\/rodoaed.ee\/wp-content\/uploads\/2019\/08\/minikasvuhoone-Jumbo_02.jpg","contentUrl":"https:\/\/rodoaed.ee\/wp-content\/uploads\/2019\/08\/minikasvuhoone-Jumbo_02.jpg","width":700,"height":700,"caption":"Mini Jumbo"},{"@type":"BreadcrumbList","@id":"https:\/\/rodoaed.ee\/fi\/toode\/jumbo-minisauna-jossa-on-lampomatto-ja-termostaatti-130x60x50cm\/#breadcrumb","itemListElement":[{"@type":"ListItem","position":1,"name":"Home","item":"https:\/\/rodoaed.ee\/fi\/"},{"@type":"ListItem","position":2,"name":"Osta osoitteessa","item":"https:\/\/rodoaed.ee\/osta-osoitteessa\/"},{"@type":"ListItem","position":3,"name":"Jumbo minisauna, jossa on l\u00e4mp\u00f6matto ja termostaatti 130x60x50cm."}]},{"@type":"WebSite","@id":"https:\/\/rodoaed.ee\/#website","url":"https:\/\/rodoaed.ee\/","name":"Rodoaed","description":"","publisher":{"@id":"https:\/\/rodoaed.ee\/#organization"},"potentialAction":[{"@type":"SearchAction","target":{"@type":"EntryPoint","urlTemplate":"https:\/\/rodoaed.ee\/?s={search_term_string}"},"query-input":{"@type":"PropertyValueSpecification","valueRequired":true,"valueName":"search_term_string"}}],"inLanguage":"fi"},{"@type":"Organization","@id":"https:\/\/rodoaed.ee\/#organization","name":"Rodoaed","url":"https:\/\/rodoaed.ee\/","logo":{"@type":"ImageObject","inLanguage":"fi","@id":"https:\/\/rodoaed.ee\/#\/schema\/logo\/image\/","url":"https:\/\/rodoaed.ee\/wp-content\/uploads\/2019\/11\/rodoaed-logo-ilma-taustata.jpg","contentUrl":"https:\/\/rodoaed.ee\/wp-content\/uploads\/2019\/11\/rodoaed-logo-ilma-taustata.jpg","width":769,"height":268,"caption":"Rodoaed"},"image":{"@id":"https:\/\/rodoaed.ee\/#\/schema\/logo\/image\/"},"sameAs":["https:\/\/www.facebook.com\/kasvuhooned\/","https:\/\/rodoaed.ee"]}]}},"_links":{"self":[{"href":"https:\/\/rodoaed.ee\/fi\/wp-json\/wp\/v2\/product\/53746","targetHints":{"allow":["GET"]}}],"collection":[{"href":"https:\/\/rodoaed.ee\/fi\/wp-json\/wp\/v2\/product"}],"about":[{"href":"https:\/\/rodoaed.ee\/fi\/wp-json\/wp\/v2\/types\/product"}],"wp:featuredmedia":[{"embeddable":true,"href":"https:\/\/rodoaed.ee\/fi\/wp-json\/wp\/v2\/media\/26266"}],"wp:attachment":[{"href":"https:\/\/rodoaed.ee\/fi\/wp-json\/wp\/v2\/media?parent=53746"}],"wp:term":[{"taxonomy":"product_brand","embeddable":true,"href":"https:\/\/rodoaed.ee\/fi\/wp-json\/wp\/v2\/product_brand?post=53746"},{"taxonomy":"product_cat","embeddable":true,"href":"https:\/\/rodoaed.ee\/fi\/wp-json\/wp\/v2\/product_cat?post=53746"},{"taxonomy":"product_tag","embeddable":true,"href":"https:\/\/rodoaed.ee\/fi\/wp-json\/wp\/v2\/product_tag?post=53746"}],"curies":[{"name":"wp","href":"https:\/\/api.w.org\/{rel}","templated":true}]}}