{"id":53747,"date":"2019-08-02T12:47:16","date_gmt":"2019-08-02T09:47:16","guid":{"rendered":"https:\/\/rodoaed.ee\/toode\/kasteluletkun-liittimet-3-kolmikkoa-8-3-8-mm\/"},"modified":"2026-04-13T11:11:07","modified_gmt":"2026-04-13T08:11:07","slug":"kasteluletkun-liittimet-3-kolmikkoa-8-3-8-mm","status":"publish","type":"product","link":"https:\/\/rodoaed.ee\/fi\/tuote\/kasteluletkun-liittimet-3-kolmikkoa-8-3-8-mm\/","title":{"rendered":"Kasteluletkun liittimet &#8211; 3 kolmikkoa 8-3-8 mm"},"content":{"rendered":"<p><strong>\u00d8 8 mm kasteluletkuliit\u00e4nn\u00e4t &#8211; 3 kolminkertaista T-liit\u00e4nt\u00e4\u00e4 8-3-8 mm<\/strong><\/p>\n<p>Blumatin suurissa ja pieniss\u00e4 sarjoissa jokaisen keraamisen anturin mukana toimitetaan yksi t\u00e4llainen liitin. Kun laitosten sijaintipaikat kuitenkin muuttuvat ajan my\u00f6t\u00e4 ja j\u00e4rjestelm\u00e4\u00e4 on mukautettava, on helpompaa yksinkertaisesti asettaa uusi kolmio oikeaan paikkaan ja j\u00e4tt\u00e4\u00e4 vanha pois. <\/p>\n<p><a href=\"https:\/\/rodoaed.ee\/fi\/\">kotisivu<\/a> <a href=\"https:\/\/rodoaed.ee\/tootekategooria\/kasvuhooned-ja-talveaiad\/\">k\u00e4ynnist\u00e4<\/a> <a href=\"https:\/\/rodoaed.ee\/fi\/tootekategooria\/kasvihuoneen-tarvikkeet\/\">tarvikkeet<\/a> <a href=\"https:\/\/rodoaed.ee\/fi\/tootekategooria\/kasvihuoneen-tarvikkeet\/kasvihuoneen-kastelu\/\">kastelu<\/a> <a href=\"https:\/\/rodoaed.ee\/?post_type=product&#038;p=22828\">suuri Blumat<\/a><\/p>\n<p>&nbsp;<\/p>\n","protected":false},"excerpt":{"rendered":"<p>\u00d8 8 mm kasteluletkuliit\u00e4nn\u00e4t &#8211; 3 kolminkertaista T-liit\u00e4nt\u00e4\u00e4 8-3-8 mm Blumatin suurissa ja pieniss\u00e4 sarjoissa jokaisen keraamisen anturin mukana toimitetaan yksi t\u00e4llainen liitin. Kun laitosten sijaintipaikat kuitenkin muuttuvat ajan my\u00f6t\u00e4 ja j\u00e4rjestelm\u00e4\u00e4 on mukautettava, on helpompaa yksinkertaisesti asettaa uusi kolmio oikeaan paikkaan ja j\u00e4tt\u00e4\u00e4 vanha pois. kotisivu k\u00e4ynnist\u00e4 tarvikkeet kastelu suuri Blumat &nbsp;<\/p>\n","protected":false},"featured_media":18706,"template":"","meta":{"_acf_changed":false},"product_brand":[],"product_cat":[1996,1984,1987,1869],"product_tag":[],"class_list":{"0":"post-53747","1":"product","2":"type-product","3":"status-publish","4":"has-post-thumbnail","6":"product_cat-blumat-liittimet-ja-adapterit","7":"product_cat-kastijarjestelmat","8":"product_cat-kasvihuoneen-kastelu","9":"product_cat-kasvihuoneen-tarvikkeet","10":"product_shipping_class-toimitus-1-3-tyopaivan-kuluessa","11":"pa_variatsioon-kasteluletkun-liittimet-3-kolmikkoa-8-3-8-mm","13":"first","14":"instock","15":"taxable","16":"shipping-taxable","17":"purchasable","18":"product-type-simple"},"acf":[],"yoast_head":"<!-- This site is optimized with the Yoast SEO Premium plugin v27.3 (Yoast SEO v27.3) - https:\/\/yoast.com\/product\/yoast-seo-premium-wordpress\/ -->\n<title>Kasteluletkun liittimet - 3 kolmikkoa 8-3-8 mm - Rodoaed<\/title>\n<meta name=\"robots\" content=\"index, follow, max-snippet:-1, max-image-preview:large, max-video-preview:-1\" \/>\n<link rel=\"canonical\" href=\"https:\/\/rodoaed.ee\/fi\/toode\/kasteluletkun-liittimet-3-kolmikkoa-8-3-8-mm\/\" \/>\n<meta property=\"og:locale\" content=\"fi_FI\" \/>\n<meta property=\"og:type\" content=\"article\" \/>\n<meta property=\"og:title\" content=\"Kasteluletkun liittimet - 3 kolmikkoa 8-3-8 mm\" \/>\n<meta property=\"og:description\" content=\"\u00d8 8 mm kasteluletkuliit\u00e4nn\u00e4t - 3 kolminkertaista T-liit\u00e4nt\u00e4\u00e4 8-3-8 mm Blumatin suurissa ja pieniss\u00e4 sarjoissa jokaisen keraamisen anturin mukana\" \/>\n<meta property=\"og:url\" content=\"https:\/\/rodoaed.ee\/fi\/toode\/kasteluletkun-liittimet-3-kolmikkoa-8-3-8-mm\/\" \/>\n<meta property=\"og:site_name\" content=\"Rodoaed\" \/>\n<meta property=\"article:publisher\" content=\"https:\/\/www.facebook.com\/kasvuhooned\/\" \/>\n<meta property=\"article:modified_time\" content=\"2026-04-13T08:11:07+00:00\" \/>\n<meta property=\"og:image\" content=\"https:\/\/rodoaed.ee\/wp-content\/uploads\/2019\/07\/8mm-3mm-kolmikud_32409.jpg\" \/>\n\t<meta property=\"og:image:width\" content=\"600\" \/>\n\t<meta property=\"og:image:height\" content=\"600\" \/>\n\t<meta property=\"og:image:type\" content=\"image\/jpeg\" \/>\n<meta name=\"twitter:card\" content=\"summary_large_image\" \/>\n<script type=\"application\/ld+json\" class=\"yoast-schema-graph\">{\"@context\":\"https:\\\/\\\/schema.org\",\"@graph\":[{\"@type\":\"WebPage\",\"@id\":\"https:\\\/\\\/rodoaed.ee\\\/fi\\\/toode\\\/kasteluletkun-liittimet-3-kolmikkoa-8-3-8-mm\\\/\",\"url\":\"https:\\\/\\\/rodoaed.ee\\\/fi\\\/toode\\\/kasteluletkun-liittimet-3-kolmikkoa-8-3-8-mm\\\/\",\"name\":\"Kasteluletkun liittimet - 3 kolmikkoa 8-3-8 mm - Rodoaed\",\"isPartOf\":{\"@id\":\"https:\\\/\\\/rodoaed.ee\\\/#website\"},\"primaryImageOfPage\":{\"@id\":\"https:\\\/\\\/rodoaed.ee\\\/fi\\\/toode\\\/kasteluletkun-liittimet-3-kolmikkoa-8-3-8-mm\\\/#primaryimage\"},\"image\":{\"@id\":\"https:\\\/\\\/rodoaed.ee\\\/fi\\\/toode\\\/kasteluletkun-liittimet-3-kolmikkoa-8-3-8-mm\\\/#primaryimage\"},\"thumbnailUrl\":\"https:\\\/\\\/rodoaed.ee\\\/wp-content\\\/uploads\\\/2019\\\/07\\\/8mm-3mm-kolmikud_32409.jpg\",\"datePublished\":\"2019-08-02T09:47:16+00:00\",\"dateModified\":\"2026-04-13T08:11:07+00:00\",\"breadcrumb\":{\"@id\":\"https:\\\/\\\/rodoaed.ee\\\/fi\\\/toode\\\/kasteluletkun-liittimet-3-kolmikkoa-8-3-8-mm\\\/#breadcrumb\"},\"inLanguage\":\"fi\",\"potentialAction\":[{\"@type\":\"ReadAction\",\"target\":[\"https:\\\/\\\/rodoaed.ee\\\/fi\\\/toode\\\/kasteluletkun-liittimet-3-kolmikkoa-8-3-8-mm\\\/\"]}]},{\"@type\":\"ImageObject\",\"inLanguage\":\"fi\",\"@id\":\"https:\\\/\\\/rodoaed.ee\\\/fi\\\/toode\\\/kasteluletkun-liittimet-3-kolmikkoa-8-3-8-mm\\\/#primaryimage\",\"url\":\"https:\\\/\\\/rodoaed.ee\\\/wp-content\\\/uploads\\\/2019\\\/07\\\/8mm-3mm-kolmikud_32409.jpg\",\"contentUrl\":\"https:\\\/\\\/rodoaed.ee\\\/wp-content\\\/uploads\\\/2019\\\/07\\\/8mm-3mm-kolmikud_32409.jpg\",\"width\":600,\"height\":600},{\"@type\":\"BreadcrumbList\",\"@id\":\"https:\\\/\\\/rodoaed.ee\\\/fi\\\/toode\\\/kasteluletkun-liittimet-3-kolmikkoa-8-3-8-mm\\\/#breadcrumb\",\"itemListElement\":[{\"@type\":\"ListItem\",\"position\":1,\"name\":\"Home\",\"item\":\"https:\\\/\\\/rodoaed.ee\\\/fi\\\/\"},{\"@type\":\"ListItem\",\"position\":2,\"name\":\"Osta osoitteessa\",\"item\":\"https:\\\/\\\/rodoaed.ee\\\/osta-osoitteessa\\\/\"},{\"@type\":\"ListItem\",\"position\":3,\"name\":\"Kasteluletkun liittimet &#8211; 3 kolmikkoa 8-3-8 mm\"}]},{\"@type\":\"WebSite\",\"@id\":\"https:\\\/\\\/rodoaed.ee\\\/#website\",\"url\":\"https:\\\/\\\/rodoaed.ee\\\/\",\"name\":\"Rodoaed\",\"description\":\"\",\"publisher\":{\"@id\":\"https:\\\/\\\/rodoaed.ee\\\/#organization\"},\"potentialAction\":[{\"@type\":\"SearchAction\",\"target\":{\"@type\":\"EntryPoint\",\"urlTemplate\":\"https:\\\/\\\/rodoaed.ee\\\/?s={search_term_string}\"},\"query-input\":{\"@type\":\"PropertyValueSpecification\",\"valueRequired\":true,\"valueName\":\"search_term_string\"}}],\"inLanguage\":\"fi\"},{\"@type\":\"Organization\",\"@id\":\"https:\\\/\\\/rodoaed.ee\\\/#organization\",\"name\":\"Rodoaed\",\"url\":\"https:\\\/\\\/rodoaed.ee\\\/\",\"logo\":{\"@type\":\"ImageObject\",\"inLanguage\":\"fi\",\"@id\":\"https:\\\/\\\/rodoaed.ee\\\/#\\\/schema\\\/logo\\\/image\\\/\",\"url\":\"https:\\\/\\\/rodoaed.ee\\\/wp-content\\\/uploads\\\/2019\\\/11\\\/rodoaed-logo-ilma-taustata.jpg\",\"contentUrl\":\"https:\\\/\\\/rodoaed.ee\\\/wp-content\\\/uploads\\\/2019\\\/11\\\/rodoaed-logo-ilma-taustata.jpg\",\"width\":769,\"height\":268,\"caption\":\"Rodoaed\"},\"image\":{\"@id\":\"https:\\\/\\\/rodoaed.ee\\\/#\\\/schema\\\/logo\\\/image\\\/\"},\"sameAs\":[\"https:\\\/\\\/www.facebook.com\\\/kasvuhooned\\\/\",\"https:\\\/\\\/rodoaed.ee\"]}]}<\/script>\n<!-- \/ Yoast SEO Premium plugin. -->","yoast_head_json":{"title":"Kasteluletkun liittimet - 3 kolmikkoa 8-3-8 mm - Rodoaed","robots":{"index":"index","follow":"follow","max-snippet":"max-snippet:-1","max-image-preview":"max-image-preview:large","max-video-preview":"max-video-preview:-1"},"canonical":"https:\/\/rodoaed.ee\/fi\/toode\/kasteluletkun-liittimet-3-kolmikkoa-8-3-8-mm\/","og_locale":"fi_FI","og_type":"article","og_title":"Kasteluletkun liittimet - 3 kolmikkoa 8-3-8 mm","og_description":"\u00d8 8 mm kasteluletkuliit\u00e4nn\u00e4t - 3 kolminkertaista T-liit\u00e4nt\u00e4\u00e4 8-3-8 mm Blumatin suurissa ja pieniss\u00e4 sarjoissa jokaisen keraamisen anturin mukana","og_url":"https:\/\/rodoaed.ee\/fi\/toode\/kasteluletkun-liittimet-3-kolmikkoa-8-3-8-mm\/","og_site_name":"Rodoaed","article_publisher":"https:\/\/www.facebook.com\/kasvuhooned\/","article_modified_time":"2026-04-13T08:11:07+00:00","og_image":[{"width":600,"height":600,"url":"https:\/\/rodoaed.ee\/wp-content\/uploads\/2019\/07\/8mm-3mm-kolmikud_32409.jpg","type":"image\/jpeg"}],"twitter_card":"summary_large_image","schema":{"@context":"https:\/\/schema.org","@graph":[{"@type":"WebPage","@id":"https:\/\/rodoaed.ee\/fi\/toode\/kasteluletkun-liittimet-3-kolmikkoa-8-3-8-mm\/","url":"https:\/\/rodoaed.ee\/fi\/toode\/kasteluletkun-liittimet-3-kolmikkoa-8-3-8-mm\/","name":"Kasteluletkun liittimet - 3 kolmikkoa 8-3-8 mm - Rodoaed","isPartOf":{"@id":"https:\/\/rodoaed.ee\/#website"},"primaryImageOfPage":{"@id":"https:\/\/rodoaed.ee\/fi\/toode\/kasteluletkun-liittimet-3-kolmikkoa-8-3-8-mm\/#primaryimage"},"image":{"@id":"https:\/\/rodoaed.ee\/fi\/toode\/kasteluletkun-liittimet-3-kolmikkoa-8-3-8-mm\/#primaryimage"},"thumbnailUrl":"https:\/\/rodoaed.ee\/wp-content\/uploads\/2019\/07\/8mm-3mm-kolmikud_32409.jpg","datePublished":"2019-08-02T09:47:16+00:00","dateModified":"2026-04-13T08:11:07+00:00","breadcrumb":{"@id":"https:\/\/rodoaed.ee\/fi\/toode\/kasteluletkun-liittimet-3-kolmikkoa-8-3-8-mm\/#breadcrumb"},"inLanguage":"fi","potentialAction":[{"@type":"ReadAction","target":["https:\/\/rodoaed.ee\/fi\/toode\/kasteluletkun-liittimet-3-kolmikkoa-8-3-8-mm\/"]}]},{"@type":"ImageObject","inLanguage":"fi","@id":"https:\/\/rodoaed.ee\/fi\/toode\/kasteluletkun-liittimet-3-kolmikkoa-8-3-8-mm\/#primaryimage","url":"https:\/\/rodoaed.ee\/wp-content\/uploads\/2019\/07\/8mm-3mm-kolmikud_32409.jpg","contentUrl":"https:\/\/rodoaed.ee\/wp-content\/uploads\/2019\/07\/8mm-3mm-kolmikud_32409.jpg","width":600,"height":600},{"@type":"BreadcrumbList","@id":"https:\/\/rodoaed.ee\/fi\/toode\/kasteluletkun-liittimet-3-kolmikkoa-8-3-8-mm\/#breadcrumb","itemListElement":[{"@type":"ListItem","position":1,"name":"Home","item":"https:\/\/rodoaed.ee\/fi\/"},{"@type":"ListItem","position":2,"name":"Osta osoitteessa","item":"https:\/\/rodoaed.ee\/osta-osoitteessa\/"},{"@type":"ListItem","position":3,"name":"Kasteluletkun liittimet &#8211; 3 kolmikkoa 8-3-8 mm"}]},{"@type":"WebSite","@id":"https:\/\/rodoaed.ee\/#website","url":"https:\/\/rodoaed.ee\/","name":"Rodoaed","description":"","publisher":{"@id":"https:\/\/rodoaed.ee\/#organization"},"potentialAction":[{"@type":"SearchAction","target":{"@type":"EntryPoint","urlTemplate":"https:\/\/rodoaed.ee\/?s={search_term_string}"},"query-input":{"@type":"PropertyValueSpecification","valueRequired":true,"valueName":"search_term_string"}}],"inLanguage":"fi"},{"@type":"Organization","@id":"https:\/\/rodoaed.ee\/#organization","name":"Rodoaed","url":"https:\/\/rodoaed.ee\/","logo":{"@type":"ImageObject","inLanguage":"fi","@id":"https:\/\/rodoaed.ee\/#\/schema\/logo\/image\/","url":"https:\/\/rodoaed.ee\/wp-content\/uploads\/2019\/11\/rodoaed-logo-ilma-taustata.jpg","contentUrl":"https:\/\/rodoaed.ee\/wp-content\/uploads\/2019\/11\/rodoaed-logo-ilma-taustata.jpg","width":769,"height":268,"caption":"Rodoaed"},"image":{"@id":"https:\/\/rodoaed.ee\/#\/schema\/logo\/image\/"},"sameAs":["https:\/\/www.facebook.com\/kasvuhooned\/","https:\/\/rodoaed.ee"]}]}},"_links":{"self":[{"href":"https:\/\/rodoaed.ee\/fi\/wp-json\/wp\/v2\/product\/53747","targetHints":{"allow":["GET"]}}],"collection":[{"href":"https:\/\/rodoaed.ee\/fi\/wp-json\/wp\/v2\/product"}],"about":[{"href":"https:\/\/rodoaed.ee\/fi\/wp-json\/wp\/v2\/types\/product"}],"wp:featuredmedia":[{"embeddable":true,"href":"https:\/\/rodoaed.ee\/fi\/wp-json\/wp\/v2\/media\/18706"}],"wp:attachment":[{"href":"https:\/\/rodoaed.ee\/fi\/wp-json\/wp\/v2\/media?parent=53747"}],"wp:term":[{"taxonomy":"product_brand","embeddable":true,"href":"https:\/\/rodoaed.ee\/fi\/wp-json\/wp\/v2\/product_brand?post=53747"},{"taxonomy":"product_cat","embeddable":true,"href":"https:\/\/rodoaed.ee\/fi\/wp-json\/wp\/v2\/product_cat?post=53747"},{"taxonomy":"product_tag","embeddable":true,"href":"https:\/\/rodoaed.ee\/fi\/wp-json\/wp\/v2\/product_tag?post=53747"}],"curies":[{"name":"wp","href":"https:\/\/api.w.org\/{rel}","templated":true}]}}