{"id":53748,"date":"2019-08-02T12:47:16","date_gmt":"2019-08-02T09:47:16","guid":{"rendered":"https:\/\/rodoaed.ee\/toode\/kasteluletkun-maa-ankkurit-10kpl\/"},"modified":"2026-04-13T11:11:07","modified_gmt":"2026-04-13T08:11:07","slug":"kasteluletkun-maa-ankkurit-10kpl","status":"publish","type":"product","link":"https:\/\/rodoaed.ee\/fi\/tuote\/kasteluletkun-maa-ankkurit-10kpl\/","title":{"rendered":"Kasteluletkun maa-ankkurit, 10kpl"},"content":{"rendered":"<p><strong>Blumati-maa-ankkurit ovat suuri apu, kun asennat 8 mm:n kasteluletkun kasvihuoneeseen tai kukkapenkkiin.<\/strong><\/p>\n<p>Voit tietysti my\u00f6s sijoittaa kasteluletkun l\u00f6ys\u00e4sti kasvien v\u00e4liin, jolloin kasteluj\u00e4rjestelm\u00e4 toimii yht\u00e4 hyvin. On kuitenkin varsin k\u00e4tev\u00e4\u00e4, jos voit kiinnitt\u00e4\u00e4 antureiden v\u00e4lisen p\u00e4\u00e4letkun maahan tai kasvus\u00e4kkiin, jotta se ei p\u00e4\u00e4se liikkumaan vapaasti. Se lis\u00e4\u00e4 my\u00f6s hieman turvallisuutta siin\u00e4 mieless\u00e4, ett\u00e4 jos satut t\u00f6rm\u00e4\u00e4m\u00e4\u00e4n l\u00f6ys\u00e4\u00e4n kasteluletkuun, vaarana on, ett\u00e4 sensorit irtoavat paikaltaan ja niit\u00e4 on s\u00e4\u00e4dett\u00e4v\u00e4 uudelleen.  <\/p>\n<p>Kiinnitt\u00e4minen on yksinkertaista &#8211; ankkuri ty\u00f6nnet\u00e4\u00e4n maahan ja letku painetaan kiinni ankkuriin napsauttamalla.<\/p>\n<p>Lue lis\u00e4\u00e4 <a title=\"Kasvihuoneen kasteluj\u00e4rjestelm\u00e4\" href=\"https:\/\/rodoaed.ee\/fi\/kasvihuoneen-kastelujarjestelma-automaattinen-kasvien-kastelu\/\">kasteluj\u00e4rjestelm\u00e4n k\u00e4yt\u00f6st\u00e4 ja asentamisesta<\/a>.<\/p>\n<p><a href=\"https:\/\/rodoaed.ee\/fi\/\">kotisivu<\/a> <a href=\"https:\/\/rodoaed.ee\/tootekategooria\/kasvuhooned-ja-talveaiad\/\">k\u00e4ynnist\u00e4<\/a> <a href=\"https:\/\/rodoaed.ee\/fi\/tootekategooria\/kasvihuoneen-tarvikkeet\/\">tarvikkeet<\/a> <a href=\"https:\/\/rodoaed.ee\/fi\/tootekategooria\/kasvihuoneen-tarvikkeet\/kasvihuoneen-kastelu\/\">kastelu<\/a> <a href=\"https:\/\/rodoaed.ee\/?post_type=product&#038;p=22828\">suuri Blumat<\/a><\/p>\n<p>&nbsp;<\/p>\n","protected":false},"excerpt":{"rendered":"<p>Blumati-maa-ankkurit ovat suuri apu, kun asennat 8 mm:n kasteluletkun kasvihuoneeseen tai kukkapenkkiin. Voit tietysti my\u00f6s sijoittaa kasteluletkun l\u00f6ys\u00e4sti kasvien v\u00e4liin, jolloin kasteluj\u00e4rjestelm\u00e4 toimii yht\u00e4 hyvin. On kuitenkin varsin k\u00e4tev\u00e4\u00e4, jos voit kiinnitt\u00e4\u00e4 antureiden v\u00e4lisen p\u00e4\u00e4letkun maahan tai kasvus\u00e4kkiin, jotta se ei p\u00e4\u00e4se liikkumaan vapaasti. Se lis\u00e4\u00e4 my\u00f6s hieman turvallisuutta siin\u00e4 mieless\u00e4, ett\u00e4 jos satut t\u00f6rm\u00e4\u00e4m\u00e4\u00e4n l\u00f6ys\u00e4\u00e4n kasteluletkuun, vaarana on, ett\u00e4 sensorit irtoavat paikaltaan ja niit\u00e4&#8230;<\/p>\n","protected":false},"featured_media":48145,"template":"","meta":{"_acf_changed":false},"product_brand":[],"product_cat":[1989,1984,1987,1869],"product_tag":[],"class_list":{"0":"post-53748","1":"product","2":"type-product","3":"status-publish","4":"has-post-thumbnail","6":"product_cat-automaattiset-kastelujarjestelmat-joissa-on-keraamiset-anturit","7":"product_cat-kastijarjestelmat","8":"product_cat-kasvihuoneen-kastelu","9":"product_cat-kasvihuoneen-tarvikkeet","10":"product_shipping_class-toimitus-1-3-tyopaivan-kuluessa","11":"pa_variatsioon-kasteluletkun-maa-ankkurit-10kpl","13":"first","14":"instock","15":"taxable","16":"shipping-taxable","17":"purchasable","18":"product-type-simple"},"acf":[],"yoast_head":"<!-- This site is optimized with the Yoast SEO Premium plugin v27.3 (Yoast SEO v27.3) - https:\/\/yoast.com\/product\/yoast-seo-premium-wordpress\/ -->\n<title>Kasteluletkun maa-ankkurit, 10kpl - Rodoaed<\/title>\n<meta name=\"robots\" content=\"index, follow, max-snippet:-1, max-image-preview:large, max-video-preview:-1\" \/>\n<link rel=\"canonical\" href=\"https:\/\/rodoaed.ee\/fi\/toode\/kasteluletkun-maa-ankkurit-10kpl\/\" \/>\n<meta property=\"og:locale\" content=\"fi_FI\" \/>\n<meta property=\"og:type\" content=\"article\" \/>\n<meta property=\"og:title\" content=\"Kasteluletkun maa-ankkurit, 10kpl\" \/>\n<meta property=\"og:description\" content=\"Blumati-maa-ankkurit ovat suuri apu, kun asennat 8 mm:n kasteluletkun kasvihuoneeseen tai kukkapenkkiin. Voit tietysti my\u00f6s sijoittaa kasteluletkun\" \/>\n<meta property=\"og:url\" content=\"https:\/\/rodoaed.ee\/fi\/toode\/kasteluletkun-maa-ankkurit-10kpl\/\" \/>\n<meta property=\"og:site_name\" content=\"Rodoaed\" \/>\n<meta property=\"article:publisher\" content=\"https:\/\/www.facebook.com\/kasvuhooned\/\" \/>\n<meta property=\"article:modified_time\" content=\"2026-04-13T08:11:07+00:00\" \/>\n<meta property=\"og:image\" content=\"https:\/\/rodoaed.ee\/wp-content\/uploads\/2019\/08\/voolik-maa-ankrud_ankrujalad_2.jpg\" \/>\n\t<meta property=\"og:image:width\" content=\"384\" \/>\n\t<meta property=\"og:image:height\" content=\"1121\" \/>\n\t<meta property=\"og:image:type\" content=\"image\/jpeg\" \/>\n<meta name=\"twitter:card\" content=\"summary_large_image\" \/>\n<meta name=\"twitter:label1\" content=\"Arvioitu lukuaika\" \/>\n\t<meta name=\"twitter:data1\" content=\"1 minuutti\" \/>\n<script type=\"application\/ld+json\" class=\"yoast-schema-graph\">{\"@context\":\"https:\\\/\\\/schema.org\",\"@graph\":[{\"@type\":\"WebPage\",\"@id\":\"https:\\\/\\\/rodoaed.ee\\\/fi\\\/toode\\\/kasteluletkun-maa-ankkurit-10kpl\\\/\",\"url\":\"https:\\\/\\\/rodoaed.ee\\\/fi\\\/toode\\\/kasteluletkun-maa-ankkurit-10kpl\\\/\",\"name\":\"Kasteluletkun maa-ankkurit, 10kpl - Rodoaed\",\"isPartOf\":{\"@id\":\"https:\\\/\\\/rodoaed.ee\\\/#website\"},\"primaryImageOfPage\":{\"@id\":\"https:\\\/\\\/rodoaed.ee\\\/fi\\\/toode\\\/kasteluletkun-maa-ankkurit-10kpl\\\/#primaryimage\"},\"image\":{\"@id\":\"https:\\\/\\\/rodoaed.ee\\\/fi\\\/toode\\\/kasteluletkun-maa-ankkurit-10kpl\\\/#primaryimage\"},\"thumbnailUrl\":\"https:\\\/\\\/rodoaed.ee\\\/wp-content\\\/uploads\\\/2019\\\/08\\\/voolik-maa-ankrud_ankrujalad_2.jpg\",\"datePublished\":\"2019-08-02T09:47:16+00:00\",\"dateModified\":\"2026-04-13T08:11:07+00:00\",\"breadcrumb\":{\"@id\":\"https:\\\/\\\/rodoaed.ee\\\/fi\\\/toode\\\/kasteluletkun-maa-ankkurit-10kpl\\\/#breadcrumb\"},\"inLanguage\":\"fi\",\"potentialAction\":[{\"@type\":\"ReadAction\",\"target\":[\"https:\\\/\\\/rodoaed.ee\\\/fi\\\/toode\\\/kasteluletkun-maa-ankkurit-10kpl\\\/\"]}]},{\"@type\":\"ImageObject\",\"inLanguage\":\"fi\",\"@id\":\"https:\\\/\\\/rodoaed.ee\\\/fi\\\/toode\\\/kasteluletkun-maa-ankkurit-10kpl\\\/#primaryimage\",\"url\":\"https:\\\/\\\/rodoaed.ee\\\/wp-content\\\/uploads\\\/2019\\\/08\\\/voolik-maa-ankrud_ankrujalad_2.jpg\",\"contentUrl\":\"https:\\\/\\\/rodoaed.ee\\\/wp-content\\\/uploads\\\/2019\\\/08\\\/voolik-maa-ankrud_ankrujalad_2.jpg\",\"width\":384,\"height\":1121},{\"@type\":\"BreadcrumbList\",\"@id\":\"https:\\\/\\\/rodoaed.ee\\\/fi\\\/toode\\\/kasteluletkun-maa-ankkurit-10kpl\\\/#breadcrumb\",\"itemListElement\":[{\"@type\":\"ListItem\",\"position\":1,\"name\":\"Home\",\"item\":\"https:\\\/\\\/rodoaed.ee\\\/fi\\\/\"},{\"@type\":\"ListItem\",\"position\":2,\"name\":\"Osta osoitteessa\",\"item\":\"https:\\\/\\\/rodoaed.ee\\\/osta-osoitteessa\\\/\"},{\"@type\":\"ListItem\",\"position\":3,\"name\":\"Kasteluletkun maa-ankkurit, 10kpl\"}]},{\"@type\":\"WebSite\",\"@id\":\"https:\\\/\\\/rodoaed.ee\\\/#website\",\"url\":\"https:\\\/\\\/rodoaed.ee\\\/\",\"name\":\"Rodoaed\",\"description\":\"\",\"publisher\":{\"@id\":\"https:\\\/\\\/rodoaed.ee\\\/#organization\"},\"potentialAction\":[{\"@type\":\"SearchAction\",\"target\":{\"@type\":\"EntryPoint\",\"urlTemplate\":\"https:\\\/\\\/rodoaed.ee\\\/?s={search_term_string}\"},\"query-input\":{\"@type\":\"PropertyValueSpecification\",\"valueRequired\":true,\"valueName\":\"search_term_string\"}}],\"inLanguage\":\"fi\"},{\"@type\":\"Organization\",\"@id\":\"https:\\\/\\\/rodoaed.ee\\\/#organization\",\"name\":\"Rodoaed\",\"url\":\"https:\\\/\\\/rodoaed.ee\\\/\",\"logo\":{\"@type\":\"ImageObject\",\"inLanguage\":\"fi\",\"@id\":\"https:\\\/\\\/rodoaed.ee\\\/#\\\/schema\\\/logo\\\/image\\\/\",\"url\":\"https:\\\/\\\/rodoaed.ee\\\/wp-content\\\/uploads\\\/2019\\\/11\\\/rodoaed-logo-ilma-taustata.jpg\",\"contentUrl\":\"https:\\\/\\\/rodoaed.ee\\\/wp-content\\\/uploads\\\/2019\\\/11\\\/rodoaed-logo-ilma-taustata.jpg\",\"width\":769,\"height\":268,\"caption\":\"Rodoaed\"},\"image\":{\"@id\":\"https:\\\/\\\/rodoaed.ee\\\/#\\\/schema\\\/logo\\\/image\\\/\"},\"sameAs\":[\"https:\\\/\\\/www.facebook.com\\\/kasvuhooned\\\/\",\"https:\\\/\\\/rodoaed.ee\"]}]}<\/script>\n<!-- \/ Yoast SEO Premium plugin. -->","yoast_head_json":{"title":"Kasteluletkun maa-ankkurit, 10kpl - Rodoaed","robots":{"index":"index","follow":"follow","max-snippet":"max-snippet:-1","max-image-preview":"max-image-preview:large","max-video-preview":"max-video-preview:-1"},"canonical":"https:\/\/rodoaed.ee\/fi\/toode\/kasteluletkun-maa-ankkurit-10kpl\/","og_locale":"fi_FI","og_type":"article","og_title":"Kasteluletkun maa-ankkurit, 10kpl","og_description":"Blumati-maa-ankkurit ovat suuri apu, kun asennat 8 mm:n kasteluletkun kasvihuoneeseen tai kukkapenkkiin. Voit tietysti my\u00f6s sijoittaa kasteluletkun","og_url":"https:\/\/rodoaed.ee\/fi\/toode\/kasteluletkun-maa-ankkurit-10kpl\/","og_site_name":"Rodoaed","article_publisher":"https:\/\/www.facebook.com\/kasvuhooned\/","article_modified_time":"2026-04-13T08:11:07+00:00","og_image":[{"width":384,"height":1121,"url":"https:\/\/rodoaed.ee\/wp-content\/uploads\/2019\/08\/voolik-maa-ankrud_ankrujalad_2.jpg","type":"image\/jpeg"}],"twitter_card":"summary_large_image","twitter_misc":{"Arvioitu lukuaika":"1 minuutti"},"schema":{"@context":"https:\/\/schema.org","@graph":[{"@type":"WebPage","@id":"https:\/\/rodoaed.ee\/fi\/toode\/kasteluletkun-maa-ankkurit-10kpl\/","url":"https:\/\/rodoaed.ee\/fi\/toode\/kasteluletkun-maa-ankkurit-10kpl\/","name":"Kasteluletkun maa-ankkurit, 10kpl - Rodoaed","isPartOf":{"@id":"https:\/\/rodoaed.ee\/#website"},"primaryImageOfPage":{"@id":"https:\/\/rodoaed.ee\/fi\/toode\/kasteluletkun-maa-ankkurit-10kpl\/#primaryimage"},"image":{"@id":"https:\/\/rodoaed.ee\/fi\/toode\/kasteluletkun-maa-ankkurit-10kpl\/#primaryimage"},"thumbnailUrl":"https:\/\/rodoaed.ee\/wp-content\/uploads\/2019\/08\/voolik-maa-ankrud_ankrujalad_2.jpg","datePublished":"2019-08-02T09:47:16+00:00","dateModified":"2026-04-13T08:11:07+00:00","breadcrumb":{"@id":"https:\/\/rodoaed.ee\/fi\/toode\/kasteluletkun-maa-ankkurit-10kpl\/#breadcrumb"},"inLanguage":"fi","potentialAction":[{"@type":"ReadAction","target":["https:\/\/rodoaed.ee\/fi\/toode\/kasteluletkun-maa-ankkurit-10kpl\/"]}]},{"@type":"ImageObject","inLanguage":"fi","@id":"https:\/\/rodoaed.ee\/fi\/toode\/kasteluletkun-maa-ankkurit-10kpl\/#primaryimage","url":"https:\/\/rodoaed.ee\/wp-content\/uploads\/2019\/08\/voolik-maa-ankrud_ankrujalad_2.jpg","contentUrl":"https:\/\/rodoaed.ee\/wp-content\/uploads\/2019\/08\/voolik-maa-ankrud_ankrujalad_2.jpg","width":384,"height":1121},{"@type":"BreadcrumbList","@id":"https:\/\/rodoaed.ee\/fi\/toode\/kasteluletkun-maa-ankkurit-10kpl\/#breadcrumb","itemListElement":[{"@type":"ListItem","position":1,"name":"Home","item":"https:\/\/rodoaed.ee\/fi\/"},{"@type":"ListItem","position":2,"name":"Osta osoitteessa","item":"https:\/\/rodoaed.ee\/osta-osoitteessa\/"},{"@type":"ListItem","position":3,"name":"Kasteluletkun maa-ankkurit, 10kpl"}]},{"@type":"WebSite","@id":"https:\/\/rodoaed.ee\/#website","url":"https:\/\/rodoaed.ee\/","name":"Rodoaed","description":"","publisher":{"@id":"https:\/\/rodoaed.ee\/#organization"},"potentialAction":[{"@type":"SearchAction","target":{"@type":"EntryPoint","urlTemplate":"https:\/\/rodoaed.ee\/?s={search_term_string}"},"query-input":{"@type":"PropertyValueSpecification","valueRequired":true,"valueName":"search_term_string"}}],"inLanguage":"fi"},{"@type":"Organization","@id":"https:\/\/rodoaed.ee\/#organization","name":"Rodoaed","url":"https:\/\/rodoaed.ee\/","logo":{"@type":"ImageObject","inLanguage":"fi","@id":"https:\/\/rodoaed.ee\/#\/schema\/logo\/image\/","url":"https:\/\/rodoaed.ee\/wp-content\/uploads\/2019\/11\/rodoaed-logo-ilma-taustata.jpg","contentUrl":"https:\/\/rodoaed.ee\/wp-content\/uploads\/2019\/11\/rodoaed-logo-ilma-taustata.jpg","width":769,"height":268,"caption":"Rodoaed"},"image":{"@id":"https:\/\/rodoaed.ee\/#\/schema\/logo\/image\/"},"sameAs":["https:\/\/www.facebook.com\/kasvuhooned\/","https:\/\/rodoaed.ee"]}]}},"_links":{"self":[{"href":"https:\/\/rodoaed.ee\/fi\/wp-json\/wp\/v2\/product\/53748","targetHints":{"allow":["GET"]}}],"collection":[{"href":"https:\/\/rodoaed.ee\/fi\/wp-json\/wp\/v2\/product"}],"about":[{"href":"https:\/\/rodoaed.ee\/fi\/wp-json\/wp\/v2\/types\/product"}],"wp:featuredmedia":[{"embeddable":true,"href":"https:\/\/rodoaed.ee\/fi\/wp-json\/wp\/v2\/media\/48145"}],"wp:attachment":[{"href":"https:\/\/rodoaed.ee\/fi\/wp-json\/wp\/v2\/media?parent=53748"}],"wp:term":[{"taxonomy":"product_brand","embeddable":true,"href":"https:\/\/rodoaed.ee\/fi\/wp-json\/wp\/v2\/product_brand?post=53748"},{"taxonomy":"product_cat","embeddable":true,"href":"https:\/\/rodoaed.ee\/fi\/wp-json\/wp\/v2\/product_cat?post=53748"},{"taxonomy":"product_tag","embeddable":true,"href":"https:\/\/rodoaed.ee\/fi\/wp-json\/wp\/v2\/product_tag?post=53748"}],"curies":[{"name":"wp","href":"https:\/\/api.w.org\/{rel}","templated":true}]}}