{"id":53751,"date":"2019-08-02T12:47:16","date_gmt":"2019-08-02T09:47:16","guid":{"rendered":"https:\/\/rodoaed.ee\/toode\/3-m-anturiletku-1-kolmio-2-3-3-3-mmn-suoraa-kaapelia\/"},"modified":"2026-04-13T11:11:09","modified_gmt":"2026-04-13T08:11:09","slug":"3-m-anturiletku-1-kolmio-2-3-3-3-mmn-suoraa-kaapelia","status":"publish","type":"product","link":"https:\/\/rodoaed.ee\/fi\/tuote\/3-m-anturiletku-1-kolmio-2-3-3-3-mmn-suoraa-kaapelia\/","title":{"rendered":"3 m anturiletku + 1 kolmio + 2 3-3-3 mm:n suoraa kaapelia."},"content":{"rendered":"<p><strong>3 metri\u00e4 3 mm:n anturiletkua ja liittimi\u00e4 &#8211; 1 3-3-3 mm:n kolmio + 2 3-3-3 mm:n suoraa liitint\u00e4.<\/strong><\/p>\n<p>T\u00e4t\u00e4 eritt\u00e4in joustavaa ruskeaa silikonista valmistettua anturiletkua voidaan k\u00e4ytt\u00e4\u00e4 anturiliit\u00e4nt\u00f6ihin ja tippusuuttimen liit\u00e4nt\u00f6ihin sek\u00e4 erillisen\u00e4 letkuna eri kasviastioiden v\u00e4lill\u00e4. Voit esimerkiksi jakaa saman letkun kolmion avulla eri ruukkujen v\u00e4lille ja jatkaa letkua tarvittaessa suorilla liittimill\u00e4. <\/p>\n<p><a href=\"https:\/\/rodoaed.ee\/fi\/\">kotisivu<\/a> <a href=\"https:\/\/rodoaed.ee\/tootekategooria\/kasvuhooned-ja-talveaiad\/\">k\u00e4ynnist\u00e4<\/a> <a href=\"https:\/\/rodoaed.ee\/fi\/tootekategooria\/kasvihuoneen-tarvikkeet\/\">tarvikkeet<\/a> <a href=\"https:\/\/rodoaed.ee\/fi\/tootekategooria\/kasvihuoneen-tarvikkeet\/kasvihuoneen-kastelu\/\">kastelu<\/a> <a href=\"https:\/\/rodoaed.ee\/?post_type=product&#038;p=22828\">suuri Blumat<\/a><\/p>\n<p>&nbsp;<\/p>\n<p>&nbsp;<\/p>\n","protected":false},"excerpt":{"rendered":"<p>3 metri\u00e4 3 mm:n anturiletkua ja liittimi\u00e4 &#8211; 1 3-3-3 mm:n kolmio + 2 3-3-3 mm:n suoraa liitint\u00e4. T\u00e4t\u00e4 eritt\u00e4in joustavaa ruskeaa silikonista valmistettua anturiletkua voidaan k\u00e4ytt\u00e4\u00e4 anturiliit\u00e4nt\u00f6ihin ja tippusuuttimen liit\u00e4nt\u00f6ihin sek\u00e4 erillisen\u00e4 letkuna eri kasviastioiden v\u00e4lill\u00e4. Voit esimerkiksi jakaa saman letkun kolmion avulla eri ruukkujen v\u00e4lille ja jatkaa letkua tarvittaessa suorilla liittimill\u00e4. kotisivu k\u00e4ynnist\u00e4 tarvikkeet kastelu suuri Blumat &nbsp; &nbsp;<\/p>\n","protected":false},"featured_media":18698,"template":"","meta":{"_acf_changed":false},"product_brand":[],"product_cat":[1989,1984,1987,1869],"product_tag":[],"class_list":{"0":"post-53751","1":"product","2":"type-product","3":"status-publish","4":"has-post-thumbnail","6":"product_cat-automaattiset-kastelujarjestelmat-joissa-on-keraamiset-anturit","7":"product_cat-kastijarjestelmat","8":"product_cat-kasvihuoneen-kastelu","9":"product_cat-kasvihuoneen-tarvikkeet","10":"product_shipping_class-toimitus-1-3-tyopaivan-kuluessa","11":"pa_variatsioon-3-m-anturiletku-1-kolmio-2-3-3-3-mmn-suoraa-kaapelia","13":"first","14":"instock","15":"taxable","16":"shipping-taxable","17":"purchasable","18":"product-type-simple"},"acf":[],"yoast_head":"<!-- This site is optimized with the Yoast SEO Premium plugin v27.3 (Yoast SEO v27.3) - https:\/\/yoast.com\/product\/yoast-seo-premium-wordpress\/ -->\n<title>3 m anturiletku + 1 kolmio + 2 3-3-3 mm:n suoraa kaapelia. - Rodoaed<\/title>\n<meta name=\"robots\" content=\"index, follow, max-snippet:-1, max-image-preview:large, max-video-preview:-1\" \/>\n<link rel=\"canonical\" href=\"https:\/\/rodoaed.ee\/fi\/toode\/3-m-anturiletku-1-kolmio-2-3-3-3-mmn-suoraa-kaapelia\/\" \/>\n<meta property=\"og:locale\" content=\"fi_FI\" \/>\n<meta property=\"og:type\" content=\"article\" \/>\n<meta property=\"og:title\" content=\"3 m anturiletku + 1 kolmio + 2 3-3-3 mm:n suoraa kaapelia.\" \/>\n<meta property=\"og:description\" content=\"3 metri\u00e4 3 mm:n anturiletkua ja liittimi\u00e4 - 1 3-3-3 mm:n kolmio + 2 3-3-3 mm:n suoraa liitint\u00e4. T\u00e4t\u00e4 eritt\u00e4in joustavaa ruskeaa silikonista valmistettua\" \/>\n<meta property=\"og:url\" content=\"https:\/\/rodoaed.ee\/fi\/toode\/3-m-anturiletku-1-kolmio-2-3-3-3-mmn-suoraa-kaapelia\/\" \/>\n<meta property=\"og:site_name\" content=\"Rodoaed\" \/>\n<meta property=\"article:publisher\" content=\"https:\/\/www.facebook.com\/kasvuhooned\/\" \/>\n<meta property=\"article:modified_time\" content=\"2026-04-13T08:11:09+00:00\" \/>\n<meta property=\"og:image\" content=\"https:\/\/rodoaed.ee\/wp-content\/uploads\/2019\/07\/3mm-otsikute-ja-vooliku-komplekt_35189.jpg\" \/>\n\t<meta property=\"og:image:width\" content=\"600\" \/>\n\t<meta property=\"og:image:height\" content=\"600\" \/>\n\t<meta property=\"og:image:type\" content=\"image\/jpeg\" \/>\n<meta name=\"twitter:card\" content=\"summary_large_image\" \/>\n<script type=\"application\/ld+json\" class=\"yoast-schema-graph\">{\"@context\":\"https:\\\/\\\/schema.org\",\"@graph\":[{\"@type\":\"WebPage\",\"@id\":\"https:\\\/\\\/rodoaed.ee\\\/fi\\\/toode\\\/3-m-anturiletku-1-kolmio-2-3-3-3-mmn-suoraa-kaapelia\\\/\",\"url\":\"https:\\\/\\\/rodoaed.ee\\\/fi\\\/toode\\\/3-m-anturiletku-1-kolmio-2-3-3-3-mmn-suoraa-kaapelia\\\/\",\"name\":\"3 m anturiletku + 1 kolmio + 2 3-3-3 mm:n suoraa kaapelia. - Rodoaed\",\"isPartOf\":{\"@id\":\"https:\\\/\\\/rodoaed.ee\\\/#website\"},\"primaryImageOfPage\":{\"@id\":\"https:\\\/\\\/rodoaed.ee\\\/fi\\\/toode\\\/3-m-anturiletku-1-kolmio-2-3-3-3-mmn-suoraa-kaapelia\\\/#primaryimage\"},\"image\":{\"@id\":\"https:\\\/\\\/rodoaed.ee\\\/fi\\\/toode\\\/3-m-anturiletku-1-kolmio-2-3-3-3-mmn-suoraa-kaapelia\\\/#primaryimage\"},\"thumbnailUrl\":\"https:\\\/\\\/rodoaed.ee\\\/wp-content\\\/uploads\\\/2019\\\/07\\\/3mm-otsikute-ja-vooliku-komplekt_35189.jpg\",\"datePublished\":\"2019-08-02T09:47:16+00:00\",\"dateModified\":\"2026-04-13T08:11:09+00:00\",\"breadcrumb\":{\"@id\":\"https:\\\/\\\/rodoaed.ee\\\/fi\\\/toode\\\/3-m-anturiletku-1-kolmio-2-3-3-3-mmn-suoraa-kaapelia\\\/#breadcrumb\"},\"inLanguage\":\"fi\",\"potentialAction\":[{\"@type\":\"ReadAction\",\"target\":[\"https:\\\/\\\/rodoaed.ee\\\/fi\\\/toode\\\/3-m-anturiletku-1-kolmio-2-3-3-3-mmn-suoraa-kaapelia\\\/\"]}]},{\"@type\":\"ImageObject\",\"inLanguage\":\"fi\",\"@id\":\"https:\\\/\\\/rodoaed.ee\\\/fi\\\/toode\\\/3-m-anturiletku-1-kolmio-2-3-3-3-mmn-suoraa-kaapelia\\\/#primaryimage\",\"url\":\"https:\\\/\\\/rodoaed.ee\\\/wp-content\\\/uploads\\\/2019\\\/07\\\/3mm-otsikute-ja-vooliku-komplekt_35189.jpg\",\"contentUrl\":\"https:\\\/\\\/rodoaed.ee\\\/wp-content\\\/uploads\\\/2019\\\/07\\\/3mm-otsikute-ja-vooliku-komplekt_35189.jpg\",\"width\":600,\"height\":600},{\"@type\":\"BreadcrumbList\",\"@id\":\"https:\\\/\\\/rodoaed.ee\\\/fi\\\/toode\\\/3-m-anturiletku-1-kolmio-2-3-3-3-mmn-suoraa-kaapelia\\\/#breadcrumb\",\"itemListElement\":[{\"@type\":\"ListItem\",\"position\":1,\"name\":\"Home\",\"item\":\"https:\\\/\\\/rodoaed.ee\\\/fi\\\/\"},{\"@type\":\"ListItem\",\"position\":2,\"name\":\"Osta osoitteessa\",\"item\":\"https:\\\/\\\/rodoaed.ee\\\/osta-osoitteessa\\\/\"},{\"@type\":\"ListItem\",\"position\":3,\"name\":\"3 m anturiletku + 1 kolmio + 2 3-3-3 mm:n suoraa kaapelia.\"}]},{\"@type\":\"WebSite\",\"@id\":\"https:\\\/\\\/rodoaed.ee\\\/#website\",\"url\":\"https:\\\/\\\/rodoaed.ee\\\/\",\"name\":\"Rodoaed\",\"description\":\"\",\"publisher\":{\"@id\":\"https:\\\/\\\/rodoaed.ee\\\/#organization\"},\"potentialAction\":[{\"@type\":\"SearchAction\",\"target\":{\"@type\":\"EntryPoint\",\"urlTemplate\":\"https:\\\/\\\/rodoaed.ee\\\/?s={search_term_string}\"},\"query-input\":{\"@type\":\"PropertyValueSpecification\",\"valueRequired\":true,\"valueName\":\"search_term_string\"}}],\"inLanguage\":\"fi\"},{\"@type\":\"Organization\",\"@id\":\"https:\\\/\\\/rodoaed.ee\\\/#organization\",\"name\":\"Rodoaed\",\"url\":\"https:\\\/\\\/rodoaed.ee\\\/\",\"logo\":{\"@type\":\"ImageObject\",\"inLanguage\":\"fi\",\"@id\":\"https:\\\/\\\/rodoaed.ee\\\/#\\\/schema\\\/logo\\\/image\\\/\",\"url\":\"https:\\\/\\\/rodoaed.ee\\\/wp-content\\\/uploads\\\/2019\\\/11\\\/rodoaed-logo-ilma-taustata.jpg\",\"contentUrl\":\"https:\\\/\\\/rodoaed.ee\\\/wp-content\\\/uploads\\\/2019\\\/11\\\/rodoaed-logo-ilma-taustata.jpg\",\"width\":769,\"height\":268,\"caption\":\"Rodoaed\"},\"image\":{\"@id\":\"https:\\\/\\\/rodoaed.ee\\\/#\\\/schema\\\/logo\\\/image\\\/\"},\"sameAs\":[\"https:\\\/\\\/www.facebook.com\\\/kasvuhooned\\\/\",\"https:\\\/\\\/rodoaed.ee\"]}]}<\/script>\n<!-- \/ Yoast SEO Premium plugin. -->","yoast_head_json":{"title":"3 m anturiletku + 1 kolmio + 2 3-3-3 mm:n suoraa kaapelia. - Rodoaed","robots":{"index":"index","follow":"follow","max-snippet":"max-snippet:-1","max-image-preview":"max-image-preview:large","max-video-preview":"max-video-preview:-1"},"canonical":"https:\/\/rodoaed.ee\/fi\/toode\/3-m-anturiletku-1-kolmio-2-3-3-3-mmn-suoraa-kaapelia\/","og_locale":"fi_FI","og_type":"article","og_title":"3 m anturiletku + 1 kolmio + 2 3-3-3 mm:n suoraa kaapelia.","og_description":"3 metri\u00e4 3 mm:n anturiletkua ja liittimi\u00e4 - 1 3-3-3 mm:n kolmio + 2 3-3-3 mm:n suoraa liitint\u00e4. T\u00e4t\u00e4 eritt\u00e4in joustavaa ruskeaa silikonista valmistettua","og_url":"https:\/\/rodoaed.ee\/fi\/toode\/3-m-anturiletku-1-kolmio-2-3-3-3-mmn-suoraa-kaapelia\/","og_site_name":"Rodoaed","article_publisher":"https:\/\/www.facebook.com\/kasvuhooned\/","article_modified_time":"2026-04-13T08:11:09+00:00","og_image":[{"width":600,"height":600,"url":"https:\/\/rodoaed.ee\/wp-content\/uploads\/2019\/07\/3mm-otsikute-ja-vooliku-komplekt_35189.jpg","type":"image\/jpeg"}],"twitter_card":"summary_large_image","schema":{"@context":"https:\/\/schema.org","@graph":[{"@type":"WebPage","@id":"https:\/\/rodoaed.ee\/fi\/toode\/3-m-anturiletku-1-kolmio-2-3-3-3-mmn-suoraa-kaapelia\/","url":"https:\/\/rodoaed.ee\/fi\/toode\/3-m-anturiletku-1-kolmio-2-3-3-3-mmn-suoraa-kaapelia\/","name":"3 m anturiletku + 1 kolmio + 2 3-3-3 mm:n suoraa kaapelia. - Rodoaed","isPartOf":{"@id":"https:\/\/rodoaed.ee\/#website"},"primaryImageOfPage":{"@id":"https:\/\/rodoaed.ee\/fi\/toode\/3-m-anturiletku-1-kolmio-2-3-3-3-mmn-suoraa-kaapelia\/#primaryimage"},"image":{"@id":"https:\/\/rodoaed.ee\/fi\/toode\/3-m-anturiletku-1-kolmio-2-3-3-3-mmn-suoraa-kaapelia\/#primaryimage"},"thumbnailUrl":"https:\/\/rodoaed.ee\/wp-content\/uploads\/2019\/07\/3mm-otsikute-ja-vooliku-komplekt_35189.jpg","datePublished":"2019-08-02T09:47:16+00:00","dateModified":"2026-04-13T08:11:09+00:00","breadcrumb":{"@id":"https:\/\/rodoaed.ee\/fi\/toode\/3-m-anturiletku-1-kolmio-2-3-3-3-mmn-suoraa-kaapelia\/#breadcrumb"},"inLanguage":"fi","potentialAction":[{"@type":"ReadAction","target":["https:\/\/rodoaed.ee\/fi\/toode\/3-m-anturiletku-1-kolmio-2-3-3-3-mmn-suoraa-kaapelia\/"]}]},{"@type":"ImageObject","inLanguage":"fi","@id":"https:\/\/rodoaed.ee\/fi\/toode\/3-m-anturiletku-1-kolmio-2-3-3-3-mmn-suoraa-kaapelia\/#primaryimage","url":"https:\/\/rodoaed.ee\/wp-content\/uploads\/2019\/07\/3mm-otsikute-ja-vooliku-komplekt_35189.jpg","contentUrl":"https:\/\/rodoaed.ee\/wp-content\/uploads\/2019\/07\/3mm-otsikute-ja-vooliku-komplekt_35189.jpg","width":600,"height":600},{"@type":"BreadcrumbList","@id":"https:\/\/rodoaed.ee\/fi\/toode\/3-m-anturiletku-1-kolmio-2-3-3-3-mmn-suoraa-kaapelia\/#breadcrumb","itemListElement":[{"@type":"ListItem","position":1,"name":"Home","item":"https:\/\/rodoaed.ee\/fi\/"},{"@type":"ListItem","position":2,"name":"Osta osoitteessa","item":"https:\/\/rodoaed.ee\/osta-osoitteessa\/"},{"@type":"ListItem","position":3,"name":"3 m anturiletku + 1 kolmio + 2 3-3-3 mm:n suoraa kaapelia."}]},{"@type":"WebSite","@id":"https:\/\/rodoaed.ee\/#website","url":"https:\/\/rodoaed.ee\/","name":"Rodoaed","description":"","publisher":{"@id":"https:\/\/rodoaed.ee\/#organization"},"potentialAction":[{"@type":"SearchAction","target":{"@type":"EntryPoint","urlTemplate":"https:\/\/rodoaed.ee\/?s={search_term_string}"},"query-input":{"@type":"PropertyValueSpecification","valueRequired":true,"valueName":"search_term_string"}}],"inLanguage":"fi"},{"@type":"Organization","@id":"https:\/\/rodoaed.ee\/#organization","name":"Rodoaed","url":"https:\/\/rodoaed.ee\/","logo":{"@type":"ImageObject","inLanguage":"fi","@id":"https:\/\/rodoaed.ee\/#\/schema\/logo\/image\/","url":"https:\/\/rodoaed.ee\/wp-content\/uploads\/2019\/11\/rodoaed-logo-ilma-taustata.jpg","contentUrl":"https:\/\/rodoaed.ee\/wp-content\/uploads\/2019\/11\/rodoaed-logo-ilma-taustata.jpg","width":769,"height":268,"caption":"Rodoaed"},"image":{"@id":"https:\/\/rodoaed.ee\/#\/schema\/logo\/image\/"},"sameAs":["https:\/\/www.facebook.com\/kasvuhooned\/","https:\/\/rodoaed.ee"]}]}},"_links":{"self":[{"href":"https:\/\/rodoaed.ee\/fi\/wp-json\/wp\/v2\/product\/53751","targetHints":{"allow":["GET"]}}],"collection":[{"href":"https:\/\/rodoaed.ee\/fi\/wp-json\/wp\/v2\/product"}],"about":[{"href":"https:\/\/rodoaed.ee\/fi\/wp-json\/wp\/v2\/types\/product"}],"wp:featuredmedia":[{"embeddable":true,"href":"https:\/\/rodoaed.ee\/fi\/wp-json\/wp\/v2\/media\/18698"}],"wp:attachment":[{"href":"https:\/\/rodoaed.ee\/fi\/wp-json\/wp\/v2\/media?parent=53751"}],"wp:term":[{"taxonomy":"product_brand","embeddable":true,"href":"https:\/\/rodoaed.ee\/fi\/wp-json\/wp\/v2\/product_brand?post=53751"},{"taxonomy":"product_cat","embeddable":true,"href":"https:\/\/rodoaed.ee\/fi\/wp-json\/wp\/v2\/product_cat?post=53751"},{"taxonomy":"product_tag","embeddable":true,"href":"https:\/\/rodoaed.ee\/fi\/wp-json\/wp\/v2\/product_tag?post=53751"}],"curies":[{"name":"wp","href":"https:\/\/api.w.org\/{rel}","templated":true}]}}