{"id":53753,"date":"2019-08-02T12:47:16","date_gmt":"2019-08-02T09:47:16","guid":{"rendered":"https:\/\/rodoaed.ee\/toode\/turvakiristimet-letkuliitantoihin-5kpl\/"},"modified":"2026-04-13T11:11:09","modified_gmt":"2026-04-13T08:11:09","slug":"turvakiristimet-letkuliitantoihin-5kpl","status":"publish","type":"product","link":"https:\/\/rodoaed.ee\/fi\/tuote\/turvakiristimet-letkuliitantoihin-5kpl\/","title":{"rendered":"Turvakiristimet letkuliit\u00e4nt\u00f6ihin 5kpl"},"content":{"rendered":"<p><strong>Turvakiristimet letkuliit\u00e4nt\u00f6ihin 5kpl &#8211; jokainen kiristin koostuu kahdesta osasta.<\/strong><\/p>\n<p>Puristin koostuu kahdesta puolikkaasta, jotka asetetaan joko kolmion tai T-liitoksen ymp\u00e4rille tai kyyn\u00e4rp\u00e4\u00e4n, p\u00e4\u00e4tykappaleen tai letkuliitoksen ymp\u00e4rille ja suojaksi. Tiiviste puristaa puolikkaat yhteen, jolloin ne antavat lis\u00e4suojaa 3 mm:n ja 8 mm:n liitososien ymp\u00e4rille. <\/p>\n<p>T\u00e4llainen suojaus on hy\u00f6dyllinen esimerkiksi tilanteissa, joissa liitososat on asennettu paikkaan, johon on vaikea p\u00e4\u00e4st\u00e4 k\u00e4siksi voimakkaassa auringonvalossa ja jossa lis\u00e4tarkastus on hankalaa. Toisaalta suojakoteloa voidaan k\u00e4ytt\u00e4\u00e4 my\u00f6s avoimissa tiloissa, joissa on vaara, ett\u00e4 letkuihin kompastutaan tai ett\u00e4 ne muuten repe\u00e4v\u00e4t irti paikaltaan. Tahattomasti irrotettu letkuliit\u00e4nt\u00e4 voi p\u00e4\u00e4st\u00e4\u00e4 paljon vett\u00e4 ennen kuin sit\u00e4 huomataan.  <\/p>\n<p><a href=\"https:\/\/rodoaed.ee\/fi\/\">kotisivu<\/a> <a href=\"https:\/\/rodoaed.ee\/tootekategooria\/kasvuhooned-ja-talveaiad\/\">k\u00e4ynnist\u00e4<\/a> <a href=\"https:\/\/rodoaed.ee\/fi\/tootekategooria\/kasvihuoneen-tarvikkeet\/\">tarvikkeet<\/a> <a href=\"https:\/\/rodoaed.ee\/fi\/tootekategooria\/kasvihuoneen-tarvikkeet\/kasvihuoneen-kastelu\/\">kastelu<\/a> <a href=\"https:\/\/rodoaed.ee\/?post_type=product&#038;p=22828\">suuri Blumat<\/a><\/p>\n<p>&nbsp;<\/p>\n<p>&nbsp;<\/p>\n","protected":false},"excerpt":{"rendered":"<p>Turvakiristimet letkuliit\u00e4nt\u00f6ihin 5kpl &#8211; jokainen kiristin koostuu kahdesta osasta. Puristin koostuu kahdesta puolikkaasta, jotka asetetaan joko kolmion tai T-liitoksen ymp\u00e4rille tai kyyn\u00e4rp\u00e4\u00e4n, p\u00e4\u00e4tykappaleen tai letkuliitoksen ymp\u00e4rille ja suojaksi. Tiiviste puristaa puolikkaat yhteen, jolloin ne antavat lis\u00e4suojaa 3 mm:n ja 8 mm:n liitososien ymp\u00e4rille. T\u00e4llainen suojaus on hy\u00f6dyllinen esimerkiksi tilanteissa, joissa liitososat on asennettu paikkaan, johon on vaikea p\u00e4\u00e4st\u00e4 k\u00e4siksi voimakkaassa auringonvalossa ja jossa lis\u00e4tarkastus on&#8230;<\/p>\n","protected":false},"featured_media":18693,"template":"","meta":{"_acf_changed":false},"product_brand":[],"product_cat":[1989,1984,1987,1869],"product_tag":[],"class_list":{"0":"post-53753","1":"product","2":"type-product","3":"status-publish","4":"has-post-thumbnail","6":"product_cat-automaattiset-kastelujarjestelmat-joissa-on-keraamiset-anturit","7":"product_cat-kastijarjestelmat","8":"product_cat-kasvihuoneen-kastelu","9":"product_cat-kasvihuoneen-tarvikkeet","10":"product_shipping_class-toimitus-1-3-tyopaivan-kuluessa","11":"pa_variatsioon-turvakiristimet-letkuliitantoihin-5kpl","13":"first","14":"instock","15":"taxable","16":"shipping-taxable","17":"purchasable","18":"product-type-simple"},"acf":[],"yoast_head":"<!-- This site is optimized with the Yoast SEO Premium plugin v27.3 (Yoast SEO v27.3) - https:\/\/yoast.com\/product\/yoast-seo-premium-wordpress\/ -->\n<title>Turvakiristimet letkuliit\u00e4nt\u00f6ihin 5kpl - Rodoaed<\/title>\n<meta name=\"robots\" content=\"index, follow, max-snippet:-1, max-image-preview:large, max-video-preview:-1\" \/>\n<link rel=\"canonical\" href=\"https:\/\/rodoaed.ee\/fi\/toode\/turvakiristimet-letkuliitantoihin-5kpl\/\" \/>\n<meta property=\"og:locale\" content=\"fi_FI\" \/>\n<meta property=\"og:type\" content=\"article\" \/>\n<meta property=\"og:title\" content=\"Turvakiristimet letkuliit\u00e4nt\u00f6ihin 5kpl\" \/>\n<meta property=\"og:description\" content=\"Turvakiristimet letkuliit\u00e4nt\u00f6ihin 5kpl - jokainen kiristin koostuu kahdesta osasta. Puristin koostuu kahdesta puolikkaasta, jotka asetetaan joko kolmion\" \/>\n<meta property=\"og:url\" content=\"https:\/\/rodoaed.ee\/fi\/toode\/turvakiristimet-letkuliitantoihin-5kpl\/\" \/>\n<meta property=\"og:site_name\" content=\"Rodoaed\" \/>\n<meta property=\"article:publisher\" content=\"https:\/\/www.facebook.com\/kasvuhooned\/\" \/>\n<meta property=\"article:modified_time\" content=\"2026-04-13T08:11:09+00:00\" \/>\n<meta property=\"og:image\" content=\"https:\/\/rodoaed.ee\/wp-content\/uploads\/2019\/07\/8mm-turvaklambrid_43009.jpg\" \/>\n\t<meta property=\"og:image:width\" content=\"600\" \/>\n\t<meta property=\"og:image:height\" content=\"600\" \/>\n\t<meta property=\"og:image:type\" content=\"image\/jpeg\" \/>\n<meta name=\"twitter:card\" content=\"summary_large_image\" \/>\n<meta name=\"twitter:label1\" content=\"Arvioitu lukuaika\" \/>\n\t<meta name=\"twitter:data1\" content=\"1 minuutti\" \/>\n<script type=\"application\/ld+json\" class=\"yoast-schema-graph\">{\"@context\":\"https:\\\/\\\/schema.org\",\"@graph\":[{\"@type\":\"WebPage\",\"@id\":\"https:\\\/\\\/rodoaed.ee\\\/fi\\\/toode\\\/turvakiristimet-letkuliitantoihin-5kpl\\\/\",\"url\":\"https:\\\/\\\/rodoaed.ee\\\/fi\\\/toode\\\/turvakiristimet-letkuliitantoihin-5kpl\\\/\",\"name\":\"Turvakiristimet letkuliit\u00e4nt\u00f6ihin 5kpl - Rodoaed\",\"isPartOf\":{\"@id\":\"https:\\\/\\\/rodoaed.ee\\\/#website\"},\"primaryImageOfPage\":{\"@id\":\"https:\\\/\\\/rodoaed.ee\\\/fi\\\/toode\\\/turvakiristimet-letkuliitantoihin-5kpl\\\/#primaryimage\"},\"image\":{\"@id\":\"https:\\\/\\\/rodoaed.ee\\\/fi\\\/toode\\\/turvakiristimet-letkuliitantoihin-5kpl\\\/#primaryimage\"},\"thumbnailUrl\":\"https:\\\/\\\/rodoaed.ee\\\/wp-content\\\/uploads\\\/2019\\\/07\\\/8mm-turvaklambrid_43009.jpg\",\"datePublished\":\"2019-08-02T09:47:16+00:00\",\"dateModified\":\"2026-04-13T08:11:09+00:00\",\"breadcrumb\":{\"@id\":\"https:\\\/\\\/rodoaed.ee\\\/fi\\\/toode\\\/turvakiristimet-letkuliitantoihin-5kpl\\\/#breadcrumb\"},\"inLanguage\":\"fi\",\"potentialAction\":[{\"@type\":\"ReadAction\",\"target\":[\"https:\\\/\\\/rodoaed.ee\\\/fi\\\/toode\\\/turvakiristimet-letkuliitantoihin-5kpl\\\/\"]}]},{\"@type\":\"ImageObject\",\"inLanguage\":\"fi\",\"@id\":\"https:\\\/\\\/rodoaed.ee\\\/fi\\\/toode\\\/turvakiristimet-letkuliitantoihin-5kpl\\\/#primaryimage\",\"url\":\"https:\\\/\\\/rodoaed.ee\\\/wp-content\\\/uploads\\\/2019\\\/07\\\/8mm-turvaklambrid_43009.jpg\",\"contentUrl\":\"https:\\\/\\\/rodoaed.ee\\\/wp-content\\\/uploads\\\/2019\\\/07\\\/8mm-turvaklambrid_43009.jpg\",\"width\":600,\"height\":600},{\"@type\":\"BreadcrumbList\",\"@id\":\"https:\\\/\\\/rodoaed.ee\\\/fi\\\/toode\\\/turvakiristimet-letkuliitantoihin-5kpl\\\/#breadcrumb\",\"itemListElement\":[{\"@type\":\"ListItem\",\"position\":1,\"name\":\"Home\",\"item\":\"https:\\\/\\\/rodoaed.ee\\\/fi\\\/\"},{\"@type\":\"ListItem\",\"position\":2,\"name\":\"Osta osoitteessa\",\"item\":\"https:\\\/\\\/rodoaed.ee\\\/osta-osoitteessa\\\/\"},{\"@type\":\"ListItem\",\"position\":3,\"name\":\"Turvakiristimet letkuliit\u00e4nt\u00f6ihin 5kpl\"}]},{\"@type\":\"WebSite\",\"@id\":\"https:\\\/\\\/rodoaed.ee\\\/#website\",\"url\":\"https:\\\/\\\/rodoaed.ee\\\/\",\"name\":\"Rodoaed\",\"description\":\"\",\"publisher\":{\"@id\":\"https:\\\/\\\/rodoaed.ee\\\/#organization\"},\"potentialAction\":[{\"@type\":\"SearchAction\",\"target\":{\"@type\":\"EntryPoint\",\"urlTemplate\":\"https:\\\/\\\/rodoaed.ee\\\/?s={search_term_string}\"},\"query-input\":{\"@type\":\"PropertyValueSpecification\",\"valueRequired\":true,\"valueName\":\"search_term_string\"}}],\"inLanguage\":\"fi\"},{\"@type\":\"Organization\",\"@id\":\"https:\\\/\\\/rodoaed.ee\\\/#organization\",\"name\":\"Rodoaed\",\"url\":\"https:\\\/\\\/rodoaed.ee\\\/\",\"logo\":{\"@type\":\"ImageObject\",\"inLanguage\":\"fi\",\"@id\":\"https:\\\/\\\/rodoaed.ee\\\/#\\\/schema\\\/logo\\\/image\\\/\",\"url\":\"https:\\\/\\\/rodoaed.ee\\\/wp-content\\\/uploads\\\/2019\\\/11\\\/rodoaed-logo-ilma-taustata.jpg\",\"contentUrl\":\"https:\\\/\\\/rodoaed.ee\\\/wp-content\\\/uploads\\\/2019\\\/11\\\/rodoaed-logo-ilma-taustata.jpg\",\"width\":769,\"height\":268,\"caption\":\"Rodoaed\"},\"image\":{\"@id\":\"https:\\\/\\\/rodoaed.ee\\\/#\\\/schema\\\/logo\\\/image\\\/\"},\"sameAs\":[\"https:\\\/\\\/www.facebook.com\\\/kasvuhooned\\\/\",\"https:\\\/\\\/rodoaed.ee\"]}]}<\/script>\n<!-- \/ Yoast SEO Premium plugin. -->","yoast_head_json":{"title":"Turvakiristimet letkuliit\u00e4nt\u00f6ihin 5kpl - Rodoaed","robots":{"index":"index","follow":"follow","max-snippet":"max-snippet:-1","max-image-preview":"max-image-preview:large","max-video-preview":"max-video-preview:-1"},"canonical":"https:\/\/rodoaed.ee\/fi\/toode\/turvakiristimet-letkuliitantoihin-5kpl\/","og_locale":"fi_FI","og_type":"article","og_title":"Turvakiristimet letkuliit\u00e4nt\u00f6ihin 5kpl","og_description":"Turvakiristimet letkuliit\u00e4nt\u00f6ihin 5kpl - jokainen kiristin koostuu kahdesta osasta. Puristin koostuu kahdesta puolikkaasta, jotka asetetaan joko kolmion","og_url":"https:\/\/rodoaed.ee\/fi\/toode\/turvakiristimet-letkuliitantoihin-5kpl\/","og_site_name":"Rodoaed","article_publisher":"https:\/\/www.facebook.com\/kasvuhooned\/","article_modified_time":"2026-04-13T08:11:09+00:00","og_image":[{"width":600,"height":600,"url":"https:\/\/rodoaed.ee\/wp-content\/uploads\/2019\/07\/8mm-turvaklambrid_43009.jpg","type":"image\/jpeg"}],"twitter_card":"summary_large_image","twitter_misc":{"Arvioitu lukuaika":"1 minuutti"},"schema":{"@context":"https:\/\/schema.org","@graph":[{"@type":"WebPage","@id":"https:\/\/rodoaed.ee\/fi\/toode\/turvakiristimet-letkuliitantoihin-5kpl\/","url":"https:\/\/rodoaed.ee\/fi\/toode\/turvakiristimet-letkuliitantoihin-5kpl\/","name":"Turvakiristimet letkuliit\u00e4nt\u00f6ihin 5kpl - Rodoaed","isPartOf":{"@id":"https:\/\/rodoaed.ee\/#website"},"primaryImageOfPage":{"@id":"https:\/\/rodoaed.ee\/fi\/toode\/turvakiristimet-letkuliitantoihin-5kpl\/#primaryimage"},"image":{"@id":"https:\/\/rodoaed.ee\/fi\/toode\/turvakiristimet-letkuliitantoihin-5kpl\/#primaryimage"},"thumbnailUrl":"https:\/\/rodoaed.ee\/wp-content\/uploads\/2019\/07\/8mm-turvaklambrid_43009.jpg","datePublished":"2019-08-02T09:47:16+00:00","dateModified":"2026-04-13T08:11:09+00:00","breadcrumb":{"@id":"https:\/\/rodoaed.ee\/fi\/toode\/turvakiristimet-letkuliitantoihin-5kpl\/#breadcrumb"},"inLanguage":"fi","potentialAction":[{"@type":"ReadAction","target":["https:\/\/rodoaed.ee\/fi\/toode\/turvakiristimet-letkuliitantoihin-5kpl\/"]}]},{"@type":"ImageObject","inLanguage":"fi","@id":"https:\/\/rodoaed.ee\/fi\/toode\/turvakiristimet-letkuliitantoihin-5kpl\/#primaryimage","url":"https:\/\/rodoaed.ee\/wp-content\/uploads\/2019\/07\/8mm-turvaklambrid_43009.jpg","contentUrl":"https:\/\/rodoaed.ee\/wp-content\/uploads\/2019\/07\/8mm-turvaklambrid_43009.jpg","width":600,"height":600},{"@type":"BreadcrumbList","@id":"https:\/\/rodoaed.ee\/fi\/toode\/turvakiristimet-letkuliitantoihin-5kpl\/#breadcrumb","itemListElement":[{"@type":"ListItem","position":1,"name":"Home","item":"https:\/\/rodoaed.ee\/fi\/"},{"@type":"ListItem","position":2,"name":"Osta osoitteessa","item":"https:\/\/rodoaed.ee\/osta-osoitteessa\/"},{"@type":"ListItem","position":3,"name":"Turvakiristimet letkuliit\u00e4nt\u00f6ihin 5kpl"}]},{"@type":"WebSite","@id":"https:\/\/rodoaed.ee\/#website","url":"https:\/\/rodoaed.ee\/","name":"Rodoaed","description":"","publisher":{"@id":"https:\/\/rodoaed.ee\/#organization"},"potentialAction":[{"@type":"SearchAction","target":{"@type":"EntryPoint","urlTemplate":"https:\/\/rodoaed.ee\/?s={search_term_string}"},"query-input":{"@type":"PropertyValueSpecification","valueRequired":true,"valueName":"search_term_string"}}],"inLanguage":"fi"},{"@type":"Organization","@id":"https:\/\/rodoaed.ee\/#organization","name":"Rodoaed","url":"https:\/\/rodoaed.ee\/","logo":{"@type":"ImageObject","inLanguage":"fi","@id":"https:\/\/rodoaed.ee\/#\/schema\/logo\/image\/","url":"https:\/\/rodoaed.ee\/wp-content\/uploads\/2019\/11\/rodoaed-logo-ilma-taustata.jpg","contentUrl":"https:\/\/rodoaed.ee\/wp-content\/uploads\/2019\/11\/rodoaed-logo-ilma-taustata.jpg","width":769,"height":268,"caption":"Rodoaed"},"image":{"@id":"https:\/\/rodoaed.ee\/#\/schema\/logo\/image\/"},"sameAs":["https:\/\/www.facebook.com\/kasvuhooned\/","https:\/\/rodoaed.ee"]}]}},"_links":{"self":[{"href":"https:\/\/rodoaed.ee\/fi\/wp-json\/wp\/v2\/product\/53753","targetHints":{"allow":["GET"]}}],"collection":[{"href":"https:\/\/rodoaed.ee\/fi\/wp-json\/wp\/v2\/product"}],"about":[{"href":"https:\/\/rodoaed.ee\/fi\/wp-json\/wp\/v2\/types\/product"}],"wp:featuredmedia":[{"embeddable":true,"href":"https:\/\/rodoaed.ee\/fi\/wp-json\/wp\/v2\/media\/18693"}],"wp:attachment":[{"href":"https:\/\/rodoaed.ee\/fi\/wp-json\/wp\/v2\/media?parent=53753"}],"wp:term":[{"taxonomy":"product_brand","embeddable":true,"href":"https:\/\/rodoaed.ee\/fi\/wp-json\/wp\/v2\/product_brand?post=53753"},{"taxonomy":"product_cat","embeddable":true,"href":"https:\/\/rodoaed.ee\/fi\/wp-json\/wp\/v2\/product_cat?post=53753"},{"taxonomy":"product_tag","embeddable":true,"href":"https:\/\/rodoaed.ee\/fi\/wp-json\/wp\/v2\/product_tag?post=53753"}],"curies":[{"name":"wp","href":"https:\/\/api.w.org\/{rel}","templated":true}]}}