{"id":53757,"date":"2019-08-02T12:47:16","date_gmt":"2019-08-02T09:47:16","guid":{"rendered":"https:\/\/rodoaed.ee\/toode\/kasvihuoneen-tuuletin-arizona\/"},"modified":"2026-04-13T11:11:16","modified_gmt":"2026-04-13T08:11:16","slug":"kasvihuoneen-tuuletin-arizona","status":"publish","type":"product","link":"https:\/\/rodoaed.ee\/fi\/tuote\/kasvihuoneen-tuuletin-arizona\/","title":{"rendered":"Kasvihuoneen tuuletin Arizona"},"content":{"rendered":"<h2>Arizonan kosteudenkest\u00e4v\u00e4 kasvihuonetuuletin pit\u00e4\u00e4 ilman liikkeess\u00e4 kasvihuoneessasi kuumimmissakin olosuhteissa. Oikean l\u00e4mp\u00f6tilan lis\u00e4ksi kasvit tarvitsevat asianmukaista ilmankiertoa. <\/h2>\n<p>Arizona-kasvihuonepuhaltimen eritt\u00e4in suuren kapasiteetin (460 m3 ilmaa tunnissa) ansiosta se takaa ilmanvaihdon my\u00f6s suurissa kasvihuoneissa. Samalla se on eritt\u00e4in hiljainen. Tilan s\u00e4\u00e4st\u00e4miseksi puhallin voidaan asentaa k\u00e4tev\u00e4sti kasvihuoneen kattoon. Voit s\u00e4\u00e4t\u00e4\u00e4 asennuskorkeutta.   <\/p>\n<p>Koska Arizonan kasvihuonepuhallin on valmistettu ruostumattomasta ter\u00e4ksest\u00e4, sen k\u00e4ytt\u00f6ik\u00e4 on pitk\u00e4 jopa eritt\u00e4in kosteissa ymp\u00e4rist\u00f6iss\u00e4, ja se on eritt\u00e4in helppo puhdistaa. Kuten kaikki BioGreenin tuotteet, Arizona on valmistettu Saksassa. <\/p>\n<p><strong>HUOMAUTUS<\/strong> Arizonan kasvihuonepuhallinta on k\u00e4tevint\u00e4 k\u00e4ytt\u00e4\u00e4 yhdess\u00e4 <strong>digitaalisen Thermo-termostaatin<\/strong> kanssa, joka yll\u00e4pit\u00e4\u00e4 kasvihuoneen halutun l\u00e4mp\u00f6tilan yhden asteen tarkkuudella. Puhallin voidaan asettaa toimimaan yhdess\u00e4 termostaatin kanssa niin, ett\u00e4 se j\u00e4\u00e4hdytt\u00e4\u00e4 kasvihuoneen l\u00e4mmitetyn ilman esimerkiksi 28 C asteeseen ja pit\u00e4\u00e4 sen sitten t\u00e4ss\u00e4 l\u00e4mp\u00f6tilassa. Aivan samalla tavalla kuin termostaattia voidaan k\u00e4ytt\u00e4\u00e4 yhdess\u00e4 kasvihuoneen l\u00e4mmittimen kanssa pit\u00e4m\u00e4\u00e4n l\u00e4mp\u00f6tila t\u00e4sm\u00e4lleen vaaditussa l\u00e4mp\u00f6tilassa.  <\/p>\n<h2>T\u00e4rkeimm\u00e4t ominaisuudet:<\/h2>\n<ul>\n<li>Eritt\u00e4in hiljainen<\/li>\n<li>Suuri ilmanvaihtokapasiteetti 460 m3 tunnissa<\/li>\n<li>Eritt\u00e4in taloudellinen moottori, vain 31W<\/li>\n<li>S\u00e4\u00e4st\u00e4 tilaa kattokiinnikkeill\u00e4<\/li>\n<li>S\u00e4\u00e4dett\u00e4v\u00e4t korkeuskiinnikkeet<\/li>\n<li>Runko ruostumatonta ter\u00e4st\u00e4<\/li>\n<li>Korkea kosteudenkest\u00e4vyys IPX4<\/li>\n<li>Valmistettu Saksassa<\/li>\n<li>3 vuoden takuu<\/li>\n<\/ul>\n<h2><strong>Tekniset tiedot:<\/strong><\/h2>\n<ul>\n<li>Tehonkulutus on 31 W (vuoden 2015 moottoreiden tehonkulutus on pienempi samalla ilmanvaihtokapasiteetilla).<\/li>\n<li>Vedenkest\u00e4vyys IPX4<\/li>\n<li>Ilmanvaihtokapasiteetti 460m3\/h<\/li>\n<li>Mitat\/ halkaisija 21cm\/ \u220522cm<\/li>\n<li>Laitteen paino 2,5 kg<\/li>\n<\/ul>\n<div>\n<div>\n<div><a href=\"https:\/\/rodoaed.ee\/fi\/\">kotisivu<\/a> <a href=\"https:\/\/rodoaed.ee\/tootekategooria\/kasvuhooned-ja-talveaiad\/\">k\u00e4ynnist\u00e4<\/a> <a href=\"https:\/\/rodoaed.ee\/fi\/tootekategooria\/kasvihuoneen-tarvikkeet\/\">tarvikkeet<\/a> <a href=\"https:\/\/rodoaed.ee\/fi\/tootekategooria\/kasvihuoneen-tarvikkeet\/kasvihuoneen-ilmanvaihto\/\">ilmanvaihto<\/a> <a href=\"https:\/\/rodoaed.ee\/fi\/toode\/univent-automaattinen-kattoluukun-avaaja\/\">luukku<\/a><\/div>\n<div>\n<div><\/div>\n<\/div>\n<\/div>\n<\/div>\n","protected":false},"excerpt":{"rendered":"<p>Arizonan kosteudenkest\u00e4v\u00e4 kasvihuonetuuletin pit\u00e4\u00e4 ilman liikkeess\u00e4 kasvihuoneessasi kuumimmissakin olosuhteissa. Oikean l\u00e4mp\u00f6tilan lis\u00e4ksi kasvit tarvitsevat asianmukaista ilmankiertoa. Arizona-kasvihuonepuhaltimen eritt\u00e4in suuren kapasiteetin (460 m3 ilmaa tunnissa) ansiosta se takaa ilmanvaihdon my\u00f6s suurissa kasvihuoneissa. Samalla se on eritt\u00e4in hiljainen. Tilan s\u00e4\u00e4st\u00e4miseksi puhallin voidaan asentaa k\u00e4tev\u00e4sti kasvihuoneen kattoon. Voit s\u00e4\u00e4t\u00e4\u00e4 asennuskorkeutta. Koska Arizonan kasvihuonepuhallin on valmistettu ruostumattomasta ter\u00e4ksest\u00e4, sen k\u00e4ytt\u00f6ik\u00e4 on pitk\u00e4 jopa eritt\u00e4in kosteissa ymp\u00e4rist\u00f6iss\u00e4, ja se on&#8230;<\/p>\n","protected":false},"featured_media":18685,"template":"","meta":{"_acf_changed":false},"product_brand":[],"product_cat":[1956,1869],"product_tag":[],"class_list":{"0":"post-53757","1":"product","2":"type-product","3":"status-publish","4":"has-post-thumbnail","6":"product_cat-kasvihuoneen-ilmanvaihto","7":"product_cat-kasvihuoneen-tarvikkeet","8":"product_shipping_class-toimitus-1-3-tyopaivan-kuluessa","9":"pa_variatsioon-kasvihuoneen-tuuletin-arizona","11":"first","12":"instock","13":"sale","14":"taxable","15":"shipping-taxable","16":"purchasable","17":"product-type-simple"},"acf":[],"yoast_head":"<!-- This site is optimized with the Yoast SEO Premium plugin v27.3 (Yoast SEO v27.3) - https:\/\/yoast.com\/product\/yoast-seo-premium-wordpress\/ -->\n<title>Kasvihuoneen tuuletin Arizona - Rodoaed<\/title>\n<meta name=\"robots\" content=\"index, follow, max-snippet:-1, max-image-preview:large, max-video-preview:-1\" \/>\n<link rel=\"canonical\" href=\"https:\/\/rodoaed.ee\/fi\/toode\/kasvihuoneen-tuuletin-arizona\/\" \/>\n<meta property=\"og:locale\" content=\"fi_FI\" \/>\n<meta property=\"og:type\" content=\"article\" \/>\n<meta property=\"og:title\" content=\"Kasvihuoneen tuuletin Arizona\" \/>\n<meta property=\"og:description\" content=\"Arizonan kosteudenkest\u00e4v\u00e4 kasvihuonetuuletin pit\u00e4\u00e4 ilman liikkeess\u00e4 kasvihuoneessasi kuumimmissakin olosuhteissa. Oikean l\u00e4mp\u00f6tilan lis\u00e4ksi kasvit\" \/>\n<meta property=\"og:url\" content=\"https:\/\/rodoaed.ee\/fi\/toode\/kasvihuoneen-tuuletin-arizona\/\" \/>\n<meta property=\"og:site_name\" content=\"Rodoaed\" \/>\n<meta property=\"article:publisher\" content=\"https:\/\/www.facebook.com\/kasvuhooned\/\" \/>\n<meta property=\"article:modified_time\" content=\"2026-04-13T08:11:16+00:00\" \/>\n<meta property=\"og:image\" content=\"https:\/\/rodoaed.ee\/wp-content\/uploads\/2019\/07\/Kasvuhoone-puhur-Arizona_2.jpg\" \/>\n\t<meta property=\"og:image:width\" content=\"490\" \/>\n\t<meta property=\"og:image:height\" content=\"400\" \/>\n\t<meta property=\"og:image:type\" content=\"image\/jpeg\" \/>\n<meta name=\"twitter:card\" content=\"summary_large_image\" \/>\n<meta name=\"twitter:label1\" content=\"Arvioitu lukuaika\" \/>\n\t<meta name=\"twitter:data1\" content=\"1 minuutti\" \/>\n<script type=\"application\/ld+json\" class=\"yoast-schema-graph\">{\"@context\":\"https:\\\/\\\/schema.org\",\"@graph\":[{\"@type\":\"WebPage\",\"@id\":\"https:\\\/\\\/rodoaed.ee\\\/fi\\\/toode\\\/kasvihuoneen-tuuletin-arizona\\\/\",\"url\":\"https:\\\/\\\/rodoaed.ee\\\/fi\\\/toode\\\/kasvihuoneen-tuuletin-arizona\\\/\",\"name\":\"Kasvihuoneen tuuletin Arizona - Rodoaed\",\"isPartOf\":{\"@id\":\"https:\\\/\\\/rodoaed.ee\\\/#website\"},\"primaryImageOfPage\":{\"@id\":\"https:\\\/\\\/rodoaed.ee\\\/fi\\\/toode\\\/kasvihuoneen-tuuletin-arizona\\\/#primaryimage\"},\"image\":{\"@id\":\"https:\\\/\\\/rodoaed.ee\\\/fi\\\/toode\\\/kasvihuoneen-tuuletin-arizona\\\/#primaryimage\"},\"thumbnailUrl\":\"https:\\\/\\\/rodoaed.ee\\\/wp-content\\\/uploads\\\/2019\\\/07\\\/Kasvuhoone-puhur-Arizona_2.jpg\",\"datePublished\":\"2019-08-02T09:47:16+00:00\",\"dateModified\":\"2026-04-13T08:11:16+00:00\",\"breadcrumb\":{\"@id\":\"https:\\\/\\\/rodoaed.ee\\\/fi\\\/toode\\\/kasvihuoneen-tuuletin-arizona\\\/#breadcrumb\"},\"inLanguage\":\"fi\",\"potentialAction\":[{\"@type\":\"ReadAction\",\"target\":[\"https:\\\/\\\/rodoaed.ee\\\/fi\\\/toode\\\/kasvihuoneen-tuuletin-arizona\\\/\"]}]},{\"@type\":\"ImageObject\",\"inLanguage\":\"fi\",\"@id\":\"https:\\\/\\\/rodoaed.ee\\\/fi\\\/toode\\\/kasvihuoneen-tuuletin-arizona\\\/#primaryimage\",\"url\":\"https:\\\/\\\/rodoaed.ee\\\/wp-content\\\/uploads\\\/2019\\\/07\\\/Kasvuhoone-puhur-Arizona_2.jpg\",\"contentUrl\":\"https:\\\/\\\/rodoaed.ee\\\/wp-content\\\/uploads\\\/2019\\\/07\\\/Kasvuhoone-puhur-Arizona_2.jpg\",\"width\":490,\"height\":400},{\"@type\":\"BreadcrumbList\",\"@id\":\"https:\\\/\\\/rodoaed.ee\\\/fi\\\/toode\\\/kasvihuoneen-tuuletin-arizona\\\/#breadcrumb\",\"itemListElement\":[{\"@type\":\"ListItem\",\"position\":1,\"name\":\"Home\",\"item\":\"https:\\\/\\\/rodoaed.ee\\\/fi\\\/\"},{\"@type\":\"ListItem\",\"position\":2,\"name\":\"Osta osoitteessa\",\"item\":\"https:\\\/\\\/rodoaed.ee\\\/osta-osoitteessa\\\/\"},{\"@type\":\"ListItem\",\"position\":3,\"name\":\"Kasvihuoneen tuuletin Arizona\"}]},{\"@type\":\"WebSite\",\"@id\":\"https:\\\/\\\/rodoaed.ee\\\/#website\",\"url\":\"https:\\\/\\\/rodoaed.ee\\\/\",\"name\":\"Rodoaed\",\"description\":\"\",\"publisher\":{\"@id\":\"https:\\\/\\\/rodoaed.ee\\\/#organization\"},\"potentialAction\":[{\"@type\":\"SearchAction\",\"target\":{\"@type\":\"EntryPoint\",\"urlTemplate\":\"https:\\\/\\\/rodoaed.ee\\\/?s={search_term_string}\"},\"query-input\":{\"@type\":\"PropertyValueSpecification\",\"valueRequired\":true,\"valueName\":\"search_term_string\"}}],\"inLanguage\":\"fi\"},{\"@type\":\"Organization\",\"@id\":\"https:\\\/\\\/rodoaed.ee\\\/#organization\",\"name\":\"Rodoaed\",\"url\":\"https:\\\/\\\/rodoaed.ee\\\/\",\"logo\":{\"@type\":\"ImageObject\",\"inLanguage\":\"fi\",\"@id\":\"https:\\\/\\\/rodoaed.ee\\\/#\\\/schema\\\/logo\\\/image\\\/\",\"url\":\"https:\\\/\\\/rodoaed.ee\\\/wp-content\\\/uploads\\\/2019\\\/11\\\/rodoaed-logo-ilma-taustata.jpg\",\"contentUrl\":\"https:\\\/\\\/rodoaed.ee\\\/wp-content\\\/uploads\\\/2019\\\/11\\\/rodoaed-logo-ilma-taustata.jpg\",\"width\":769,\"height\":268,\"caption\":\"Rodoaed\"},\"image\":{\"@id\":\"https:\\\/\\\/rodoaed.ee\\\/#\\\/schema\\\/logo\\\/image\\\/\"},\"sameAs\":[\"https:\\\/\\\/www.facebook.com\\\/kasvuhooned\\\/\",\"https:\\\/\\\/rodoaed.ee\"]}]}<\/script>\n<!-- \/ Yoast SEO Premium plugin. -->","yoast_head_json":{"title":"Kasvihuoneen tuuletin Arizona - Rodoaed","robots":{"index":"index","follow":"follow","max-snippet":"max-snippet:-1","max-image-preview":"max-image-preview:large","max-video-preview":"max-video-preview:-1"},"canonical":"https:\/\/rodoaed.ee\/fi\/toode\/kasvihuoneen-tuuletin-arizona\/","og_locale":"fi_FI","og_type":"article","og_title":"Kasvihuoneen tuuletin Arizona","og_description":"Arizonan kosteudenkest\u00e4v\u00e4 kasvihuonetuuletin pit\u00e4\u00e4 ilman liikkeess\u00e4 kasvihuoneessasi kuumimmissakin olosuhteissa. Oikean l\u00e4mp\u00f6tilan lis\u00e4ksi kasvit","og_url":"https:\/\/rodoaed.ee\/fi\/toode\/kasvihuoneen-tuuletin-arizona\/","og_site_name":"Rodoaed","article_publisher":"https:\/\/www.facebook.com\/kasvuhooned\/","article_modified_time":"2026-04-13T08:11:16+00:00","og_image":[{"width":490,"height":400,"url":"https:\/\/rodoaed.ee\/wp-content\/uploads\/2019\/07\/Kasvuhoone-puhur-Arizona_2.jpg","type":"image\/jpeg"}],"twitter_card":"summary_large_image","twitter_misc":{"Arvioitu lukuaika":"1 minuutti"},"schema":{"@context":"https:\/\/schema.org","@graph":[{"@type":"WebPage","@id":"https:\/\/rodoaed.ee\/fi\/toode\/kasvihuoneen-tuuletin-arizona\/","url":"https:\/\/rodoaed.ee\/fi\/toode\/kasvihuoneen-tuuletin-arizona\/","name":"Kasvihuoneen tuuletin Arizona - Rodoaed","isPartOf":{"@id":"https:\/\/rodoaed.ee\/#website"},"primaryImageOfPage":{"@id":"https:\/\/rodoaed.ee\/fi\/toode\/kasvihuoneen-tuuletin-arizona\/#primaryimage"},"image":{"@id":"https:\/\/rodoaed.ee\/fi\/toode\/kasvihuoneen-tuuletin-arizona\/#primaryimage"},"thumbnailUrl":"https:\/\/rodoaed.ee\/wp-content\/uploads\/2019\/07\/Kasvuhoone-puhur-Arizona_2.jpg","datePublished":"2019-08-02T09:47:16+00:00","dateModified":"2026-04-13T08:11:16+00:00","breadcrumb":{"@id":"https:\/\/rodoaed.ee\/fi\/toode\/kasvihuoneen-tuuletin-arizona\/#breadcrumb"},"inLanguage":"fi","potentialAction":[{"@type":"ReadAction","target":["https:\/\/rodoaed.ee\/fi\/toode\/kasvihuoneen-tuuletin-arizona\/"]}]},{"@type":"ImageObject","inLanguage":"fi","@id":"https:\/\/rodoaed.ee\/fi\/toode\/kasvihuoneen-tuuletin-arizona\/#primaryimage","url":"https:\/\/rodoaed.ee\/wp-content\/uploads\/2019\/07\/Kasvuhoone-puhur-Arizona_2.jpg","contentUrl":"https:\/\/rodoaed.ee\/wp-content\/uploads\/2019\/07\/Kasvuhoone-puhur-Arizona_2.jpg","width":490,"height":400},{"@type":"BreadcrumbList","@id":"https:\/\/rodoaed.ee\/fi\/toode\/kasvihuoneen-tuuletin-arizona\/#breadcrumb","itemListElement":[{"@type":"ListItem","position":1,"name":"Home","item":"https:\/\/rodoaed.ee\/fi\/"},{"@type":"ListItem","position":2,"name":"Osta osoitteessa","item":"https:\/\/rodoaed.ee\/osta-osoitteessa\/"},{"@type":"ListItem","position":3,"name":"Kasvihuoneen tuuletin Arizona"}]},{"@type":"WebSite","@id":"https:\/\/rodoaed.ee\/#website","url":"https:\/\/rodoaed.ee\/","name":"Rodoaed","description":"","publisher":{"@id":"https:\/\/rodoaed.ee\/#organization"},"potentialAction":[{"@type":"SearchAction","target":{"@type":"EntryPoint","urlTemplate":"https:\/\/rodoaed.ee\/?s={search_term_string}"},"query-input":{"@type":"PropertyValueSpecification","valueRequired":true,"valueName":"search_term_string"}}],"inLanguage":"fi"},{"@type":"Organization","@id":"https:\/\/rodoaed.ee\/#organization","name":"Rodoaed","url":"https:\/\/rodoaed.ee\/","logo":{"@type":"ImageObject","inLanguage":"fi","@id":"https:\/\/rodoaed.ee\/#\/schema\/logo\/image\/","url":"https:\/\/rodoaed.ee\/wp-content\/uploads\/2019\/11\/rodoaed-logo-ilma-taustata.jpg","contentUrl":"https:\/\/rodoaed.ee\/wp-content\/uploads\/2019\/11\/rodoaed-logo-ilma-taustata.jpg","width":769,"height":268,"caption":"Rodoaed"},"image":{"@id":"https:\/\/rodoaed.ee\/#\/schema\/logo\/image\/"},"sameAs":["https:\/\/www.facebook.com\/kasvuhooned\/","https:\/\/rodoaed.ee"]}]}},"_links":{"self":[{"href":"https:\/\/rodoaed.ee\/fi\/wp-json\/wp\/v2\/product\/53757","targetHints":{"allow":["GET"]}}],"collection":[{"href":"https:\/\/rodoaed.ee\/fi\/wp-json\/wp\/v2\/product"}],"about":[{"href":"https:\/\/rodoaed.ee\/fi\/wp-json\/wp\/v2\/types\/product"}],"wp:featuredmedia":[{"embeddable":true,"href":"https:\/\/rodoaed.ee\/fi\/wp-json\/wp\/v2\/media\/18685"}],"wp:attachment":[{"href":"https:\/\/rodoaed.ee\/fi\/wp-json\/wp\/v2\/media?parent=53757"}],"wp:term":[{"taxonomy":"product_brand","embeddable":true,"href":"https:\/\/rodoaed.ee\/fi\/wp-json\/wp\/v2\/product_brand?post=53757"},{"taxonomy":"product_cat","embeddable":true,"href":"https:\/\/rodoaed.ee\/fi\/wp-json\/wp\/v2\/product_cat?post=53757"},{"taxonomy":"product_tag","embeddable":true,"href":"https:\/\/rodoaed.ee\/fi\/wp-json\/wp\/v2\/product_tag?post=53757"}],"curies":[{"name":"wp","href":"https:\/\/api.w.org\/{rel}","templated":true}]}}