{"id":53758,"date":"2019-08-02T12:47:16","date_gmt":"2019-08-02T09:47:16","guid":{"rendered":"https:\/\/rodoaed.ee\/toode\/karryn-luiska-kasvihuoneen-ovelle-2kpl\/"},"modified":"2026-04-13T11:11:16","modified_gmt":"2026-04-13T08:11:16","slug":"karryn-luiska-kasvihuoneen-ovelle-2kpl","status":"publish","type":"product","link":"https:\/\/rodoaed.ee\/fi\/tuote\/karryn-luiska-kasvihuoneen-ovelle-2kpl\/","title":{"rendered":"K\u00e4rryn luiska kasvihuoneen ovelle, 2kpl"},"content":{"rendered":"<h2>Alumiininen kottik\u00e4rry, johon p\u00e4\u00e4see helposti kasvihuoneen ovenkarmista k\u00e4sin.<\/h2>\n<p>&nbsp;<\/p>\n<p>Alumiiniramppi kiinnitetty kasvihuoneen oviaukon uriin. Mukana kaksi levy\u00e4.  <\/p>\n<p>Alumiinilevy on kevyt mutta samalla vahva ristiprofiilin ansiosta. Yl\u00e4pinnalla on liukastumisenestok\u00e4sitelty rakenne.  <\/p>\n<p>K\u00e4tev\u00e4 k\u00e4ytt\u00e4\u00e4, kun kasvihuoneeseen ja sielt\u00e4 pois kuljetaan paljon vaunuja.<\/p>\n<p>Koska luiska on valmistettu alumiiniseoksesta, se kest\u00e4\u00e4 hyvin kosteutta ja likaa ja on helppo puhdistaa.<\/p>\n<p><a href=\"https:\/\/rodoaed.ee\/fi\/\">kotisivu<\/a> <a href=\"https:\/\/rodoaed.ee\/tootekategooria\/kasvuhooned-ja-talveaiad\/\">k\u00e4ynnist\u00e4<\/a> <a href=\"https:\/\/rodoaed.ee\/fi\/tootekategooria\/euro-serren-kasvihuoneet\/\">Euro-Serre<\/a><\/p>\n<p>&nbsp;<\/p>\n","protected":false},"excerpt":{"rendered":"<p>Alumiininen kottik\u00e4rry, johon p\u00e4\u00e4see helposti kasvihuoneen ovenkarmista k\u00e4sin. &nbsp; Alumiiniramppi kiinnitetty kasvihuoneen oviaukon uriin. Mukana kaksi levy\u00e4. Alumiinilevy on kevyt mutta samalla vahva ristiprofiilin ansiosta. Yl\u00e4pinnalla on liukastumisenestok\u00e4sitelty rakenne. K\u00e4tev\u00e4 k\u00e4ytt\u00e4\u00e4, kun kasvihuoneeseen ja sielt\u00e4 pois kuljetaan paljon vaunuja. Koska luiska on valmistettu alumiiniseoksesta, se kest\u00e4\u00e4 hyvin kosteutta ja likaa ja on helppo puhdistaa. kotisivu k\u00e4ynnist\u00e4 Euro-Serre &nbsp;<\/p>\n","protected":false},"featured_media":18682,"template":"","meta":{"_acf_changed":false},"product_brand":[],"product_cat":[1907,2272],"product_tag":[],"class_list":{"0":"post-53758","1":"product","2":"type-product","3":"status-publish","4":"has-post-thumbnail","6":"product_cat-euro-serren-kasvihuoneet","7":"product_cat-euro-serre-kasvihuonetarvikkeet","8":"pa_variatsioon-karryn-luiska-kasvihuoneen-ovelle-2kpl","10":"first","11":"instock","12":"taxable","13":"shipping-taxable","14":"purchasable","15":"product-type-simple"},"acf":[],"yoast_head":"<!-- This site is optimized with the Yoast SEO Premium plugin v27.3 (Yoast SEO v27.3) - https:\/\/yoast.com\/product\/yoast-seo-premium-wordpress\/ -->\n<title>K\u00e4rryn luiska kasvihuoneen ovelle, 2kpl - Rodoaed<\/title>\n<meta name=\"robots\" content=\"index, follow, max-snippet:-1, max-image-preview:large, max-video-preview:-1\" \/>\n<link rel=\"canonical\" href=\"https:\/\/rodoaed.ee\/fi\/toode\/karryn-luiska-kasvihuoneen-ovelle-2kpl\/\" \/>\n<meta property=\"og:locale\" content=\"fi_FI\" \/>\n<meta property=\"og:type\" content=\"article\" \/>\n<meta property=\"og:title\" content=\"K\u00e4rryn luiska kasvihuoneen ovelle, 2kpl\" \/>\n<meta property=\"og:description\" content=\"Alumiininen kottik\u00e4rry, johon p\u00e4\u00e4see helposti kasvihuoneen ovenkarmista k\u00e4sin. &nbsp; Alumiiniramppi kiinnitetty kasvihuoneen oviaukon uriin. Mukana kaksi\" \/>\n<meta property=\"og:url\" content=\"https:\/\/rodoaed.ee\/fi\/toode\/karryn-luiska-kasvihuoneen-ovelle-2kpl\/\" \/>\n<meta property=\"og:site_name\" content=\"Rodoaed\" \/>\n<meta property=\"article:publisher\" content=\"https:\/\/www.facebook.com\/kasvuhooned\/\" \/>\n<meta property=\"article:modified_time\" content=\"2026-04-13T08:11:16+00:00\" \/>\n<meta property=\"og:image\" content=\"https:\/\/rodoaed.ee\/wp-content\/uploads\/2019\/07\/kasvuhoonele-k\u00e4ru-sild.jpg\" \/>\n\t<meta property=\"og:image:width\" content=\"800\" \/>\n\t<meta property=\"og:image:height\" content=\"533\" \/>\n\t<meta property=\"og:image:type\" content=\"image\/jpeg\" \/>\n<meta name=\"twitter:card\" content=\"summary_large_image\" \/>\n<script type=\"application\/ld+json\" class=\"yoast-schema-graph\">{\"@context\":\"https:\\\/\\\/schema.org\",\"@graph\":[{\"@type\":\"WebPage\",\"@id\":\"https:\\\/\\\/rodoaed.ee\\\/fi\\\/toode\\\/karryn-luiska-kasvihuoneen-ovelle-2kpl\\\/\",\"url\":\"https:\\\/\\\/rodoaed.ee\\\/fi\\\/toode\\\/karryn-luiska-kasvihuoneen-ovelle-2kpl\\\/\",\"name\":\"K\u00e4rryn luiska kasvihuoneen ovelle, 2kpl - Rodoaed\",\"isPartOf\":{\"@id\":\"https:\\\/\\\/rodoaed.ee\\\/#website\"},\"primaryImageOfPage\":{\"@id\":\"https:\\\/\\\/rodoaed.ee\\\/fi\\\/toode\\\/karryn-luiska-kasvihuoneen-ovelle-2kpl\\\/#primaryimage\"},\"image\":{\"@id\":\"https:\\\/\\\/rodoaed.ee\\\/fi\\\/toode\\\/karryn-luiska-kasvihuoneen-ovelle-2kpl\\\/#primaryimage\"},\"thumbnailUrl\":\"https:\\\/\\\/rodoaed.ee\\\/wp-content\\\/uploads\\\/2019\\\/07\\\/kasvuhoonele-k\u00e4ru-sild.jpg\",\"datePublished\":\"2019-08-02T09:47:16+00:00\",\"dateModified\":\"2026-04-13T08:11:16+00:00\",\"breadcrumb\":{\"@id\":\"https:\\\/\\\/rodoaed.ee\\\/fi\\\/toode\\\/karryn-luiska-kasvihuoneen-ovelle-2kpl\\\/#breadcrumb\"},\"inLanguage\":\"fi\",\"potentialAction\":[{\"@type\":\"ReadAction\",\"target\":[\"https:\\\/\\\/rodoaed.ee\\\/fi\\\/toode\\\/karryn-luiska-kasvihuoneen-ovelle-2kpl\\\/\"]}]},{\"@type\":\"ImageObject\",\"inLanguage\":\"fi\",\"@id\":\"https:\\\/\\\/rodoaed.ee\\\/fi\\\/toode\\\/karryn-luiska-kasvihuoneen-ovelle-2kpl\\\/#primaryimage\",\"url\":\"https:\\\/\\\/rodoaed.ee\\\/wp-content\\\/uploads\\\/2019\\\/07\\\/kasvuhoonele-k\u00e4ru-sild.jpg\",\"contentUrl\":\"https:\\\/\\\/rodoaed.ee\\\/wp-content\\\/uploads\\\/2019\\\/07\\\/kasvuhoonele-k\u00e4ru-sild.jpg\",\"width\":800,\"height\":533},{\"@type\":\"BreadcrumbList\",\"@id\":\"https:\\\/\\\/rodoaed.ee\\\/fi\\\/toode\\\/karryn-luiska-kasvihuoneen-ovelle-2kpl\\\/#breadcrumb\",\"itemListElement\":[{\"@type\":\"ListItem\",\"position\":1,\"name\":\"Home\",\"item\":\"https:\\\/\\\/rodoaed.ee\\\/fi\\\/\"},{\"@type\":\"ListItem\",\"position\":2,\"name\":\"Osta osoitteessa\",\"item\":\"https:\\\/\\\/rodoaed.ee\\\/osta-osoitteessa\\\/\"},{\"@type\":\"ListItem\",\"position\":3,\"name\":\"K\u00e4rryn luiska kasvihuoneen ovelle, 2kpl\"}]},{\"@type\":\"WebSite\",\"@id\":\"https:\\\/\\\/rodoaed.ee\\\/#website\",\"url\":\"https:\\\/\\\/rodoaed.ee\\\/\",\"name\":\"Rodoaed\",\"description\":\"\",\"publisher\":{\"@id\":\"https:\\\/\\\/rodoaed.ee\\\/#organization\"},\"potentialAction\":[{\"@type\":\"SearchAction\",\"target\":{\"@type\":\"EntryPoint\",\"urlTemplate\":\"https:\\\/\\\/rodoaed.ee\\\/?s={search_term_string}\"},\"query-input\":{\"@type\":\"PropertyValueSpecification\",\"valueRequired\":true,\"valueName\":\"search_term_string\"}}],\"inLanguage\":\"fi\"},{\"@type\":\"Organization\",\"@id\":\"https:\\\/\\\/rodoaed.ee\\\/#organization\",\"name\":\"Rodoaed\",\"url\":\"https:\\\/\\\/rodoaed.ee\\\/\",\"logo\":{\"@type\":\"ImageObject\",\"inLanguage\":\"fi\",\"@id\":\"https:\\\/\\\/rodoaed.ee\\\/#\\\/schema\\\/logo\\\/image\\\/\",\"url\":\"https:\\\/\\\/rodoaed.ee\\\/wp-content\\\/uploads\\\/2019\\\/11\\\/rodoaed-logo-ilma-taustata.jpg\",\"contentUrl\":\"https:\\\/\\\/rodoaed.ee\\\/wp-content\\\/uploads\\\/2019\\\/11\\\/rodoaed-logo-ilma-taustata.jpg\",\"width\":769,\"height\":268,\"caption\":\"Rodoaed\"},\"image\":{\"@id\":\"https:\\\/\\\/rodoaed.ee\\\/#\\\/schema\\\/logo\\\/image\\\/\"},\"sameAs\":[\"https:\\\/\\\/www.facebook.com\\\/kasvuhooned\\\/\",\"https:\\\/\\\/rodoaed.ee\"]}]}<\/script>\n<!-- \/ Yoast SEO Premium plugin. -->","yoast_head_json":{"title":"K\u00e4rryn luiska kasvihuoneen ovelle, 2kpl - Rodoaed","robots":{"index":"index","follow":"follow","max-snippet":"max-snippet:-1","max-image-preview":"max-image-preview:large","max-video-preview":"max-video-preview:-1"},"canonical":"https:\/\/rodoaed.ee\/fi\/toode\/karryn-luiska-kasvihuoneen-ovelle-2kpl\/","og_locale":"fi_FI","og_type":"article","og_title":"K\u00e4rryn luiska kasvihuoneen ovelle, 2kpl","og_description":"Alumiininen kottik\u00e4rry, johon p\u00e4\u00e4see helposti kasvihuoneen ovenkarmista k\u00e4sin. &nbsp; Alumiiniramppi kiinnitetty kasvihuoneen oviaukon uriin. Mukana kaksi","og_url":"https:\/\/rodoaed.ee\/fi\/toode\/karryn-luiska-kasvihuoneen-ovelle-2kpl\/","og_site_name":"Rodoaed","article_publisher":"https:\/\/www.facebook.com\/kasvuhooned\/","article_modified_time":"2026-04-13T08:11:16+00:00","og_image":[{"width":800,"height":533,"url":"https:\/\/rodoaed.ee\/wp-content\/uploads\/2019\/07\/kasvuhoonele-k\u00e4ru-sild.jpg","type":"image\/jpeg"}],"twitter_card":"summary_large_image","schema":{"@context":"https:\/\/schema.org","@graph":[{"@type":"WebPage","@id":"https:\/\/rodoaed.ee\/fi\/toode\/karryn-luiska-kasvihuoneen-ovelle-2kpl\/","url":"https:\/\/rodoaed.ee\/fi\/toode\/karryn-luiska-kasvihuoneen-ovelle-2kpl\/","name":"K\u00e4rryn luiska kasvihuoneen ovelle, 2kpl - Rodoaed","isPartOf":{"@id":"https:\/\/rodoaed.ee\/#website"},"primaryImageOfPage":{"@id":"https:\/\/rodoaed.ee\/fi\/toode\/karryn-luiska-kasvihuoneen-ovelle-2kpl\/#primaryimage"},"image":{"@id":"https:\/\/rodoaed.ee\/fi\/toode\/karryn-luiska-kasvihuoneen-ovelle-2kpl\/#primaryimage"},"thumbnailUrl":"https:\/\/rodoaed.ee\/wp-content\/uploads\/2019\/07\/kasvuhoonele-k\u00e4ru-sild.jpg","datePublished":"2019-08-02T09:47:16+00:00","dateModified":"2026-04-13T08:11:16+00:00","breadcrumb":{"@id":"https:\/\/rodoaed.ee\/fi\/toode\/karryn-luiska-kasvihuoneen-ovelle-2kpl\/#breadcrumb"},"inLanguage":"fi","potentialAction":[{"@type":"ReadAction","target":["https:\/\/rodoaed.ee\/fi\/toode\/karryn-luiska-kasvihuoneen-ovelle-2kpl\/"]}]},{"@type":"ImageObject","inLanguage":"fi","@id":"https:\/\/rodoaed.ee\/fi\/toode\/karryn-luiska-kasvihuoneen-ovelle-2kpl\/#primaryimage","url":"https:\/\/rodoaed.ee\/wp-content\/uploads\/2019\/07\/kasvuhoonele-k\u00e4ru-sild.jpg","contentUrl":"https:\/\/rodoaed.ee\/wp-content\/uploads\/2019\/07\/kasvuhoonele-k\u00e4ru-sild.jpg","width":800,"height":533},{"@type":"BreadcrumbList","@id":"https:\/\/rodoaed.ee\/fi\/toode\/karryn-luiska-kasvihuoneen-ovelle-2kpl\/#breadcrumb","itemListElement":[{"@type":"ListItem","position":1,"name":"Home","item":"https:\/\/rodoaed.ee\/fi\/"},{"@type":"ListItem","position":2,"name":"Osta osoitteessa","item":"https:\/\/rodoaed.ee\/osta-osoitteessa\/"},{"@type":"ListItem","position":3,"name":"K\u00e4rryn luiska kasvihuoneen ovelle, 2kpl"}]},{"@type":"WebSite","@id":"https:\/\/rodoaed.ee\/#website","url":"https:\/\/rodoaed.ee\/","name":"Rodoaed","description":"","publisher":{"@id":"https:\/\/rodoaed.ee\/#organization"},"potentialAction":[{"@type":"SearchAction","target":{"@type":"EntryPoint","urlTemplate":"https:\/\/rodoaed.ee\/?s={search_term_string}"},"query-input":{"@type":"PropertyValueSpecification","valueRequired":true,"valueName":"search_term_string"}}],"inLanguage":"fi"},{"@type":"Organization","@id":"https:\/\/rodoaed.ee\/#organization","name":"Rodoaed","url":"https:\/\/rodoaed.ee\/","logo":{"@type":"ImageObject","inLanguage":"fi","@id":"https:\/\/rodoaed.ee\/#\/schema\/logo\/image\/","url":"https:\/\/rodoaed.ee\/wp-content\/uploads\/2019\/11\/rodoaed-logo-ilma-taustata.jpg","contentUrl":"https:\/\/rodoaed.ee\/wp-content\/uploads\/2019\/11\/rodoaed-logo-ilma-taustata.jpg","width":769,"height":268,"caption":"Rodoaed"},"image":{"@id":"https:\/\/rodoaed.ee\/#\/schema\/logo\/image\/"},"sameAs":["https:\/\/www.facebook.com\/kasvuhooned\/","https:\/\/rodoaed.ee"]}]}},"_links":{"self":[{"href":"https:\/\/rodoaed.ee\/fi\/wp-json\/wp\/v2\/product\/53758","targetHints":{"allow":["GET"]}}],"collection":[{"href":"https:\/\/rodoaed.ee\/fi\/wp-json\/wp\/v2\/product"}],"about":[{"href":"https:\/\/rodoaed.ee\/fi\/wp-json\/wp\/v2\/types\/product"}],"wp:featuredmedia":[{"embeddable":true,"href":"https:\/\/rodoaed.ee\/fi\/wp-json\/wp\/v2\/media\/18682"}],"wp:attachment":[{"href":"https:\/\/rodoaed.ee\/fi\/wp-json\/wp\/v2\/media?parent=53758"}],"wp:term":[{"taxonomy":"product_brand","embeddable":true,"href":"https:\/\/rodoaed.ee\/fi\/wp-json\/wp\/v2\/product_brand?post=53758"},{"taxonomy":"product_cat","embeddable":true,"href":"https:\/\/rodoaed.ee\/fi\/wp-json\/wp\/v2\/product_cat?post=53758"},{"taxonomy":"product_tag","embeddable":true,"href":"https:\/\/rodoaed.ee\/fi\/wp-json\/wp\/v2\/product_tag?post=53758"}],"curies":[{"name":"wp","href":"https:\/\/api.w.org\/{rel}","templated":true}]}}