{"id":53760,"date":"2019-08-02T12:47:16","date_gmt":"2019-08-02T09:47:16","guid":{"rendered":"https:\/\/rodoaed.ee\/toode\/ultra-kosteutta-siirtavat-tyynyt-6kpl\/"},"modified":"2026-04-13T11:11:18","modified_gmt":"2026-04-13T08:11:18","slug":"ultra-kosteutta-siirtavat-tyynyt-6kpl","status":"publish","type":"product","link":"https:\/\/rodoaed.ee\/fi\/tuote\/ultra-kosteutta-siirtavat-tyynyt-6kpl\/","title":{"rendered":"Ultra kosteutta siirt\u00e4v\u00e4t tyynyt &#8211; 6kpl"},"content":{"rendered":"<h3>Utran kosteat tyynyt sis\u00e4lt\u00e4v\u00e4t vett\u00e4 sitovia polymeerikiteit\u00e4, ja itse tyynyt ovat luonnollisesti hajoavia &#8221;teepaketteja&#8221;. Polymeeri sitoo jopa 200 kertaa enemm\u00e4n vett\u00e4 jopa 3 viikon ajan. <\/h3>\n<p>Tyynyt v\u00e4hent\u00e4v\u00e4t kasvien vedentarvetta 50 prosenttia, ja itse tyynyjen k\u00e4ytt\u00f6 kest\u00e4\u00e4 useita kasvukausia. Materiaali on ymp\u00e4rist\u00f6yst\u00e4v\u00e4llist\u00e4. Ihanteellinen k\u00e4ytett\u00e4v\u00e4ksi kukkaruukuissa, riippuruukuissa, vihannespenkiss\u00e4 sek\u00e4 puiden ja pensaiden juurien ymp\u00e4rill\u00e4.  <\/p>\n<p>Tyynyt ovat valmiita annoksia. Setti sis\u00e4lt\u00e4\u00e4 6 tyyny\u00e4. Yksi tyyny sopii k\u00e4ytett\u00e4v\u00e4ksi kasviruukussa, jonka halkaisija on n. 25 cm, tai n. 1 m korkeassa puussa tai pensaassa. Lis\u00e4\u00e4 m\u00e4\u00e4r\u00e4\u00e4 ruukun koon tai kasvin koon mukaan. Lis\u00e4\u00e4 vain tarvittava m\u00e4\u00e4r\u00e4 tyynyj\u00e4 istutusruukun pohjalle tai pensaan istutusaukkoon. Tyynyjen tulee olla juurten tasolla &#8211; \u00e4l\u00e4 aseta niit\u00e4 ruukun yl\u00e4osaan tai maan pinnalle.     <\/p>\n<p><img loading=\"lazy\" decoding=\"async\" class=\"alignnone wp-image-6142\" src=\"https:\/\/www.rodoaed.ee\/wp-content\/uploads\/2013\/06\/kastmispadi_2.jpg\" alt=\"\" width=\"250\" height=\"150\"><\/p>\n","protected":false},"excerpt":{"rendered":"<p>Utran kosteat tyynyt sis\u00e4lt\u00e4v\u00e4t vett\u00e4 sitovia polymeerikiteit\u00e4, ja itse tyynyt ovat luonnollisesti hajoavia &#8221;teepaketteja&#8221;. Polymeeri sitoo jopa 200 kertaa enemm\u00e4n vett\u00e4 jopa 3 viikon ajan. Tyynyt v\u00e4hent\u00e4v\u00e4t kasvien vedentarvetta 50 prosenttia, ja itse tyynyjen k\u00e4ytt\u00f6 kest\u00e4\u00e4 useita kasvukausia. Materiaali on ymp\u00e4rist\u00f6yst\u00e4v\u00e4llist\u00e4. Ihanteellinen k\u00e4ytett\u00e4v\u00e4ksi kukkaruukuissa, riippuruukuissa, vihannespenkiss\u00e4 sek\u00e4 puiden ja pensaiden juurien ymp\u00e4rill\u00e4. Tyynyt ovat valmiita annoksia. Setti sis\u00e4lt\u00e4\u00e4 6 tyyny\u00e4. Yksi tyyny sopii k\u00e4ytett\u00e4v\u00e4ksi kasviruukussa,&#8230;<\/p>\n","protected":false},"featured_media":36283,"template":"","meta":{"_acf_changed":false},"product_brand":[],"product_cat":[1866,1984],"product_tag":[],"class_list":{"0":"post-53760","1":"product","2":"type-product","3":"status-publish","4":"has-post-thumbnail","6":"product_cat-huonekasvien-ja-ikkunalaatikoiden-kastelu","7":"product_cat-kastijarjestelmat","8":"product_shipping_class-toimitus-1-3-tyopaivan-kuluessa","9":"pa_variatsioon-ultra-kosteutta-siirtavat-tyynyt-6kpl","11":"first","12":"outofstock","13":"sale","14":"taxable","15":"shipping-taxable","16":"purchasable","17":"product-type-simple"},"acf":[],"yoast_head":"<!-- This site is optimized with the Yoast SEO Premium plugin v27.3 (Yoast SEO v27.3) - https:\/\/yoast.com\/product\/yoast-seo-premium-wordpress\/ -->\n<title>Ultra kosteutta siirt\u00e4v\u00e4t tyynyt - 6kpl - Rodoaed<\/title>\n<meta name=\"robots\" content=\"index, follow, max-snippet:-1, max-image-preview:large, max-video-preview:-1\" \/>\n<link rel=\"canonical\" href=\"https:\/\/rodoaed.ee\/toode\/ultra-kosteutta-siirtavat-tyynyt-6kpl\/\" \/>\n<meta property=\"og:locale\" content=\"fi_FI\" \/>\n<meta property=\"og:type\" content=\"article\" \/>\n<meta property=\"og:title\" content=\"Ultra kosteutta siirt\u00e4v\u00e4t tyynyt - 6kpl\" \/>\n<meta property=\"og:description\" content=\"Utran kosteat tyynyt sis\u00e4lt\u00e4v\u00e4t vett\u00e4 sitovia polymeerikiteit\u00e4, ja itse tyynyt ovat luonnollisesti hajoavia &quot;teepaketteja&quot;. Polymeeri sitoo jopa 200\" \/>\n<meta property=\"og:url\" content=\"https:\/\/rodoaed.ee\/toode\/ultra-kosteutta-siirtavat-tyynyt-6kpl\/\" \/>\n<meta property=\"og:site_name\" content=\"Rodoaed\" \/>\n<meta property=\"article:publisher\" content=\"https:\/\/www.facebook.com\/kasvuhooned\/\" \/>\n<meta property=\"article:modified_time\" content=\"2026-04-13T08:11:18+00:00\" \/>\n<meta name=\"twitter:card\" content=\"summary_large_image\" \/>\n<meta name=\"twitter:label1\" content=\"Arvioitu lukuaika\" \/>\n\t<meta name=\"twitter:data1\" content=\"1 minuutti\" \/>\n<script type=\"application\/ld+json\" class=\"yoast-schema-graph\">{\"@context\":\"https:\\\/\\\/schema.org\",\"@graph\":[{\"@type\":\"WebPage\",\"@id\":\"https:\\\/\\\/rodoaed.ee\\\/toode\\\/ultra-kosteutta-siirtavat-tyynyt-6kpl\\\/\",\"url\":\"https:\\\/\\\/rodoaed.ee\\\/toode\\\/ultra-kosteutta-siirtavat-tyynyt-6kpl\\\/\",\"name\":\"Ultra kosteutta siirt\u00e4v\u00e4t tyynyt - 6kpl - Rodoaed\",\"isPartOf\":{\"@id\":\"https:\\\/\\\/rodoaed.ee\\\/#website\"},\"primaryImageOfPage\":{\"@id\":\"https:\\\/\\\/rodoaed.ee\\\/toode\\\/ultra-kosteutta-siirtavat-tyynyt-6kpl\\\/#primaryimage\"},\"image\":{\"@id\":\"https:\\\/\\\/rodoaed.ee\\\/toode\\\/ultra-kosteutta-siirtavat-tyynyt-6kpl\\\/#primaryimage\"},\"thumbnailUrl\":\"https:\\\/\\\/rodoaed.ee\\\/wp-content\\\/uploads\\\/2019\\\/08\\\/hu-set-1.jpg\",\"datePublished\":\"2019-08-02T09:47:16+00:00\",\"dateModified\":\"2026-04-13T08:11:18+00:00\",\"breadcrumb\":{\"@id\":\"https:\\\/\\\/rodoaed.ee\\\/toode\\\/ultra-kosteutta-siirtavat-tyynyt-6kpl\\\/#breadcrumb\"},\"inLanguage\":\"fi\",\"potentialAction\":[{\"@type\":\"ReadAction\",\"target\":[\"https:\\\/\\\/rodoaed.ee\\\/toode\\\/ultra-kosteutta-siirtavat-tyynyt-6kpl\\\/\"]}]},{\"@type\":\"ImageObject\",\"inLanguage\":\"fi\",\"@id\":\"https:\\\/\\\/rodoaed.ee\\\/toode\\\/ultra-kosteutta-siirtavat-tyynyt-6kpl\\\/#primaryimage\",\"url\":\"https:\\\/\\\/rodoaed.ee\\\/wp-content\\\/uploads\\\/2019\\\/08\\\/hu-set-1.jpg\",\"contentUrl\":\"https:\\\/\\\/rodoaed.ee\\\/wp-content\\\/uploads\\\/2019\\\/08\\\/hu-set-1.jpg\",\"width\":1200,\"height\":1200},{\"@type\":\"BreadcrumbList\",\"@id\":\"https:\\\/\\\/rodoaed.ee\\\/toode\\\/ultra-kosteutta-siirtavat-tyynyt-6kpl\\\/#breadcrumb\",\"itemListElement\":[{\"@type\":\"ListItem\",\"position\":1,\"name\":\"Home\",\"item\":\"https:\\\/\\\/rodoaed.ee\\\/fi\\\/\"},{\"@type\":\"ListItem\",\"position\":2,\"name\":\"Osta osoitteessa\",\"item\":\"https:\\\/\\\/rodoaed.ee\\\/osta-osoitteessa\\\/\"},{\"@type\":\"ListItem\",\"position\":3,\"name\":\"Ultra kosteutta siirt\u00e4v\u00e4t tyynyt &#8211; 6kpl\"}]},{\"@type\":\"WebSite\",\"@id\":\"https:\\\/\\\/rodoaed.ee\\\/#website\",\"url\":\"https:\\\/\\\/rodoaed.ee\\\/\",\"name\":\"Rodoaed\",\"description\":\"\",\"publisher\":{\"@id\":\"https:\\\/\\\/rodoaed.ee\\\/#organization\"},\"potentialAction\":[{\"@type\":\"SearchAction\",\"target\":{\"@type\":\"EntryPoint\",\"urlTemplate\":\"https:\\\/\\\/rodoaed.ee\\\/?s={search_term_string}\"},\"query-input\":{\"@type\":\"PropertyValueSpecification\",\"valueRequired\":true,\"valueName\":\"search_term_string\"}}],\"inLanguage\":\"fi\"},{\"@type\":\"Organization\",\"@id\":\"https:\\\/\\\/rodoaed.ee\\\/#organization\",\"name\":\"Rodoaed\",\"url\":\"https:\\\/\\\/rodoaed.ee\\\/\",\"logo\":{\"@type\":\"ImageObject\",\"inLanguage\":\"fi\",\"@id\":\"https:\\\/\\\/rodoaed.ee\\\/#\\\/schema\\\/logo\\\/image\\\/\",\"url\":\"https:\\\/\\\/rodoaed.ee\\\/wp-content\\\/uploads\\\/2019\\\/11\\\/rodoaed-logo-ilma-taustata.jpg\",\"contentUrl\":\"https:\\\/\\\/rodoaed.ee\\\/wp-content\\\/uploads\\\/2019\\\/11\\\/rodoaed-logo-ilma-taustata.jpg\",\"width\":769,\"height\":268,\"caption\":\"Rodoaed\"},\"image\":{\"@id\":\"https:\\\/\\\/rodoaed.ee\\\/#\\\/schema\\\/logo\\\/image\\\/\"},\"sameAs\":[\"https:\\\/\\\/www.facebook.com\\\/kasvuhooned\\\/\",\"https:\\\/\\\/rodoaed.ee\"]}]}<\/script>\n<!-- \/ Yoast SEO Premium plugin. -->","yoast_head_json":{"title":"Ultra kosteutta siirt\u00e4v\u00e4t tyynyt - 6kpl - Rodoaed","robots":{"index":"index","follow":"follow","max-snippet":"max-snippet:-1","max-image-preview":"max-image-preview:large","max-video-preview":"max-video-preview:-1"},"canonical":"https:\/\/rodoaed.ee\/toode\/ultra-kosteutta-siirtavat-tyynyt-6kpl\/","og_locale":"fi_FI","og_type":"article","og_title":"Ultra kosteutta siirt\u00e4v\u00e4t tyynyt - 6kpl","og_description":"Utran kosteat tyynyt sis\u00e4lt\u00e4v\u00e4t vett\u00e4 sitovia polymeerikiteit\u00e4, ja itse tyynyt ovat luonnollisesti hajoavia \"teepaketteja\". Polymeeri sitoo jopa 200","og_url":"https:\/\/rodoaed.ee\/toode\/ultra-kosteutta-siirtavat-tyynyt-6kpl\/","og_site_name":"Rodoaed","article_publisher":"https:\/\/www.facebook.com\/kasvuhooned\/","article_modified_time":"2026-04-13T08:11:18+00:00","twitter_card":"summary_large_image","twitter_misc":{"Arvioitu lukuaika":"1 minuutti"},"schema":{"@context":"https:\/\/schema.org","@graph":[{"@type":"WebPage","@id":"https:\/\/rodoaed.ee\/toode\/ultra-kosteutta-siirtavat-tyynyt-6kpl\/","url":"https:\/\/rodoaed.ee\/toode\/ultra-kosteutta-siirtavat-tyynyt-6kpl\/","name":"Ultra kosteutta siirt\u00e4v\u00e4t tyynyt - 6kpl - Rodoaed","isPartOf":{"@id":"https:\/\/rodoaed.ee\/#website"},"primaryImageOfPage":{"@id":"https:\/\/rodoaed.ee\/toode\/ultra-kosteutta-siirtavat-tyynyt-6kpl\/#primaryimage"},"image":{"@id":"https:\/\/rodoaed.ee\/toode\/ultra-kosteutta-siirtavat-tyynyt-6kpl\/#primaryimage"},"thumbnailUrl":"https:\/\/rodoaed.ee\/wp-content\/uploads\/2019\/08\/hu-set-1.jpg","datePublished":"2019-08-02T09:47:16+00:00","dateModified":"2026-04-13T08:11:18+00:00","breadcrumb":{"@id":"https:\/\/rodoaed.ee\/toode\/ultra-kosteutta-siirtavat-tyynyt-6kpl\/#breadcrumb"},"inLanguage":"fi","potentialAction":[{"@type":"ReadAction","target":["https:\/\/rodoaed.ee\/toode\/ultra-kosteutta-siirtavat-tyynyt-6kpl\/"]}]},{"@type":"ImageObject","inLanguage":"fi","@id":"https:\/\/rodoaed.ee\/toode\/ultra-kosteutta-siirtavat-tyynyt-6kpl\/#primaryimage","url":"https:\/\/rodoaed.ee\/wp-content\/uploads\/2019\/08\/hu-set-1.jpg","contentUrl":"https:\/\/rodoaed.ee\/wp-content\/uploads\/2019\/08\/hu-set-1.jpg","width":1200,"height":1200},{"@type":"BreadcrumbList","@id":"https:\/\/rodoaed.ee\/toode\/ultra-kosteutta-siirtavat-tyynyt-6kpl\/#breadcrumb","itemListElement":[{"@type":"ListItem","position":1,"name":"Home","item":"https:\/\/rodoaed.ee\/fi\/"},{"@type":"ListItem","position":2,"name":"Osta osoitteessa","item":"https:\/\/rodoaed.ee\/osta-osoitteessa\/"},{"@type":"ListItem","position":3,"name":"Ultra kosteutta siirt\u00e4v\u00e4t tyynyt &#8211; 6kpl"}]},{"@type":"WebSite","@id":"https:\/\/rodoaed.ee\/#website","url":"https:\/\/rodoaed.ee\/","name":"Rodoaed","description":"","publisher":{"@id":"https:\/\/rodoaed.ee\/#organization"},"potentialAction":[{"@type":"SearchAction","target":{"@type":"EntryPoint","urlTemplate":"https:\/\/rodoaed.ee\/?s={search_term_string}"},"query-input":{"@type":"PropertyValueSpecification","valueRequired":true,"valueName":"search_term_string"}}],"inLanguage":"fi"},{"@type":"Organization","@id":"https:\/\/rodoaed.ee\/#organization","name":"Rodoaed","url":"https:\/\/rodoaed.ee\/","logo":{"@type":"ImageObject","inLanguage":"fi","@id":"https:\/\/rodoaed.ee\/#\/schema\/logo\/image\/","url":"https:\/\/rodoaed.ee\/wp-content\/uploads\/2019\/11\/rodoaed-logo-ilma-taustata.jpg","contentUrl":"https:\/\/rodoaed.ee\/wp-content\/uploads\/2019\/11\/rodoaed-logo-ilma-taustata.jpg","width":769,"height":268,"caption":"Rodoaed"},"image":{"@id":"https:\/\/rodoaed.ee\/#\/schema\/logo\/image\/"},"sameAs":["https:\/\/www.facebook.com\/kasvuhooned\/","https:\/\/rodoaed.ee"]}]}},"_links":{"self":[{"href":"https:\/\/rodoaed.ee\/fi\/wp-json\/wp\/v2\/product\/53760","targetHints":{"allow":["GET"]}}],"collection":[{"href":"https:\/\/rodoaed.ee\/fi\/wp-json\/wp\/v2\/product"}],"about":[{"href":"https:\/\/rodoaed.ee\/fi\/wp-json\/wp\/v2\/types\/product"}],"wp:featuredmedia":[{"embeddable":true,"href":"https:\/\/rodoaed.ee\/fi\/wp-json\/wp\/v2\/media\/36283"}],"wp:attachment":[{"href":"https:\/\/rodoaed.ee\/fi\/wp-json\/wp\/v2\/media?parent=53760"}],"wp:term":[{"taxonomy":"product_brand","embeddable":true,"href":"https:\/\/rodoaed.ee\/fi\/wp-json\/wp\/v2\/product_brand?post=53760"},{"taxonomy":"product_cat","embeddable":true,"href":"https:\/\/rodoaed.ee\/fi\/wp-json\/wp\/v2\/product_cat?post=53760"},{"taxonomy":"product_tag","embeddable":true,"href":"https:\/\/rodoaed.ee\/fi\/wp-json\/wp\/v2\/product_tag?post=53760"}],"curies":[{"name":"wp","href":"https:\/\/api.w.org\/{rel}","templated":true}]}}